{"id":627,"date":"2017-05-08T23:06:52","date_gmt":"2017-05-08T23:06:52","guid":{"rendered":"https:\/\/centreest.ca\/accueil\/?page_id=627&#038;lang=fr"},"modified":"2025-12-12T11:07:05","modified_gmt":"2025-12-12T18:07:05","slug":"statut-dautobus","status":"publish","type":"page","link":"https:\/\/centreest.ca\/accueil\/statut-dautobus\/","title":{"rendered":"Statut d&#8217;autobus \/ GPS"},"content":{"rendered":"<div class=\"wpb-content-wrapper\"><p>[vc_row][vc_column width=&#8221;1\/4&#8243;][vc_wp_custommenu nav_menu=&#8221;99&#8243;][\/vc_column][vc_column width=&#8221;1\/2&#8243;][vc_empty_space][vc_column_text css=&#8221;&#8221;]<\/p>\n<h3><span style=\"color: #92c932;\">Nous sommes le premier Conseil scolaire de la province \u00e0 utiliser le nouveau syst\u00e8me Traversa, My Ride K-12 et Go9 GPS qui permet aux parents de v\u00e9rifier toutes informations pertinentes en ce qui concerne le d\u00e9placement de l\u2019autobus, l\u2019adresse de l\u2019arr\u00eat et l&#8217;heure d\u2019arriv\u00e9e pr\u00e9vue de leur enfant.<\/span><\/h3>\n<p>[\/vc_column_text][vc_separator][vc_column_text css=&#8221;&#8221;]<\/p>\n<h2>Contracteur<\/h2>\n<div><\/div>\n<div><strong>Avenir Bus Lines\u00a0 \u00a0 \u00a0 \u00a0 \u00a0 <\/strong>Lac La Biche \/ Plamondon<\/div>\n<div><\/div>\n<div><strong>Krues Bussing\u00a0 \u00a0 \u00a0 \u00a0 \u00a0 \u00a0 \u00a0 \u00a0<\/strong>Bonnyville\/St-Paul<\/div>\n<div><\/div>\n<div><strong>Cold Lake Bus Lines\u00a0 \u00a0 <\/strong>Cold Lake<\/div>\n<div><\/div>\n<p>[\/vc_column_text][vc_separator][\/vc_column][vc_column width=&#8221;1\/4&#8243;][vc_empty_space height=&#8221;25px&#8221;][vc_column_text css=&#8221;&#8221;]<img loading=\"lazy\" decoding=\"async\" class=\"aligncenter size-full wp-image-24790\" src=\"https:\/\/centreest.ca\/accueil\/wp-content\/uploads\/2024\/07\/MyRideK-12.png\" alt=\"\" width=\"512\" height=\"512\" srcset=\"https:\/\/centreest.ca\/accueil\/wp-content\/uploads\/2024\/07\/MyRideK-12.png 512w, https:\/\/centreest.ca\/accueil\/wp-content\/uploads\/2024\/07\/MyRideK-12-300x300.png 300w, https:\/\/centreest.ca\/accueil\/wp-content\/uploads\/2024\/07\/MyRideK-12-150x150.png 150w, https:\/\/centreest.ca\/accueil\/wp-content\/uploads\/2024\/07\/MyRideK-12-102x102.png 102w, https:\/\/centreest.ca\/accueil\/wp-content\/uploads\/2024\/07\/MyRideK-12-264x264.png 264w, https:\/\/centreest.ca\/accueil\/wp-content\/uploads\/2024\/07\/MyRideK-12-400x400.png 400w\" sizes=\"auto, (max-width: 512px) 100vw, 512px\" \/>[\/vc_column_text][vc_empty_space height=&#8221;25px&#8221;][vc_empty_space height=&#8221;25px&#8221;][vc_empty_space height=&#8221;25px&#8221;][vc_empty_space height=&#8221;25px&#8221;][\/vc_column][\/vc_row][vc_row][vc_column width=&#8221;1\/4&#8243;][\/vc_column][vc_column width=&#8221;3\/4&#8243;][vc_column_text css=&#8221;&#8221;]<img loading=\"lazy\" decoding=\"async\" class=\"aligncenter size-full wp-image-24788\" src=\"https:\/\/centreest.ca\/accueil\/wp-content\/uploads\/2024\/07\/Francais-My-Ride-K-12-NOUVEAU.png\" alt=\"\" width=\"2000\" height=\"2000\" srcset=\"https:\/\/centreest.ca\/accueil\/wp-content\/uploads\/2024\/07\/Francais-My-Ride-K-12-NOUVEAU.png 2000w, https:\/\/centreest.ca\/accueil\/wp-content\/uploads\/2024\/07\/Francais-My-Ride-K-12-NOUVEAU-300x300.png 300w, https:\/\/centreest.ca\/accueil\/wp-content\/uploads\/2024\/07\/Francais-My-Ride-K-12-NOUVEAU-1024x1024.png 1024w, https:\/\/centreest.ca\/accueil\/wp-content\/uploads\/2024\/07\/Francais-My-Ride-K-12-NOUVEAU-150x150.png 150w, https:\/\/centreest.ca\/accueil\/wp-content\/uploads\/2024\/07\/Francais-My-Ride-K-12-NOUVEAU-768x768.png 768w, https:\/\/centreest.ca\/accueil\/wp-content\/uploads\/2024\/07\/Francais-My-Ride-K-12-NOUVEAU-1536x1536.png 1536w, https:\/\/centreest.ca\/accueil\/wp-content\/uploads\/2024\/07\/Francais-My-Ride-K-12-NOUVEAU-102x102.png 102w, https:\/\/centreest.ca\/accueil\/wp-content\/uploads\/2024\/07\/Francais-My-Ride-K-12-NOUVEAU-264x264.png 264w, https:\/\/centreest.ca\/accueil\/wp-content\/uploads\/2024\/07\/Francais-My-Ride-K-12-NOUVEAU-400x400.png 400w\" sizes=\"auto, (max-width: 2000px) 100vw, 2000px\" \/>[\/vc_column_text][vc_empty_space][vc_column_text css=&#8221;&#8221;]<\/p>\n<h1><a href=\"https:\/\/centreest.ca\/accueil\/annonce-direction-des-services-educatifs\/\" target=\"_blank\" rel=\"noopener\">Instructions pour les parents:<\/a><br \/>\nGuide pour l&#8217;application mobile et le site web de My Ride K-12<\/h1>\n<p>[\/vc_column_text][vc_empty_space][vc_column_text css=&#8221;&#8221;]<a href=\"https:\/\/centreest.ca\/accueil\/wp-content\/uploads\/2025\/12\/CSCE_transport_FR-2025-2026-scaled.png\"><img loading=\"lazy\" decoding=\"async\" class=\"aligncenter size-full wp-image-27856\" src=\"https:\/\/centreest.ca\/accueil\/wp-content\/uploads\/2025\/12\/CSCE_transport_FR-2025-2026-scaled.png\" alt=\"\" width=\"2149\" height=\"2560\" srcset=\"https:\/\/centreest.ca\/accueil\/wp-content\/uploads\/2025\/12\/CSCE_transport_FR-2025-2026-scaled.png 2149w, https:\/\/centreest.ca\/accueil\/wp-content\/uploads\/2025\/12\/CSCE_transport_FR-2025-2026-252x300.png 252w, https:\/\/centreest.ca\/accueil\/wp-content\/uploads\/2025\/12\/CSCE_transport_FR-2025-2026-860x1024.png 860w, https:\/\/centreest.ca\/accueil\/wp-content\/uploads\/2025\/12\/CSCE_transport_FR-2025-2026-768x915.png 768w, https:\/\/centreest.ca\/accueil\/wp-content\/uploads\/2025\/12\/CSCE_transport_FR-2025-2026-1290x1536.png 1290w, https:\/\/centreest.ca\/accueil\/wp-content\/uploads\/2025\/12\/CSCE_transport_FR-2025-2026-1719x2048.png 1719w\" sizes=\"auto, (max-width: 2149px) 100vw, 2149px\" \/><\/a>[\/vc_column_text][vc_empty_space][vc_separator][vc_empty_space][\/vc_column][\/vc_row]<\/p>\n<\/div>","protected":false},"excerpt":{"rendered":"<p>[vc_row][vc_column width=&#8221;1\/4&#8243;][vc_wp_custommenu nav_menu=&#8221;99&#8243;][\/vc_column][vc_column width=&#8221;1\/2&#8243;][vc_empty_space][vc_column_text css=&#8221;&#8221;] Nous sommes le premier Conseil scolaire de la province \u00e0 utiliser le nouveau syst\u00e8me Traversa, My Ride K-12 et Go9 GPS qui permet aux parents [&hellip;]<\/p>\n","protected":false},"author":1,"featured_media":0,"parent":0,"menu_order":0,"comment_status":"closed","ping_status":"closed","template":"","meta":{"footnotes":""},"class_list":["post-627","page","type-page","status-publish","hentry"],"_links":{"self":[{"href":"https:\/\/centreest.ca\/accueil\/wp-json\/wp\/v2\/pages\/627","targetHints":{"allow":["GET"]}}],"collection":[{"href":"https:\/\/centreest.ca\/accueil\/wp-json\/wp\/v2\/pages"}],"about":[{"href":"https:\/\/centreest.ca\/accueil\/wp-json\/wp\/v2\/types\/page"}],"author":[{"embeddable":true,"href":"https:\/\/centreest.ca\/accueil\/wp-json\/wp\/v2\/users\/1"}],"replies":[{"embeddable":true,"href":"https:\/\/centreest.ca\/accueil\/wp-json\/wp\/v2\/comments?post=627"}],"version-history":[{"count":6,"href":"https:\/\/centreest.ca\/accueil\/wp-json\/wp\/v2\/pages\/627\/revisions"}],"predecessor-version":[{"id":27860,"href":"https:\/\/centreest.ca\/accueil\/wp-json\/wp\/v2\/pages\/627\/revisions\/27860"}],"wp:attachment":[{"href":"https:\/\/centreest.ca\/accueil\/wp-json\/wp\/v2\/media?parent=627"}],"curies":[{"name":"wp","href":"https:\/\/api.w.org\/{rel}","templated":true}]}}