{"id":486,"date":"2017-03-14T02:54:39","date_gmt":"2017-03-14T02:54:39","guid":{"rendered":"https:\/\/centreest.ca\/accueil\/?page_id=486&#038;lang=fr"},"modified":"2021-09-22T15:07:12","modified_gmt":"2021-09-22T21:07:12","slug":"ressources-interessantes","status":"publish","type":"page","link":"https:\/\/centreest.ca\/accueil\/parents-et-eleves\/ressources-interessantes\/","title":{"rendered":"Ressources int\u00e9ressantes et Liens utiles"},"content":{"rendered":"<div class=\"wpb-content-wrapper\"><p>[vc_row][vc_column width=&#8221;1\/4&#8243;][vc_wp_custommenu nav_menu=&#8221;99&#8243;][\/vc_column][vc_column width=&#8221;3\/4&#8243;][vc_column_text]<\/p>\n<h1>Ressources<\/h1>\n<p>Ces vid\u00e9os ont pour objectif de promouvoir l\u2019\u00e9ducation francophone aupr\u00e8s des futurs \u00e9l\u00e8ves, de leurs parents et du personnel. C\u2019est un plaisir de vous pr\u00e9senter les forces et les richesses des \u00e9coles francophones de partout en province. Que ce soit en r\u00e9gion, en ville, dans le Nord ou dans le Sud, nos \u00e9coles se surpassent dans la qualit\u00e9 de leur service et dans le choix de leurs programmes. Vous constaterez lors du visionnement de ces capsules que nos \u00e9coles offrent non seulement une \u00e9ducation en fran\u00e7ais, elles offrent aussi un milieu de vie francophone aux \u00e9l\u00e8ves et aux enseignants![\/vc_column_text][vc_row_inner][vc_column_inner width=&#8221;1\/2&#8243;][vc_column_text]<iframe loading=\"lazy\" src=\"https:\/\/player.vimeo.com\/video\/159878317\" width=\"640\" height=\"360\" frameborder=\"0\" allowfullscreen=\"allowfullscreen\"><\/iframe>[\/vc_column_text][vc_empty_space][vc_column_text]<iframe loading=\"lazy\" src=\"https:\/\/player.vimeo.com\/video\/159878315\" width=\"640\" height=\"360\" frameborder=\"0\" allowfullscreen=\"allowfullscreen\"><\/iframe>[\/vc_column_text][vc_empty_space][vc_column_text]<iframe loading=\"lazy\" src=\"https:\/\/player.vimeo.com\/video\/159878319\" width=\"640\" height=\"360\" frameborder=\"0\" allowfullscreen=\"allowfullscreen\"><\/iframe>[\/vc_column_text][vc_empty_space][vc_column_text]<iframe loading=\"lazy\" src=\"https:\/\/player.vimeo.com\/video\/159878310\" width=\"640\" height=\"360\" frameborder=\"0\" allowfullscreen=\"allowfullscreen\"><\/iframe>[\/vc_column_text][vc_empty_space][\/vc_column_inner][vc_column_inner width=&#8221;1\/2&#8243;][vc_column_text]<iframe loading=\"lazy\" src=\"https:\/\/player.vimeo.com\/video\/159878316\" width=\"640\" height=\"360\" frameborder=\"0\" allowfullscreen=\"allowfullscreen\"><\/iframe>[\/vc_column_text][vc_empty_space][vc_column_text]<iframe loading=\"lazy\" src=\"https:\/\/player.vimeo.com\/video\/159878313\" width=\"640\" height=\"360\" frameborder=\"0\" allowfullscreen=\"allowfullscreen\"><\/iframe>[\/vc_column_text][vc_empty_space][vc_column_text]<iframe loading=\"lazy\" src=\"https:\/\/player.vimeo.com\/video\/159878312\" width=\"640\" height=\"360\" frameborder=\"0\" allowfullscreen=\"allowfullscreen\"><\/iframe>[\/vc_column_text][vc_empty_space][vc_column_text]<iframe loading=\"lazy\" src=\"https:\/\/player.vimeo.com\/video\/159878309\" width=\"640\" height=\"360\" frameborder=\"0\" allowfullscreen=\"allowfullscreen\"><\/iframe>[\/vc_column_text][vc_empty_space][\/vc_column_inner][\/vc_row_inner][vc_empty_space][vc_column_text]<\/p>\n<h1><strong>Liens utiles <\/strong><\/h1>\n<p>[\/vc_column_text][vc_empty_space][vc_row_inner][vc_column_inner width=&#8221;1\/3&#8243;][vc_column_text]<a href=\"https:\/\/education.alberta.ca\/\" target=\"_blank\" rel=\"noopener noreferrer\"><img loading=\"lazy\" decoding=\"async\" class=\"alignnone wp-image-886 size-full\" src=\"https:\/\/centreest.ca\/accueil\/wp-content\/uploads\/2017\/03\/alberta-education-e1500639058870.png\" alt=\"\" width=\"200\" height=\"83\" \/><\/a>[\/vc_column_text][\/vc_column_inner][vc_column_inner width=&#8221;1\/3&#8243;][vc_column_text]<a href=\"https:\/\/fpfa.ab.ca\/\" target=\"_blank\" rel=\"noopener noreferrer\"><img loading=\"lazy\" decoding=\"async\" class=\"alignnone wp-image-899 size-full\" src=\"https:\/\/centreest.ca\/accueil\/wp-content\/uploads\/2017\/03\/FPFA_Logo-e1500639111442.jpg\" alt=\"\" width=\"200\" height=\"100\" \/><\/a>[\/vc_column_text][\/vc_column_inner][vc_column_inner width=&#8221;1\/3&#8243;][vc_column_text]<a href=\"http:\/\/www.ecolefrancophone.ca\/splashpage.html\" target=\"_blank\" rel=\"noopener noreferrer\"><img loading=\"lazy\" decoding=\"async\" class=\"alignnone wp-image-895 size-full\" src=\"https:\/\/centreest.ca\/accueil\/wp-content\/uploads\/2017\/03\/FCSFA-e1500639163408.jpg\" alt=\"\" width=\"200\" height=\"100\" \/><\/a>[\/vc_column_text][\/vc_column_inner][\/vc_row_inner][vc_empty_space][vc_separator color=&#8221;green&#8221;][vc_empty_space][vc_row_inner][vc_column_inner width=&#8221;1\/3&#8243;][vc_column_text]<a href=\"http:\/\/www.acfa.ab.ca\/\" target=\"_blank\" rel=\"noopener noreferrer\"><img loading=\"lazy\" decoding=\"async\" class=\"alignnone wp-image-904 size-full\" src=\"https:\/\/centreest.ca\/accueil\/wp-content\/uploads\/2017\/03\/Logo_ACFA-e1500639395166.png\" alt=\"\" width=\"200\" height=\"68\" \/><\/a>[\/vc_column_text][\/vc_column_inner][vc_column_inner width=&#8221;1\/3&#8243;][vc_column_text]<a href=\"http:\/\/www.asba.ab.ca\/\" target=\"_blank\" rel=\"noopener noreferrer\"><img loading=\"lazy\" decoding=\"async\" class=\"alignnone wp-image-887 size-full\" src=\"https:\/\/centreest.ca\/accueil\/wp-content\/uploads\/2017\/03\/ASBA.jpg\" alt=\"\" width=\"260\" height=\"130\" \/><\/a>[\/vc_column_text][\/vc_column_inner][vc_column_inner width=&#8221;1\/3&#8243;][vc_column_text]<a href=\"http:\/\/fncsf.ca\/\" target=\"_blank\" rel=\"noopener noreferrer\"><img loading=\"lazy\" decoding=\"async\" class=\"alignnone wp-image-898 size-full\" src=\"https:\/\/centreest.ca\/accueil\/wp-content\/uploads\/2017\/03\/FNCSF-e1500639512780.jpg\" alt=\"\" width=\"200\" height=\"129\" \/><\/a>[\/vc_column_text][\/vc_column_inner][\/vc_row_inner][vc_empty_space][vc_separator color=&#8221;green&#8221;][vc_empty_space][vc_row_inner][vc_column_inner width=&#8221;1\/3&#8243;][vc_column_text]<a href=\"http:\/\/www.reseauadaptation.ca\/\" target=\"_blank\" rel=\"noopener noreferrer\"><img loading=\"lazy\" decoding=\"async\" class=\"alignnone size-full wp-image-907\" src=\"https:\/\/centreest.ca\/accueil\/wp-content\/uploads\/2017\/03\/reseau.jpg\" alt=\"\" width=\"192\" height=\"120\" \/><\/a>[\/vc_column_text][\/vc_column_inner][vc_column_inner width=&#8221;1\/3&#8243;][vc_column_text]<a href=\"http:\/\/www.cpfpp.ab.ca\/\" target=\"_blank\" rel=\"noopener noreferrer\"><img loading=\"lazy\" decoding=\"async\" class=\"alignnone wp-image-894 size-full\" src=\"https:\/\/centreest.ca\/accueil\/wp-content\/uploads\/2017\/03\/consortium-e1500639642969.jpg\" alt=\"\" width=\"200\" height=\"69\" \/><\/a>[\/vc_column_text][\/vc_column_inner][vc_column_inner width=&#8221;1\/3&#8243;][vc_column_text]<a href=\"http:\/\/www.cfed.ca\/\" target=\"_blank\" rel=\"noopener noreferrer\"><img loading=\"lazy\" decoding=\"async\" class=\"alignnone wp-image-892 size-full\" src=\"https:\/\/centreest.ca\/accueil\/wp-content\/uploads\/2017\/03\/CFED-e1500639746614.png\" alt=\"\" width=\"170\" height=\"94\" \/><\/a>[\/vc_column_text][\/vc_column_inner][\/vc_row_inner][vc_empty_space][vc_separator color=&#8221;green&#8221;][vc_empty_space][vc_row_inner][vc_column_inner width=&#8221;1\/3&#8243;][vc_column_text]<a href=\"http:\/\/www.acsta.ab.ca\/\" target=\"_blank\" rel=\"noopener noreferrer\"><img loading=\"lazy\" decoding=\"async\" class=\"alignnone wp-image-882 size-full\" src=\"https:\/\/centreest.ca\/accueil\/wp-content\/uploads\/2017\/03\/acsta-e1500640138241.png\" alt=\"\" width=\"200\" height=\"57\" \/><\/a>[\/vc_column_text][\/vc_column_inner][vc_column_inner width=&#8221;1\/3&#8243;][vc_column_text]<\/p>\n<p><a href=\"http:\/\/www.lafsfa.ca\/\" target=\"_blank\" rel=\"noopener noreferrer\"><img loading=\"lazy\" decoding=\"async\" class=\"alignnone size-medium wp-image-901\" src=\"https:\/\/centreest.ca\/accueil\/wp-content\/uploads\/2017\/03\/FSFA-300x71.png\" alt=\"\" width=\"300\" height=\"71\" srcset=\"https:\/\/centreest.ca\/accueil\/wp-content\/uploads\/2017\/03\/FSFA-300x71.png 300w, https:\/\/centreest.ca\/accueil\/wp-content\/uploads\/2017\/03\/FSFA.png 496w\" sizes=\"auto, (max-width: 300px) 100vw, 300px\" \/><\/a>[\/vc_column_text][\/vc_column_inner][vc_column_inner width=&#8221;1\/3&#8243;][vc_column_text]<a href=\"http:\/\/ici.radio-canada.ca\/alberta\" target=\"_blank\" rel=\"noopener noreferrer\"><img loading=\"lazy\" decoding=\"async\" class=\"alignnone size-medium wp-image-902\" src=\"https:\/\/centreest.ca\/accueil\/wp-content\/uploads\/2017\/03\/ici-radio-canada-logo-300x80.png\" alt=\"\" width=\"300\" height=\"80\" srcset=\"https:\/\/centreest.ca\/accueil\/wp-content\/uploads\/2017\/03\/ici-radio-canada-logo-300x80.png 300w, https:\/\/centreest.ca\/accueil\/wp-content\/uploads\/2017\/03\/ici-radio-canada-logo-768x204.png 768w, https:\/\/centreest.ca\/accueil\/wp-content\/uploads\/2017\/03\/ici-radio-canada-logo-1024x271.png 1024w\" sizes=\"auto, (max-width: 300px) 100vw, 300px\" \/><\/a>[\/vc_column_text][\/vc_column_inner][\/vc_row_inner][vc_empty_space][vc_separator color=&#8221;green&#8221;][vc_empty_space][vc_row_inner][vc_column_inner width=&#8221;1\/3&#8243;][vc_column_text]<a href=\"http:\/\/www.ajfas.ca\/francais\" target=\"_blank\" rel=\"noopener noreferrer\"><img loading=\"lazy\" decoding=\"async\" class=\"alignnone wp-image-885 size-full\" src=\"https:\/\/centreest.ca\/accueil\/wp-content\/uploads\/2017\/03\/AJFAS_logo_web.jpg\" alt=\"\" width=\"216\" height=\"131\" srcset=\"https:\/\/centreest.ca\/accueil\/wp-content\/uploads\/2017\/03\/AJFAS_logo_web.jpg 216w, https:\/\/centreest.ca\/accueil\/wp-content\/uploads\/2017\/03\/AJFAS_logo_web-215x131.jpg 215w, https:\/\/centreest.ca\/accueil\/wp-content\/uploads\/2017\/03\/AJFAS_logo_web-212x130.jpg 212w\" sizes=\"auto, (max-width: 216px) 100vw, 216px\" \/><\/a>[\/vc_column_text][\/vc_column_inner][vc_column_inner width=&#8221;1\/3&#8243;][vc_column_text]<a href=\"https:\/\/www.lecdea.ca\/\" target=\"_blank\" rel=\"noopener noreferrer\"><img loading=\"lazy\" decoding=\"async\" class=\"alignnone wp-image-890 size-full\" src=\"https:\/\/centreest.ca\/accueil\/wp-content\/uploads\/2017\/03\/CDEA-300-e1500640635155.jpg\" alt=\"\" width=\"200\" height=\"143\" \/><\/a>[\/vc_column_text][\/vc_column_inner][vc_column_inner width=&#8221;1\/3&#8243;][vc_column_text]<a href=\"http:\/\/www.bigbrothersbigsisters.ca\/fr\/accueil\/default.aspx\" target=\"_blank\" rel=\"noopener noreferrer\"><img loading=\"lazy\" decoding=\"async\" class=\"alignnone wp-image-888 size-full\" src=\"https:\/\/centreest.ca\/accueil\/wp-content\/uploads\/2017\/03\/bigbrothers_bigsisters-e1500640412565.png\" alt=\"\" width=\"200\" height=\"146\" \/><\/a>[\/vc_column_text][\/vc_column_inner][\/vc_row_inner][vc_empty_space][vc_separator color=&#8221;green&#8221;][vc_empty_space][vc_row_inner][vc_column_inner width=&#8221;1\/3&#8243;][vc_column_text]<a href=\"http:\/\/fja.ab.ca\/\" target=\"_blank\" rel=\"noopener noreferrer\"><img loading=\"lazy\" decoding=\"async\" class=\"alignnone wp-image-896 size-full\" src=\"https:\/\/centreest.ca\/accueil\/wp-content\/uploads\/2017\/03\/FJA-e1500641318597.png\" alt=\"\" width=\"150\" height=\"174\" \/><\/a>[\/vc_column_text][\/vc_column_inner][vc_column_inner width=&#8221;1\/3&#8243;][vc_column_text]<a href=\"https:\/\/www.galeriecava.com\/\" target=\"_blank\" rel=\"noopener noreferrer\"><img loading=\"lazy\" decoding=\"async\" class=\"alignnone wp-image-889 size-full\" src=\"https:\/\/centreest.ca\/accueil\/wp-content\/uploads\/2017\/03\/CAVA-e1500641924434.jpg\" alt=\"\" width=\"200\" height=\"200\" srcset=\"https:\/\/centreest.ca\/accueil\/wp-content\/uploads\/2017\/03\/CAVA-e1500641924434.jpg 200w, https:\/\/centreest.ca\/accueil\/wp-content\/uploads\/2017\/03\/CAVA-e1500641924434-150x150.jpg 150w, https:\/\/centreest.ca\/accueil\/wp-content\/uploads\/2017\/03\/CAVA-e1500641924434-102x102.jpg 102w\" sizes=\"auto, (max-width: 200px) 100vw, 200px\" \/><\/a>[\/vc_column_text][\/vc_column_inner][vc_column_inner width=&#8221;1\/3&#8243;][vc_column_text]<a href=\"http:\/\/www.rafa-alberta.ca\/lerafa.ca\/coup-doeil\/index.php\" target=\"_blank\" rel=\"noopener noreferrer\"><img loading=\"lazy\" decoding=\"async\" class=\"alignnone wp-image-931 size-full\" src=\"https:\/\/centreest.ca\/accueil\/wp-content\/uploads\/2017\/03\/Logo-RAFA-e1500641137927.jpg\" alt=\"\" width=\"200\" height=\"115\" \/><\/a>[\/vc_column_text][\/vc_column_inner][\/vc_row_inner][vc_empty_space][vc_separator color=&#8221;green&#8221;][vc_empty_space][vc_row_inner][vc_column_inner width=&#8221;1\/3&#8243;][vc_column_text]<a href=\"http:\/\/www.lunitheatre.ca\/\" target=\"_blank\" rel=\"noopener noreferrer\"><img loading=\"lazy\" decoding=\"async\" class=\"alignnone wp-image-905 size-full\" src=\"https:\/\/centreest.ca\/accueil\/wp-content\/uploads\/2017\/03\/Logo_LUniTheatre-300-e1500641024918.jpg\" alt=\"\" width=\"200\" height=\"143\" \/><\/a>[\/vc_column_text][\/vc_column_inner][vc_column_inner width=&#8221;1\/3&#8243;][vc_column_text]<a href=\"http:\/\/www.lefranco.ab.ca\/\" target=\"_blank\" rel=\"noopener noreferrer\"><img loading=\"lazy\" decoding=\"async\" class=\"alignnone wp-image-900 size-full\" src=\"https:\/\/centreest.ca\/accueil\/wp-content\/uploads\/2017\/03\/franco-e1500641837126.jpg\" alt=\"\" width=\"200\" height=\"143\" \/><\/a>[\/vc_column_text][\/vc_column_inner][vc_column_inner width=&#8221;1\/3&#8243;][vc_column_text]<a href=\"http:\/\/www.accesemploi.net\/\" target=\"_blank\" rel=\"noopener noreferrer\"><img loading=\"lazy\" decoding=\"async\" class=\"alignnone size-medium wp-image-880\" src=\"https:\/\/centreest.ca\/accueil\/wp-content\/uploads\/2017\/03\/Acces-Emploi-300-300x214.jpg\" alt=\"\" width=\"300\" height=\"214\" \/><\/a>[\/vc_column_text][\/vc_column_inner][\/vc_row_inner][vc_empty_space][vc_separator color=&#8221;green&#8221;][vc_empty_space][vc_row_inner][vc_column_inner width=&#8221;1\/3&#8243;][vc_column_text]<a href=\"http:\/\/fjcf.ca\/\" target=\"_blank\" rel=\"noopener noreferrer\"><img loading=\"lazy\" decoding=\"async\" class=\"alignnone size-medium wp-image-897\" src=\"https:\/\/centreest.ca\/accueil\/wp-content\/uploads\/2017\/03\/FJCF-300x158.png\" alt=\"\" width=\"300\" height=\"158\" srcset=\"https:\/\/centreest.ca\/accueil\/wp-content\/uploads\/2017\/03\/FJCF-300x158.png 300w, https:\/\/centreest.ca\/accueil\/wp-content\/uploads\/2017\/03\/FJCF.png 760w, https:\/\/centreest.ca\/accueil\/wp-content\/uploads\/2017\/03\/FJCF-235x125.png 235w\" sizes=\"auto, (max-width: 300px) 100vw, 300px\" \/><\/a>[\/vc_column_text][\/vc_column_inner][vc_column_inner width=&#8221;1\/3&#8243;][vc_column_text]<a href=\"http:\/\/cnpf.ca\/\" target=\"_blank\" rel=\"noopener noreferrer\"><img loading=\"lazy\" decoding=\"async\" class=\"alignnone wp-image-893 size-full\" src=\"https:\/\/centreest.ca\/accueil\/wp-content\/uploads\/2017\/03\/CNFP-e1500642278985.png\" alt=\"\" width=\"200\" height=\"92\" \/><\/a>[\/vc_column_text][\/vc_column_inner][vc_column_inner width=&#8221;1\/3&#8243;][vc_column_text]<a href=\"http:\/\/www.acelf.ca\/\" target=\"_blank\" rel=\"noopener noreferrer\"><img loading=\"lazy\" decoding=\"async\" class=\"alignnone wp-image-881 size-full\" src=\"https:\/\/centreest.ca\/accueil\/wp-content\/uploads\/2017\/03\/ACELF-e1500642174955.png\" alt=\"\" width=\"200\" height=\"139\" \/><\/a>[\/vc_column_text][\/vc_column_inner][\/vc_row_inner][vc_empty_space][vc_separator color=&#8221;green&#8221;][vc_empty_space][vc_row_inner][vc_column_inner width=&#8221;1\/3&#8243;][vc_column_text]<a href=\"http:\/\/www.pself.ca\/\" target=\"_blank\" rel=\"noopener noreferrer\"><img loading=\"lazy\" decoding=\"async\" class=\"alignnone size-medium wp-image-906\" src=\"https:\/\/centreest.ca\/accueil\/wp-content\/uploads\/2017\/03\/logo-pse\u0301lf-300x58.png\" alt=\"\" width=\"300\" height=\"58\" srcset=\"https:\/\/centreest.ca\/accueil\/wp-content\/uploads\/2017\/03\/logo-pse\u0301lf-300x58.png 300w, https:\/\/centreest.ca\/accueil\/wp-content\/uploads\/2017\/03\/logo-pse\u0301lf-768x148.png 768w, https:\/\/centreest.ca\/accueil\/wp-content\/uploads\/2017\/03\/logo-pse\u0301lf-1024x197.png 1024w, https:\/\/centreest.ca\/accueil\/wp-content\/uploads\/2017\/03\/logo-pse\u0301lf.png 1288w\" sizes=\"auto, (max-width: 300px) 100vw, 300px\" \/><\/a>[\/vc_column_text][vc_column_text]<a href=\"http:\/\/www.ceffa.ca\/\" target=\"_blank\" rel=\"noopener noreferrer\"><img loading=\"lazy\" decoding=\"async\" class=\"alignnone wp-image-891 size-full\" src=\"https:\/\/centreest.ca\/accueil\/wp-content\/uploads\/2017\/03\/CEFFA-e1500649603883.png\" alt=\"\" width=\"104\" height=\"150\" \/><\/a>[\/vc_column_text][\/vc_column_inner][vc_column_inner width=&#8221;1\/3&#8243;][vc_column_text]<a href=\"http:\/\/www.acufc.ca\/\" target=\"_blank\" rel=\"noopener noreferrer\"><img loading=\"lazy\" decoding=\"async\" class=\"alignnone size-full wp-image-883\" src=\"https:\/\/centreest.ca\/accueil\/wp-content\/uploads\/2017\/03\/ACUFC.png\" alt=\"\" width=\"150\" height=\"168\" \/><\/a>[\/vc_column_text][\/vc_column_inner][vc_column_inner width=&#8221;1\/3&#8243;][vc_column_text]<a href=\"http:\/\/www.kidsplus.ca\/fr\" target=\"_blank\" rel=\"noopener noreferrer\"><img loading=\"lazy\" decoding=\"async\" class=\"alignnone size-medium wp-image-903\" src=\"https:\/\/centreest.ca\/accueil\/wp-content\/uploads\/2017\/03\/KIDS_plus-300x111.png\" alt=\"\" width=\"300\" height=\"111\" srcset=\"https:\/\/centreest.ca\/accueil\/wp-content\/uploads\/2017\/03\/KIDS_plus-300x111.png 300w, https:\/\/centreest.ca\/accueil\/wp-content\/uploads\/2017\/03\/KIDS_plus.png 642w\" sizes=\"auto, (max-width: 300px) 100vw, 300px\" \/><\/a>[\/vc_column_text][\/vc_column_inner][\/vc_row_inner][vc_empty_space][vc_separator color=&#8221;green&#8221;][vc_empty_space][vc_row_inner][vc_column_inner width=&#8221;1\/3&#8243;][vc_column_text]<a href=\"http:\/\/www.pself.ca\/\" target=\"_blank\" rel=\"noopener noreferrer\"><img loading=\"lazy\" decoding=\"async\" class=\"alignnone size-medium wp-image-906\" src=\"https:\/\/centreest.ca\/accueil\/wp-content\/uploads\/2017\/03\/logo-pse\u0301lf-300x58.png\" alt=\"\" width=\"300\" height=\"58\" srcset=\"https:\/\/centreest.ca\/accueil\/wp-content\/uploads\/2017\/03\/logo-pse\u0301lf-300x58.png 300w, https:\/\/centreest.ca\/accueil\/wp-content\/uploads\/2017\/03\/logo-pse\u0301lf-768x148.png 768w, https:\/\/centreest.ca\/accueil\/wp-content\/uploads\/2017\/03\/logo-pse\u0301lf-1024x197.png 1024w, https:\/\/centreest.ca\/accueil\/wp-content\/uploads\/2017\/03\/logo-pse\u0301lf.png 1288w\" sizes=\"auto, (max-width: 300px) 100vw, 300px\" \/><\/a>[\/vc_column_text][vc_column_text]<a href=\"https:\/\/protegeonsnosenfants.ca\/populaire\/\" target=\"_blank\" rel=\"noopener\"><img loading=\"lazy\" decoding=\"async\" class=\"alignnone wp-image-18125 size-medium\" src=\"https:\/\/centreest.ca\/accueil\/wp-content\/uploads\/2021\/06\/kit-trending-resources-fr-300x150.jpg\" alt=\"\" width=\"300\" height=\"150\" srcset=\"https:\/\/centreest.ca\/accueil\/wp-content\/uploads\/2021\/06\/kit-trending-resources-fr-300x150.jpg 300w, https:\/\/centreest.ca\/accueil\/wp-content\/uploads\/2021\/06\/kit-trending-resources-fr.jpg 600w\" sizes=\"auto, (max-width: 300px) 100vw, 300px\" \/><\/a>[\/vc_column_text][\/vc_column_inner][vc_column_inner width=&#8221;1\/3&#8243;][vc_column_text]<a href=\"https:\/\/reseausantealbertain.ca\" target=\"_blank\" rel=\"noopener\"><img loading=\"lazy\" decoding=\"async\" class=\"aligncenter size-full wp-image-18598\" src=\"https:\/\/centreest.ca\/accueil\/wp-content\/uploads\/2021\/09\/Reseau-sante-Alberta.png\" alt=\"\" width=\"323\" height=\"89\" srcset=\"https:\/\/centreest.ca\/accueil\/wp-content\/uploads\/2021\/09\/Reseau-sante-Alberta.png 323w, https:\/\/centreest.ca\/accueil\/wp-content\/uploads\/2021\/09\/Reseau-sante-Alberta-300x83.png 300w\" sizes=\"auto, (max-width: 323px) 100vw, 323px\" \/><\/a>[\/vc_column_text][\/vc_column_inner][vc_column_inner width=&#8221;1\/3&#8243;][vc_column_text][\/vc_column_text][\/vc_column_inner][\/vc_row_inner][vc_empty_space][vc_empty_space][vc_empty_space][\/vc_column][\/vc_row]<\/p>\n<\/div>","protected":false},"excerpt":{"rendered":"<p>[vc_row][vc_column width=&#8221;1\/4&#8243;][vc_wp_custommenu nav_menu=&#8221;99&#8243;][\/vc_column][vc_column width=&#8221;3\/4&#8243;][vc_column_text] Ressources Ces vid\u00e9os ont pour objectif de promouvoir l\u2019\u00e9ducation francophone aupr\u00e8s des futurs \u00e9l\u00e8ves, de leurs parents et du personnel. C\u2019est un plaisir de vous pr\u00e9senter [&hellip;]<\/p>\n","protected":false},"author":1,"featured_media":0,"parent":421,"menu_order":0,"comment_status":"closed","ping_status":"closed","template":"","meta":{"footnotes":""},"class_list":["post-486","page","type-page","status-publish","hentry"],"_links":{"self":[{"href":"https:\/\/centreest.ca\/accueil\/wp-json\/wp\/v2\/pages\/486","targetHints":{"allow":["GET"]}}],"collection":[{"href":"https:\/\/centreest.ca\/accueil\/wp-json\/wp\/v2\/pages"}],"about":[{"href":"https:\/\/centreest.ca\/accueil\/wp-json\/wp\/v2\/types\/page"}],"author":[{"embeddable":true,"href":"https:\/\/centreest.ca\/accueil\/wp-json\/wp\/v2\/users\/1"}],"replies":[{"embeddable":true,"href":"https:\/\/centreest.ca\/accueil\/wp-json\/wp\/v2\/comments?post=486"}],"version-history":[{"count":5,"href":"https:\/\/centreest.ca\/accueil\/wp-json\/wp\/v2\/pages\/486\/revisions"}],"predecessor-version":[{"id":18600,"href":"https:\/\/centreest.ca\/accueil\/wp-json\/wp\/v2\/pages\/486\/revisions\/18600"}],"up":[{"embeddable":true,"href":"https:\/\/centreest.ca\/accueil\/wp-json\/wp\/v2\/pages\/421"}],"wp:attachment":[{"href":"https:\/\/centreest.ca\/accueil\/wp-json\/wp\/v2\/media?parent=486"}],"curies":[{"name":"wp","href":"https:\/\/api.w.org\/{rel}","templated":true}]}}