{"id":483,"date":"2017-03-14T02:53:36","date_gmt":"2017-03-14T02:53:36","guid":{"rendered":"https:\/\/centreest.ca\/accueil\/?page_id=483&#038;lang=fr"},"modified":"2022-09-09T13:36:39","modified_gmt":"2022-09-09T19:36:39","slug":"programme-durgence-dans-les-ecoles","status":"publish","type":"page","link":"https:\/\/centreest.ca\/accueil\/parents-et-eleves\/programme-durgence-dans-les-ecoles\/","title":{"rendered":"En s\u00e9curit\u00e9 \u00e0 l&#8217;\u00e9cole"},"content":{"rendered":"<div class=\"wpb-content-wrapper\"><p>[vc_row][vc_column width=&#8221;1\/4&#8243;][vc_wp_custommenu nav_menu=&#8221;99&#8243;][\/vc_column][vc_column width=&#8221;3\/4&#8243;][vc_column_text]<\/p>\n<h2><span style=\"color: #8dc63f;\">L&#8217;\u00e9cole est per\u00e7ue comme l&#8217;un des endroits les plus s\u00e9curitaires par nos communaut\u00e9s. Toutefois, en r\u00e9alit\u00e9, une urgence peut surgir n&#8217;importe o\u00f9, n&#8217;importe quand.<\/span><\/h2>\n<p>[\/vc_column_text][vc_column_text]<img loading=\"lazy\" decoding=\"async\" class=\"size-full wp-image-632 alignright\" src=\"https:\/\/centreest.ca\/accueil\/wp-content\/uploads\/2017\/03\/hour.png\" alt=\"hour\" width=\"214\" height=\"130\" srcset=\"https:\/\/centreest.ca\/accueil\/wp-content\/uploads\/2017\/03\/hour.png 214w, https:\/\/centreest.ca\/accueil\/wp-content\/uploads\/2017\/03\/hour-212x130.png 212w\" sizes=\"auto, (max-width: 214px) 100vw, 214px\" \/>Lors d\u2019une situation d\u2019urgence, <strong>NOTRE PRIORIT\u00c9 est la s\u00e9curit\u00e9 de nos \u00e9l\u00e8ves et de notre personnel<\/strong>. Afin d&#8217;intervenir de mani\u00e8re efficace lors d&#8217;une crise \u00e0 l&#8217;\u00e9cole, le conseil a r\u00e9dig\u00e9 un <em>Plan d&#8217;intervention d&#8217;urgence<\/em>. Le Plan s&#8217;int\u00e8gre \u00e0 d&#8217;autres plans d&#8217;urgence locaux puisqu&#8217;une urgence \u00e0 l&#8217;\u00e9cole peut exiger que plusieurs organismes soient impliqu\u00e9s. Les plans cr\u00e9\u00e9s pour les \u00e9coles, ainsi que le <em>Plan du conseil<\/em>, sont r\u00e9vis\u00e9s \u00e0 chaque ann\u00e9e et sp\u00e9cialement, suite \u00e0 une urgence.<\/p>\n<p>Il y a une \u00e9quipe d&#8217;intervention d&#8217;urgence respective \u00e0 chacune des \u00e9coles, ainsi qu&#8217;une \u00e9quipe d&#8217;intervention d&#8217;urgence au niveau du Conseil scolaire offrant support et assistance aux \u00e9coles lors d&#8217;une urgence. Tout le personnel est r\u00e9guli\u00e8rement form\u00e9 sur les protocoles d&#8217;urgence et des exercices sont pratiqu\u00e9s dans chaque \u00e9cole.<\/p>\n<p>Bien que les protocoles et proc\u00e9dures standardis\u00e9s servent de pierre d\u2019assise \u00e0 nos interventions, la mani\u00e8re dont nous intervenons lors d&#8217;une urgence est grandement influenc\u00e9e par les \u00e9l\u00e9ments sp\u00e9cifiques d&#8217;un incident. La s\u00e9curit\u00e9 des \u00e9l\u00e8ves et du personnel est notre pr\u00e9occupation principale.<\/p>\n<p>Notre conseil scolaire collabore \u00e9troitement avec le personnel d&#8217;urgence local afin d&#8217;assurer la coordination des plans avec les organismes appropri\u00e9s. Les plans du Conseil n&#8217;ont pas pr\u00e9s\u00e9ance sur l&#8217;autorit\u00e9 responsable de l&#8217;application des lois, des incendies ou des services m\u00e9dicaux d\u2019urgence &#8211; SMU; les membres du personnel collaborent \u00e9troitement avec ces agences.<\/p>\n<p>Evidemment, pour des raisons de s\u00e9curit\u00e9, certains \u00e9l\u00e9ments de nos plans d&#8217;intervention d&#8217;urgence ne sont pas accessibles au public. N\u00e9anmoins, ce guide met en lumi\u00e8re des \u00e9l\u00e9ments cl\u00e9s du Plan et r\u00e9pond aux questions fr\u00e9quemment pos\u00e9es par les parents au sujet des proc\u00e9dures d\u2019urgence.<\/p>\n<p>Nous esp\u00e9rons que ce guide vous sera utile.[\/vc_column_text][vc_empty_space][\/vc_column][\/vc_row][vc_row][vc_column][vc_column_text]<a href=\"https:\/\/hour-zero.com\/PEA\/HZ_CCE22.html\" target=\"_blank\" rel=\"noopener\"><img loading=\"lazy\" decoding=\"async\" class=\"alignnone wp-image-20974 size-full\" src=\"https:\/\/centreest.ca\/accueil\/wp-content\/uploads\/2022\/09\/Centre-Est-Placeholder.png\" alt=\"\" width=\"1860\" height=\"1074\" srcset=\"https:\/\/centreest.ca\/accueil\/wp-content\/uploads\/2022\/09\/Centre-Est-Placeholder.png 1860w, https:\/\/centreest.ca\/accueil\/wp-content\/uploads\/2022\/09\/Centre-Est-Placeholder-300x173.png 300w, https:\/\/centreest.ca\/accueil\/wp-content\/uploads\/2022\/09\/Centre-Est-Placeholder-1024x591.png 1024w, https:\/\/centreest.ca\/accueil\/wp-content\/uploads\/2022\/09\/Centre-Est-Placeholder-768x443.png 768w, https:\/\/centreest.ca\/accueil\/wp-content\/uploads\/2022\/09\/Centre-Est-Placeholder-1536x887.png 1536w\" sizes=\"auto, (max-width: 1860px) 100vw, 1860px\" \/><\/a>[\/vc_column_text][vc_empty_space height=&#8221;52px&#8221;][vc_btn title=&#8221;R\u00e9sum\u00e9 de la s\u00e9curit\u00e9 \u00e0 l&#8217;\u00e9cole&#8221; style=&#8221;flat&#8221; shape=&#8221;round&#8221; size=&#8221;lg&#8221; align=&#8221;center&#8221; link=&#8221;url:https%3A%2F%2Fhour-zero.com%2FPEA%2FHZ_CCE22.html&#8221;][vc_empty_space height=&#8221;82px&#8221;][\/vc_column][\/vc_row]<\/p>\n<\/div>","protected":false},"excerpt":{"rendered":"<p>[vc_row][vc_column width=&#8221;1\/4&#8243;][vc_wp_custommenu nav_menu=&#8221;99&#8243;][\/vc_column][vc_column width=&#8221;3\/4&#8243;][vc_column_text] L&#8217;\u00e9cole est per\u00e7ue comme l&#8217;un des endroits les plus s\u00e9curitaires par nos communaut\u00e9s. Toutefois, en r\u00e9alit\u00e9, une urgence peut surgir n&#8217;importe o\u00f9, n&#8217;importe quand. [\/vc_column_text][vc_column_text]Lors d\u2019une [&hellip;]<\/p>\n","protected":false},"author":1,"featured_media":0,"parent":421,"menu_order":0,"comment_status":"closed","ping_status":"closed","template":"","meta":{"footnotes":""},"class_list":["post-483","page","type-page","status-publish","hentry"],"_links":{"self":[{"href":"https:\/\/centreest.ca\/accueil\/wp-json\/wp\/v2\/pages\/483","targetHints":{"allow":["GET"]}}],"collection":[{"href":"https:\/\/centreest.ca\/accueil\/wp-json\/wp\/v2\/pages"}],"about":[{"href":"https:\/\/centreest.ca\/accueil\/wp-json\/wp\/v2\/types\/page"}],"author":[{"embeddable":true,"href":"https:\/\/centreest.ca\/accueil\/wp-json\/wp\/v2\/users\/1"}],"replies":[{"embeddable":true,"href":"https:\/\/centreest.ca\/accueil\/wp-json\/wp\/v2\/comments?post=483"}],"version-history":[{"count":6,"href":"https:\/\/centreest.ca\/accueil\/wp-json\/wp\/v2\/pages\/483\/revisions"}],"predecessor-version":[{"id":20983,"href":"https:\/\/centreest.ca\/accueil\/wp-json\/wp\/v2\/pages\/483\/revisions\/20983"}],"up":[{"embeddable":true,"href":"https:\/\/centreest.ca\/accueil\/wp-json\/wp\/v2\/pages\/421"}],"wp:attachment":[{"href":"https:\/\/centreest.ca\/accueil\/wp-json\/wp\/v2\/media?parent=483"}],"curies":[{"name":"wp","href":"https:\/\/api.w.org\/{rel}","templated":true}]}}