{"id":480,"date":"2017-03-14T02:53:06","date_gmt":"2017-03-14T02:53:06","guid":{"rendered":"https:\/\/centreest.ca\/accueil\/?page_id=480&#038;lang=fr"},"modified":"2024-02-29T12:54:33","modified_gmt":"2024-02-29T19:54:33","slug":"transport-scolaire","status":"publish","type":"page","link":"https:\/\/centreest.ca\/accueil\/parents-et-eleves\/transport-scolaire\/","title":{"rendered":"Transport scolaire"},"content":{"rendered":"<div class=\"wpb-content-wrapper\"><p>[vc_row][vc_column width=&#8221;1\/2&#8243;][vc_empty_space][vc_empty_space][vc_empty_space][vc_tta_accordion][vc_tta_section title=&#8221;Qui est admissible au transport scolaire au CSCE?&#8221; tab_id=&#8221;1502738060878-2838bbfe-ecc9&#8243;][vc_column_text]Le Conseil scolaire est heureux d\u2019offrir un service de transport scolaire gratuit pour tous ses \u00e9l\u00e8ves.[\/vc_column_text][\/vc_tta_section][\/vc_tta_accordion][\/vc_column][vc_column width=&#8221;1\/2&#8243;][vc_empty_space][vc_column_text]<img loading=\"lazy\" decoding=\"async\" class=\"alignnone wp-image-1067 size-full\" src=\"https:\/\/centreest.ca\/accueil\/wp-content\/uploads\/2017\/03\/autobus_1.png\" alt=\"\" width=\"410\" height=\"330\" srcset=\"https:\/\/centreest.ca\/accueil\/wp-content\/uploads\/2017\/03\/autobus_1.png 410w, https:\/\/centreest.ca\/accueil\/wp-content\/uploads\/2017\/03\/autobus_1-300x241.png 300w\" sizes=\"auto, (max-width: 410px) 100vw, 410px\" \/>[\/vc_column_text][\/vc_column][\/vc_row][vc_row][vc_column][vc_tta_accordion][vc_tta_section title=&#8221;Recevez les avis d\u2019annulation de transport en cas d\u2019intemp\u00e9ries!&#8221; tab_id=&#8221;1494284047144-50d36aef-8fad&#8221;][vc_column_text]Si le transport scolaire doit \u00eatre annul\u00e9 d\u00fb aux conditions routi\u00e8res difficiles, les parents en seront inform\u00e9s via diff\u00e9rents m\u00e9dias en plus d\u2019afficher ces informations sur les diff\u00e9rents sites Web (\u00e9coles et Conseil scolaire).<\/p>\n<p>\u00c9galement, en cas d\u2019annulation, une fois la d\u00e9cision prise par le Conseil scolaire, le conducteur ou la conductrice d\u2019autobus prendra les moyens n\u00e9cessaires pour joindre les parents de son trajet respectif.[\/vc_column_text][\/vc_tta_section][vc_tta_section title=&#8221;Syst\u00e8me automatis\u00e9&#8221; tab_id=&#8221;1494284072122-709e49fa-f83e&#8221;][vc_column_text]<\/p>\n<ul>\n<li>Par messagerie texte, courriel et t\u00e9l\u00e9phone <strong><em>(School Messenger)<\/em><\/strong><\/li>\n<\/ul>\n<p><em>Pour vous inscrire au syst\u00e8me automatis\u00e9 de communications, nous vous prions de consulter\u00a0<\/em><em>la direction d\u2019\u00e9cole pour vous guider dans la proc\u00e9dure \u00e0 suivre. <\/em>[\/vc_column_text][\/vc_tta_section][vc_tta_section title=&#8221;Sites Web&#8221; tab_id=&#8221;1494284082827-3a6a4fd0-41ef&#8221;][vc_column_text]Pour toutes les \u00e9coles du Conseil scolaire, consultez la section \u00ab\u00a0statut d\u2019autobus\u00a0\u00bb sur le site Web du CSCE. Chacun des sites Web d\u2019\u00e9cole d\u00e9tient \u00e9galement une section \u00e0 cet effet.[\/vc_column_text][\/vc_tta_section][vc_tta_section title=&#8221;Stations de radio locales&#8221; tab_id=&#8221;1494284105947-2683cd0c-8403&#8243;][vc_column_text][\/vc_column_text][\/vc_tta_section][vc_tta_section title=&#8221;\u00c0 quel moment puis-je m\u2019attendre \u00e0 recevoir un avis d\u2019annulation du transport?&#8221; tab_id=&#8221;1494284121536-13223b9f-b508&#8243;][vc_column_text]La de\u0301cision d\u2019annuler le service de transport scolaire pour la journe\u0301e se prend <strong>entre 6h00 et 7h15 du matin.<\/strong><\/p>\n<p><em>Le Conseil scolaire a comme principale obligation l\u2019instruction aux e\u0301le\u0300ves selon les pre\u0301visions du calendrier. De fait, les \u00e9coles du Conseil scolaire demeurent ouvertes malgre\u0301 les intempe\u0301ries. En p\u00e9riode d\u2019examens, il est important de v\u00e9rifier aupr\u00e8s de l\u2019\u00e9cole de votre enfant, car c\u2019est \u00e0 la discr\u00e9tion de cette derni\u00e8re si la p\u00e9riode d\u2019examen est maintenue ou report\u00e9e. <\/em>[\/vc_column_text][\/vc_tta_section][vc_tta_section title=&#8221;Comment dois-je proc\u00e9der pour communiquer un changement d\u2019adresse?&#8221; tab_id=&#8221;1494284131138-3eee602f-8c33&#8243;][vc_column_text]Il est important de s\u2019adresser directement au secr\u00e9tariat de l\u2019\u00e9cole pour compl\u00e9ter le formulaire assign\u00e9 \u00e0 cette fin.[\/vc_column_text][\/vc_tta_section][vc_tta_section title=&#8221;\u00c0 qui dois-je m\u2019adresser pour organiser des arrangements temporaires pour le transport de mon enfant ?&#8221; tab_id=&#8221;1494284161504-f38011ac-bede&#8221;][vc_column_text]\u00c0 la direction d\u2019\u00e9cole ou au secr\u00e9tariat de l\u2019\u00e9cole. Cette information sera ensuite communiqu\u00e9e, d\u00e9pendamment de la nature de la demande, \u00a0soit \u00e0 la compagnie de transport et\/ou au Conseil scolaire.[\/vc_column_text][\/vc_tta_section][vc_tta_section title=&#8221;Qui m\u2019informera de l\u2019horaire de l\u2019autobus ainsi que de l\u2019emplacement de l\u2019arr\u00eat de mon enfant en d\u00e9but d\u2019ann\u00e9e scolaire?&#8221; tab_id=&#8221;1494284172166-06346344-6aea&#8221;][vc_column_text]Le conducteur ou la conductrice d\u2019autobus qui sera responsable du transport de mon enfant.[\/vc_column_text][\/vc_tta_section][vc_tta_section title=&#8221;Si je choisis une autre \u00e9cole que celle prescrite dans mon aire de fr\u00e9quentation, est-ce que mon enfant est admissible au transport scolaire?&#8221; tab_id=&#8221;1494284211352-f34d0ae2-49e8&#8243;][vc_column_text]Un enfant n\u2019est admissible au transport que s\u2019il fr\u00e9quente l\u2019\u00e9cole dans son aire de fr\u00e9quentation. \u00a0Toutefois, vous avez comme parent, le droit d\u2019inscrire l\u2019enfant dans l\u2019\u00e9cole de votre choix, mais cela exige que les parents s\u2019occupent du transport de l\u2019enfant.[\/vc_column_text][\/vc_tta_section][vc_tta_section title=&#8221;\u00c0 qui dois-je adresser mes pr\u00e9occupations en lien avec le transport scolaire de mon enfant?&#8221; tab_id=&#8221;1494284223342-a4164073-931b&#8221;][vc_column_text]Dans un premier temps, il est important de communiquer cette information \u00e0 la direction d\u2019\u00e9cole. Si la situation persiste et que vos inqui\u00e9tudes doivent \u00eatre entendues, vous pouvez joindre la direction des services op\u00e9rationnels assign\u00e9e \u00e0 la gestion du transport scolaire au CSCE &#8211; Madame Isabelle Poulin.[\/vc_column_text][\/vc_tta_section][vc_tta_section title=&#8221;Le conducteur ou la conductrice de l\u2019autobus est responsable de:&#8221; tab_id=&#8221;1494284233631-89922bd6-545c&#8221;][vc_column_text]<\/p>\n<ul>\n<li>s\u2019assurer que l\u2019autobus dont il ou elle a la charge est capable de fonctionnement su\u0302r et se\u0301curitaire sans n\u00e9gliger la propret\u00e9 essentielle au confort et au bien-\u00eatre des passagers;<\/li>\n<li>suivre les trajets de routes tels qu&#8217;approuv\u00e9s par le Conseil scolaire;<\/li>\n<li>veiller \u00e0 la s\u00e9curit\u00e9 et au bien-\u00eatre des \u00e9l\u00e8ves transport\u00e9s\u00a0;<\/li>\n<li>maintenir l\u2019ordre et doit veiller a\u0300 ce que les consignes donne\u0301es soient respect\u00e9es. <em>En g\u00e9n\u00e9ral, le conducteur ou la conductrice d&#8217;autobus scolaire d\u00e9tient le m\u00eame degr\u00e9 de responsabilit\u00e9 et le m\u00eame niveau d&#8217;autorit\u00e9 envers les \u00e9l\u00e8ves que l&#8217;enseignant dans une salle de classe\u00a0;<\/em><\/li>\n<li>l&#8217;ensemble des passagers, alors il est justifiable d&#8217;agir avec autorit\u00e9 vis-a\u0300-vis un \u00e9l\u00e8ve qui se rend coupable de comportement qui met en cause le confort et\/ou la s\u00e9curit des autres\u00a0;<\/li>\n<li>faire preuve de respect et de dignit\u00e9, tant en geste qu\u2019en parole, envers leur client\u00e8le\u00a0;<\/li>\n<li>d\u2019aviser le transporteur ou le service du transport dans le cas d\u2019un probl\u00e8me majeur selon les proc\u00e9dures convenues\u00a0;<\/li>\n<li>respecter int\u00e9gralement le code de la route. Toute infraction au code de la route, aux r\u00e8glements, aux r\u00e8gles de bonne conduite, mettant en danger la s\u00e9curit\u00e9 des \u00e9l\u00e8ves am\u00e8nera le retrait sur-le-champ comme conducteur ou conductrice.<\/li>\n<\/ul>\n<p>[\/vc_column_text][\/vc_tta_section][vc_tta_section title=&#8221;En tant que parent, quelles sont mes responsabilit\u00e9s?&#8221; tab_id=&#8221;1494284246825-7106fd23-ae49&#8243;][vc_column_text]<\/p>\n<ul>\n<li>Je dois conna\u00eetre les r\u00e8glements et proc\u00e9dures aff\u00e9rents au service de transport.<\/li>\n<li>Je dois informer mon enfant des r\u00e8gles de conduite et des mesures de s\u00e9curit\u00e9 \u00e0 respecter.<\/li>\n<li>Je suis responsable de la mont\u00e9e de mon enfant dans l\u2019autobus et d\u00e8s qu\u2019il a quitt\u00e9 l\u2019autobus au retour.<\/li>\n<li>Je suis responsable de tout bris ou dommage \u00e0 la propri\u00e9t\u00e9 priv\u00e9e ou publique caus\u00e9 par mon enfant.<\/li>\n<li>Je dois m\u2019assurer que mon enfant se pr\u00e9sente \u00e0 l\u2019arr\u00eat d\u2019autobus au moins quatre minutes \u00e0 l\u2019avance de l\u2019heure indiqu\u00e9e.<\/li>\n<li>Je dois inciter mon enfant \u00e0 redoubler de prudence, car parfois il arrive que des conducteurs d\u2019automobile insouciants ne s\u2019arr\u00eatent pas lorsque les feux clignotants d\u2019un autobus scolaire sont en fonction.<\/li>\n<li>Je dois transmettre soit \u00e0 la direction d\u2019\u00e9cole ou au service du transport toute plainte relative au transport scolaire.<\/li>\n<li>Je dois participer \u00e0 la solution de tout diff\u00e9rend qui peut se pr\u00e9senter.<\/li>\n<li>Je dois transporter mon enfant \u00e0 l\u2019\u00e9cole s\u2019il a perdu son privil\u00e8ge de prendre l\u2019autobus.<\/li>\n<li>Je dois obtenir l\u2019approbation pour tous embarquements ou d\u00e9barquements autres que le trajet r\u00e9gulier aupr\u00e8s du service du transport au moins une journ\u00e9e ou plus \u00e0 l\u2019avance et autoriser par une note sign\u00e9e.<\/li>\n<\/ul>\n<p>[\/vc_column_text][\/vc_tta_section][vc_tta_section title=&#8221;Quel est le comportement que mon enfant doit adopter dans l\u2019autobus?&#8221; tab_id=&#8221;1494284256532-480bde2b-9a63&#8243;][vc_column_text]<\/p>\n<ul>\n<li>Respecte l\u2019autorit\u00e9 du conducteur ou de la conductrice;<\/li>\n<li>Occupe le si\u00e8ge assign\u00e9;<\/li>\n<li>Reste assis;<\/li>\n<li>Est un bon citoyen et est responsable de ses actions;<\/li>\n<li>Respecte les r\u00e8glements et directives;<\/li>\n<li>Garde la t\u00eate et les mains \u00e0 l\u2019int\u00e9rieur de l\u2019autobus;<\/li>\n<li>Ne d\u00e9range pas les autres inutilement;<\/li>\n<li>S\u2019abstient de lancer quoi que ce soit;<\/li>\n<li>Ne jette rien a\u0300 l\u2019int\u00e9rieur ni a\u0300 l\u2019ext\u00e9rieur de l\u2019autobus;<\/li>\n<li>Ramasse ses papiers ou d\u00e9chets;<\/li>\n<li>Maintient un silence absolu au chemin de fer;<\/li>\n<li>Suit les directives du conducteur ou de la conductrice dans les cas d\u2019urgence; et<\/li>\n<li>Ne fume jamais, ne consomme pas d\u2019alcool ou de drogues.<\/li>\n<\/ul>\n<p>[\/vc_column_text][\/vc_tta_section][\/vc_tta_accordion][vc_separator][vc_column_text]<a href=\"https:\/\/centreest.ca\/accueil\/wp-content\/uploads\/2024\/02\/DA-560-CSCE.pdf\"><strong>Directive administrative 560 \u2013 transport scolaire<\/strong><\/a><\/p>\n<div>\n<p><a href=\"https:\/\/centreest.ca\/accueil\/wp-content\/uploads\/2017\/05\/Formulaire-accommodement-transport-scolaire.pdf\"><strong>Formulaire accommodement &#8211; transport scolaire<\/strong><\/a><\/p>\n<p><a href=\"https:\/\/centreest.ca\/accueil\/wp-content\/uploads\/2017\/05\/Formulaire-changement-dadresse.pdf\"><strong>Formulaire de changement d&#8217;adresse<\/strong><\/a><\/p>\n<\/div>\n<p>[\/vc_column_text][\/vc_column][\/vc_row][vc_row][vc_column][vc_separator][\/vc_column][\/vc_row][vc_row][vc_column width=&#8221;1\/2&#8243;][vc_column_text]<img loading=\"lazy\" decoding=\"async\" class=\"aligncenter size-full wp-image-19939\" src=\"https:\/\/centreest.ca\/accueil\/wp-content\/uploads\/2022\/03\/inst1_Insta-Fr.png\" alt=\"\" width=\"2251\" height=\"2813\" srcset=\"https:\/\/centreest.ca\/accueil\/wp-content\/uploads\/2022\/03\/inst1_Insta-Fr.png 2251w, https:\/\/centreest.ca\/accueil\/wp-content\/uploads\/2022\/03\/inst1_Insta-Fr-240x300.png 240w, https:\/\/centreest.ca\/accueil\/wp-content\/uploads\/2022\/03\/inst1_Insta-Fr-819x1024.png 819w, https:\/\/centreest.ca\/accueil\/wp-content\/uploads\/2022\/03\/inst1_Insta-Fr-768x960.png 768w, https:\/\/centreest.ca\/accueil\/wp-content\/uploads\/2022\/03\/inst1_Insta-Fr-1229x1536.png 1229w, https:\/\/centreest.ca\/accueil\/wp-content\/uploads\/2022\/03\/inst1_Insta-Fr-1639x2048.png 1639w, https:\/\/centreest.ca\/accueil\/wp-content\/uploads\/2022\/03\/inst1_Insta-Fr-200x250.png 200w\" sizes=\"auto, (max-width: 2251px) 100vw, 2251px\" \/>[\/vc_column_text][\/vc_column][vc_column width=&#8221;1\/2&#8243;][vc_column_text]<img loading=\"lazy\" decoding=\"async\" class=\"aligncenter size-full wp-image-19943\" src=\"https:\/\/centreest.ca\/accueil\/wp-content\/uploads\/2022\/03\/inst2_Insta2-Fr.png\" alt=\"\" width=\"2251\" height=\"2814\" srcset=\"https:\/\/centreest.ca\/accueil\/wp-content\/uploads\/2022\/03\/inst2_Insta2-Fr.png 2251w, https:\/\/centreest.ca\/accueil\/wp-content\/uploads\/2022\/03\/inst2_Insta2-Fr-240x300.png 240w, https:\/\/centreest.ca\/accueil\/wp-content\/uploads\/2022\/03\/inst2_Insta2-Fr-819x1024.png 819w, https:\/\/centreest.ca\/accueil\/wp-content\/uploads\/2022\/03\/inst2_Insta2-Fr-768x960.png 768w, https:\/\/centreest.ca\/accueil\/wp-content\/uploads\/2022\/03\/inst2_Insta2-Fr-1229x1536.png 1229w, https:\/\/centreest.ca\/accueil\/wp-content\/uploads\/2022\/03\/inst2_Insta2-Fr-1638x2048.png 1638w, https:\/\/centreest.ca\/accueil\/wp-content\/uploads\/2022\/03\/inst2_Insta2-Fr-200x250.png 200w\" sizes=\"auto, (max-width: 2251px) 100vw, 2251px\" \/>[\/vc_column_text][\/vc_column][\/vc_row][vc_row][vc_column][vc_empty_space][\/vc_column][\/vc_row][vc_row][vc_column][vc_column_text]<iframe loading=\"lazy\" src=\"https:\/\/www.youtube.com\/embed\/WcnQo51phUo\" width=\"560\" height=\"515\" frameborder=\"0\" allowfullscreen=\"allowfullscreen\"><\/iframe>[\/vc_column_text][vc_empty_space height=&#8221;62px&#8221;][\/vc_column][\/vc_row]<\/p>\n<\/div>","protected":false},"excerpt":{"rendered":"<p>[vc_row][vc_column width=&#8221;1\/2&#8243;][vc_empty_space][vc_empty_space][vc_empty_space][vc_tta_accordion][vc_tta_section title=&#8221;Qui est admissible au transport scolaire au CSCE?&#8221; tab_id=&#8221;1502738060878-2838bbfe-ecc9&#8243;][vc_column_text]Le Conseil scolaire est heureux d\u2019offrir un service de transport scolaire gratuit pour tous ses \u00e9l\u00e8ves.[\/vc_column_text][\/vc_tta_section][\/vc_tta_accordion][\/vc_column][vc_column width=&#8221;1\/2&#8243;][vc_empty_space][vc_column_text][\/vc_column_text][\/vc_column][\/vc_row][vc_row][vc_column][vc_tta_accordion][vc_tta_section title=&#8221;Recevez les avis [&hellip;]<\/p>\n","protected":false},"author":1,"featured_media":0,"parent":421,"menu_order":0,"comment_status":"closed","ping_status":"closed","template":"","meta":{"footnotes":""},"class_list":["post-480","page","type-page","status-publish","hentry"],"_links":{"self":[{"href":"https:\/\/centreest.ca\/accueil\/wp-json\/wp\/v2\/pages\/480","targetHints":{"allow":["GET"]}}],"collection":[{"href":"https:\/\/centreest.ca\/accueil\/wp-json\/wp\/v2\/pages"}],"about":[{"href":"https:\/\/centreest.ca\/accueil\/wp-json\/wp\/v2\/types\/page"}],"author":[{"embeddable":true,"href":"https:\/\/centreest.ca\/accueil\/wp-json\/wp\/v2\/users\/1"}],"replies":[{"embeddable":true,"href":"https:\/\/centreest.ca\/accueil\/wp-json\/wp\/v2\/comments?post=480"}],"version-history":[{"count":7,"href":"https:\/\/centreest.ca\/accueil\/wp-json\/wp\/v2\/pages\/480\/revisions"}],"predecessor-version":[{"id":24029,"href":"https:\/\/centreest.ca\/accueil\/wp-json\/wp\/v2\/pages\/480\/revisions\/24029"}],"up":[{"embeddable":true,"href":"https:\/\/centreest.ca\/accueil\/wp-json\/wp\/v2\/pages\/421"}],"wp:attachment":[{"href":"https:\/\/centreest.ca\/accueil\/wp-json\/wp\/v2\/media?parent=480"}],"curies":[{"name":"wp","href":"https:\/\/api.w.org\/{rel}","templated":true}]}}