{"id":475,"date":"2017-03-14T02:51:36","date_gmt":"2017-03-14T02:51:36","guid":{"rendered":"https:\/\/centreest.ca\/accueil\/?page_id=475&#038;lang=fr"},"modified":"2022-11-15T10:04:39","modified_gmt":"2022-11-15T17:04:39","slug":"pedagogie-et-programmes","status":"publish","type":"page","link":"https:\/\/centreest.ca\/accueil\/parents-et-eleves\/pedagogie-et-programmes\/","title":{"rendered":"P\u00e9dagogie et programmes"},"content":{"rendered":"<div class=\"wpb-content-wrapper\"><p>[vc_row][vc_column width=&#8221;1\/4&#8243;][vc_wp_custommenu nav_menu=&#8221;99&#8243;][\/vc_column][vc_column width=&#8221;3\/4&#8243;][vc_empty_space][vc_column_text]<\/p>\n<h1><span style=\"color: #8dc63f;\">Visons l\u2019excellence<\/span><\/h1>\n<p>[\/vc_column_text][vc_tta_accordion][vc_tta_section title=&#8221;UN PROGRAMME ACAD\u00c9MIQUE PAR EXCELLENCE&#8221; tab_id=&#8221;1501704973916-b27425f9-09ec&#8221;][vc_column_text]Chaque \u00e9l\u00e8ve re\u00e7oit une \u00e9ducation de langue fran\u00e7aise qui contribue \u00e0 son bien-\u00eatre, \u00e0 sa culture et \u00e0 sa citoyennet\u00e9 universelle. Notre programme acad\u00e9mique est conforme aux programmes <em>d\u2019Alberta Education<\/em>. Il est compl\u00e9ment\u00e9 par plusieurs mati\u00e8res telles que religion, beaux-arts, int\u00e9gration de la technologie et activit\u00e9s physiques quotidiennes.<\/p>\n<p>D\u00e8s la troisi\u00e8me ann\u00e9e, l\u2019apprentissage de l\u2019anglais est \u00e9galement au programme. Les parents sont heureux de d\u00e9couvrir que les r\u00e9sultats de nos \u00e9l\u00e8ves dans cette mati\u00e8re se comparent admirablement bien \u00e0 ceux des \u00e9coles de langue anglaise en Alberta.[\/vc_column_text][\/vc_tta_section][\/vc_tta_accordion][vc_empty_space][vc_column_text]<\/p>\n<h1><span style=\"color: #8dc63f;\">Francisation<\/span><\/h1>\n<p>[\/vc_column_text][vc_tta_accordion][vc_tta_section title=&#8221;Bilinguisme de qualit\u00e9&#8221; tab_id=&#8221;1501705042631-8d4b329f-1429&#8243;][vc_column_text]Le Conseil scolaire Centre-Est offre aussi dans chacune de ses \u00e9coles un programme de francisation qui a pour but de faciliter l\u2019int\u00e9gration des \u00e9l\u00e8ves. Dans ce programme, les \u00e9l\u00e8ves auront la chance d\u2019acqu\u00e9rir des connaissances, des habilet\u00e9s orales, une attitude positive face \u00e0 la langue fran\u00e7aise ainsi qu\u2019un sentiment d\u2019appartenance \u00e0 la communaut\u00e9 francophone. Inscrire son enfant dans une \u00e9cole francophone c\u2019est la maitrise durable des deux langues officielles. Ainsi, l\u2019atteinte du bilinguisme de haut niveau chez votre enfant lui garantira un avenir professionnel prometteur, des opportunit\u00e9s inestimables.[\/vc_column_text][\/vc_tta_section][\/vc_tta_accordion][vc_empty_space][vc_column_text]<\/p>\n<h1><span style=\"color: #8dc63f;\">Autres<\/span><\/h1>\n<p>[\/vc_column_text][vc_tta_accordion][vc_tta_section title=&#8221;Service de counselling \u2013 bien-\u00eatre des \u00e9l\u00e8ves&#8221; tab_id=&#8221;1501705377361-01892899-d0fa&#8221;][vc_column_text]Nous veillons \u00e0 ce que le milieu dans lequel chemine votre enfant lui permette non seulement de s\u2019instruire et d\u2019apprendre, mais aussi de d\u00e9velopper son sens des responsabilit\u00e9s, son autonomie, son leadeurship en plus de sa confiance en soi.<\/p>\n<p>Notre conseill\u00e8re au bien-\u00eatre des \u00e9l\u00e8ves, <em>Mme Stephanie Ubsdell<\/em>, du centre DragonFly, est disponible pour nos \u00e9l\u00e8ves afin de leur offrir un service de counselling et les aidera \u00e0 surmonter un \u00e9ventail de difficult\u00e9s psychologiques, \u00e9motionelles, relationnelles, sociales ou personnelles tout proposant un plan davantage individualis\u00e9 pour les \u00e9l\u00e8ves qui auront besoin de ce soutien.<\/p>\n<p><strong>Mme Stephanie Ubsdell<\/strong><\/p>\n<p><strong><em>The DragonFly Centre<\/em><\/strong><br \/>\n<a href=\"mailto:stephanie@thedragonflycentre.com\" target=\"_blank\" rel=\"noopener\"><strong>stephanie@thedragonflycentre.com<\/strong><\/a>[\/vc_column_text][\/vc_tta_section][vc_tta_section title=&#8221;Orientation, pers\u00e9v\u00e9rance et engagement des \u00e9l\u00e8ves&#8221; tab_id=&#8221;1501705439558-fcb2cb57-f9a2&#8243;][vc_column_text]Ch\u00e9rissant l\u2019id\u00e9e que chacun de nos \u00e9l\u00e8ves puisse avoir la chance de porter un r\u00eave qui lui est propre tout en animant ses plus grandes aspirations, nous sommes heureux de compter parmi notre \u00e9quipe notre conseiller en orientation et \u00e0 l\u2019engagement des \u00e9l\u00e8ves qui se fera un plaisir de r\u00e9pondre \u00e0 vos questions concernant :<strong>\u00a0<\/strong><\/p>\n<p>o\u00a0\u00a0 L\u2019identification des int\u00e9r\u00eats, aptitudes, traits de personnalit\u00e9 et valeurs de l\u2019\u00e9l\u00e8ve en vue de conseiller les parents sur les moyens \u00e0 prendre en vue d\u2019accompagner leurs enfants dans la d\u00e9marche de d\u00e9finition et l\u2019accomplissement de son projet de formation et d\u2019orientation;<\/p>\n<p>o\u00a0\u00a0 L\u2019exploration des programmes dans la pr\u00e9paration des demandes de bourses, relev\u00e9s et de demandes d\u2019admission aux institutions post-secondaires;<\/p>\n<p>o\u00a0\u00a0 Les professions, le march\u00e9 du travail, les s\u00e9jours linguistiques et les programmes de stages;<\/p>\n<p>o\u00a0\u00a0 L\u2019inscription et les \u00e9tapes \u00e0 suivre pour atteindre son objectif scolaire ou professionnel;<\/p>\n<p>o\u00a0\u00a0 Les strat\u00e9gies pour maintenir la motivation de l\u2019\u00e9l\u00e8ve et guider pour mieux r\u00e9ussir \u00e0 l\u2019\u00e9cole.<strong>\u00a0<\/strong><\/p>\n<p><strong>Interventions<\/strong><\/p>\n<ul>\n<li>Entrevues individuelles et de groupes<\/li>\n<li>Rencontres d\u2019information (groupe classe)<\/li>\n<li>\u00c9valuation psychom\u00e9trique (tests d\u2019aptitudes, d\u2019int\u00e9r\u00eats et de personnalit\u00e9)<\/li>\n<li>Connaissance de soi<\/li>\n<li>Information sur les programmes de formation, les carri\u00e8res et le march\u00e9 du travail<\/li>\n<li>Mise \u00e0 jour des dossiers de cr\u00e9dits<\/li>\n<\/ul>\n<p><strong>Activit\u00e9s diverses<\/strong><\/p>\n<ul>\n<li>Rencontres d\u2019information avec diff\u00e9rents intervenants<\/li>\n<li>Journ\u00e9e \u201c Portes ouvertes \u201d dans les institutions d\u2019enseignement<\/li>\n<li>Utilisation du logiciel Career Cruising<\/li>\n<li>Consultation des sites WEB<\/li>\n<li>Cr\u00e9ation d\u2019un curriculum vitae en fran\u00e7ais et en anglais<\/li>\n<\/ul>\n<p>En tout temps, les \u00e9l\u00e8ves peuvent poser des questions \u00e0 notre\u00a0conseiller en orientation et \u00e0 l\u2019engagement des \u00e9l\u00e8ves\u00a0et prendre rendez-vous avec lui.<\/p>\n<p><em>Vous pouvez communiquer via courriel \u00e0 cette adresse,\u00a0<b><u><span style=\"color: #b51a00;\"><a href=\"mailto:tgratton@centreest.ca\" target=\"_blank\" rel=\"noopener\">tgratton@centreest.ca<\/a><\/span><\/u><\/b><\/em><em>\u00a0et\/ou demander \u00e0 la direction afin d\u2019organiser une rencontre lors de sa prochaine visite \u00e0 l\u2019\u00e9cole de votre enfant!<\/em>[\/vc_column_text][\/vc_tta_section][vc_tta_section title=&#8221;Inclusion (Adaptation scolaire)&#8221; tab_id=&#8221;1501705256539-a850d649-d267&#8243;][vc_column_text]Le <a href=\"http:\/\/www.reseauadaptation.ca\/\" target=\"_blank\" rel=\"noopener\">R\u00e9seau provincial d\u2019adaptation scolaire<\/a> fournit une gamme de services aux \u00e9coles afin de mieux r\u00e9pondre \u00e0 la fois aux besoins \u00e9ducatifs des \u00e9l\u00e8ves ayant des besoins sp\u00e9ciaux et ceux de l\u2019\u00e9quipe-\u00e9cole.[\/vc_column_text][\/vc_tta_section][vc_tta_section title=&#8221;Programme T\u00c9\u00c9&#8221; tab_id=&#8221;1668531497511-46e56b9d-c3d7&#8243;][vc_column_text]<\/p>\n<h2 align=\"justify\">Programme des travailleuses et travailleurs d&#8217;\u00e9tablissement dans les \u00e9coles (T\u00c9\u00c9)<\/h2>\n<div align=\"justify\"><\/div>\n<div align=\"justify\">En partenariat avec le <a href=\"https:\/\/www.canaf.ca\/\" target=\"_blank\" rel=\"noopener\">CANAF<\/a> et la <a href=\"https:\/\/www.frap.ca\/copie-de-services-integration\" target=\"_blank\" rel=\"noopener\">FRAP,<\/a> le programme T\u00c9\u00c9 est offert dans trois \u00e9coles du CSCE, depuis d\u00e9cembre 2021.<\/div>\n<div align=\"justify\"><\/div>\n<div align=\"justify\">Ce programme est mis en place pour r\u00e9pondre aux besoins des nouveaux arrivants et de leurs familles.\u00a0Les travailleuses et travailleurs d\u2019\u00e9tablissement dans les \u00e9coles (T\u00c9\u00c9) ont pour mission de faciliter l\u2019int\u00e9gration et la r\u00e9ussite scolaire des \u00e9l\u00e8ves nouvellement arriv\u00e9s dans les \u00e9coles du CSCE et de favoriser leur plein \u00e9panouissement et celui de leur famille dans leur nouvel environnement \u00e9conomique, social et culturel.<\/div>\n<div align=\"justify\"><\/div>\n<div align=\"justify\">Les services offerts incluent :<\/div>\n<ul>\n<li>Une pr\u00e9sence physique ou virtuelle dans les \u00e9coles pour aider les \u00e9l\u00e8ves et leur famille ;<\/li>\n<li>Accompagnement des \u00e9l\u00e8ves et leurs parents pour s\u2019adapter au syst\u00e8me scolaire et \u00e0 la vie au Canada;<\/li>\n<li>Sensibilisation des membres de la communaut\u00e9 scolaire afin de favoriser l\u2019\u00e9tablissement des familles nouvellement arriv\u00e9es dans un milieu scolaire accueillant;<\/li>\n<li>S\u00e9ances d\u2019information et ateliers pour le personnel, les parents et\/ou les jeunes nouvellement arriv\u00e9s.<\/li>\n<\/ul>\n<div align=\"justify\">Le CSCE accueille avec enthousiasme cette nouvelle initiative au sein de ces \u00e9coles, afin que les Francophones nouvellement arriv\u00e9s dans nos collectivit\u00e9s puissent recevoir un soutien important et continu.<\/div>\n<p>[\/vc_column_text][\/vc_tta_section][vc_tta_section title=&#8221;\u00c0 la fine pointe de la technologie&#8221; tab_id=&#8221;1501705399352-c938804a-e661&#8243;][vc_column_text]Les \u00e9coles du CSCE sont dot\u00e9es de solutions mobiles sans fil, accessibles \u00e0 tous. Les \u00e9l\u00e8ves de la pr\u00e9maternelle \u00e0 la 6e ann\u00e9e ont acc\u00e8s aux studios <em>iMac<\/em> ainsi qu\u2019aux chariots ambulants de <em>Macbook Pro<\/em>. Au secondaire, chaque \u00e9l\u00e8ve a acc\u00e8s \u00e0 son ordinateur portable <em>Macbook Pro<\/em> pour la dur\u00e9e de ses \u00e9tudes. La majorit\u00e9 des salles de classe dans les \u00e9coles du CSCE sont aussi munies de tableaux <em>Smart<\/em>.<\/p>\n<p>&nbsp;<\/p>\n<p>&nbsp;<\/p>\n<h3>Technologie \u00e9ducative<\/h3>\n<p>o\u00a0\u00a0 Chaque classe est munie d\u2019un tableau interactif (TBI) qui permet de faire des activit\u00e9s dynamiques, ludiques et interactives avec les \u00e9l\u00e8ves, permettant une projection de diff\u00e9rents m\u00e9dias et ressources distinctes et adapt\u00e9es;<\/p>\n<p>o\u00a0\u00a0 Au primaire, des ordinateurs Macs sont disponibles, un ratio qui est un peu plus \u00e9lev\u00e9 que 1\u00a0:1. En plus de cet accessibilit\u00e9, un laboratoire de iMacs est disponible pour nos \u00e9l\u00e8ves.<\/p>\n<p>o\u00a0\u00a0 Chacun des \u00e9l\u00e8ves de la 7<sup>e<\/sup>\u00a0\u00e0 la 12<sup>e<\/sup>\u00a0ann\u00e9e a acc\u00e8s \u00e0 un ordinateur Mac (plusieurs projets cr\u00e9atifs sont r\u00e9alis\u00e9s avec les produits iLife \u2013 iMovie, Garageband, photobooth, etc.). Nos \u00e9l\u00e8ves ont \u00e9galement la chance de b\u00e9n\u00e9ficier d\u2019un \u00e9cran vert pour permettre la cr\u00e9ation de vid\u00e9o quelle que soit l\u2019arri\u00e8re-sc\u00e8ne choisie.<\/p>\n<p>o\u00a0\u00a0 Ces derniers peuvent apporter leur ordinateur \u00e0 la maison, en plus d\u2019avoir la chance de b\u00e9n\u00e9ficier d\u2019un plan d\u2019achat d\u2019ordinateur.<\/p>\n<p>o\u00a0\u00a0 Nos \u00e9l\u00e8ves ont \u00e9galement acc\u00e8s \u00e0 de nombreux outils web 2.0 qui sont utilis\u00e9s en classe pour rendre l\u2019apprentissage vari\u00e9 et particuli\u00e8rement int\u00e9ressant.[\/vc_column_text][\/vc_tta_section][vc_tta_section title=&#8221;Cours compl\u00e9mentaires&#8221; tab_id=&#8221;1501705356377-1c104c0a-ea6c&#8221;][vc_column_text]Le Conseil scolaire Centre-Est est fier d\u2019avoir un programme bien \u00e9quilibr\u00e9 dans ses communaut\u00e9s scolaires. Un \u00e9l\u00e8ve qui fr\u00e9quente une de nos \u00e9coles est assur\u00e9 de recevoir une excellente vari\u00e9t\u00e9 de programmes compl\u00e9mentaires qui comprennent les beaux-arts, l\u2019\u00e9ducation en plein-air et une vari\u00e9t\u00e9 de cours d\u2019\u00c9tudes professionnelles et technologiques (\u00c9PT).\u00a0 La musique, la robotique, la technologie de la construction, l\u2019art dramatique ainsi que le multim\u00e9dia sont quelques exemples de cours auxquels votre enfant aura acc\u00e8s.[\/vc_column_text][\/vc_tta_section][vc_tta_section title=&#8221;Programme de nutrition&#8221; tab_id=&#8221;1501705478165-4b8e68af-7630&#8243;][vc_column_text]Ce programme, \u00ab <em>Je nourris ma r\u00e9ussite!\u00a0<\/em>\u00bb voit le jour pour notre conseil scolaire selon les fonds octroy\u00e9s par le minist\u00e8re dans le but d\u2019offrir un repas gratuit pour <u>tous les \u00e9l\u00e8ves de la maternelle \u00e0 la 12<sup>e<\/sup> ann\u00e9e<\/u>.[\/vc_column_text][\/vc_tta_section][vc_tta_section title=&#8221;Pr\u00e9maternelle&#8221; tab_id=&#8221;1501705256508-ff7530ae-e3d7&#8243;][vc_column_text]Depuis 2008, le programme de pr\u00e9maternelle est int\u00e9gr\u00e9 pleinement \u00e0 la programmation scolaire r\u00e9guli\u00e8re. Le CSCE cherche \u00e0 permettre \u00e0 l\u2019enfant, de par son excellent programme de pr\u00e9maternelle, de poursuivre son cheminement personnel en se connaissant mieux lui-m\u00eame et en \u00e9tant capable de r\u00e9pondre \u00e0 ses propres besoins, d\u2019enrichir sa capacit\u00e9 d\u2019entrer en relation avec les autres par l\u2019entremise du jeu, de la culture et de la langue fran\u00e7aise.<\/p>\n<p><em>\u00ab\u00a0\u00c9cole enfantine\u00a0\u00bb &#8211; \u00e9cole du Sommet<\/em><\/p>\n<p><em>\u00ab\u00a0Coin des lutins\u00a0\u00bb &#8211; \u00e9cole des Beaux-Lacs<\/em><\/p>\n<p><em>\u00ab\u00a0Les Kinou-Choux\u00a0\u00bb &#8211; \u00e9cole Voyageur<\/em><\/p>\n<p><em>\u00ab\u00a0Coin de curieux\u00a0\u00bb &#8211; \u00e9cole Beaus\u00e9jour<\/em><\/p>\n<p><em>\u00ab\u00a0Les quatre saisons\u00a0\u00bb &#8211; \u00e9cole Sainte-Catherine<\/em>[\/vc_column_text][\/vc_tta_section][\/vc_tta_accordion][vc_empty_space height=&#8221;62px&#8221;][\/vc_column][\/vc_row]<\/p>\n<\/div>","protected":false},"excerpt":{"rendered":"<p>[vc_row][vc_column width=&#8221;1\/4&#8243;][vc_wp_custommenu nav_menu=&#8221;99&#8243;][\/vc_column][vc_column width=&#8221;3\/4&#8243;][vc_empty_space][vc_column_text] Visons l\u2019excellence [\/vc_column_text][vc_tta_accordion][vc_tta_section title=&#8221;UN PROGRAMME ACAD\u00c9MIQUE PAR EXCELLENCE&#8221; tab_id=&#8221;1501704973916-b27425f9-09ec&#8221;][vc_column_text]Chaque \u00e9l\u00e8ve re\u00e7oit une \u00e9ducation de langue fran\u00e7aise qui contribue \u00e0 son bien-\u00eatre, \u00e0 sa culture et \u00e0 [&hellip;]<\/p>\n","protected":false},"author":1,"featured_media":0,"parent":421,"menu_order":0,"comment_status":"closed","ping_status":"closed","template":"","meta":{"footnotes":""},"class_list":["post-475","page","type-page","status-publish","hentry"],"_links":{"self":[{"href":"https:\/\/centreest.ca\/accueil\/wp-json\/wp\/v2\/pages\/475","targetHints":{"allow":["GET"]}}],"collection":[{"href":"https:\/\/centreest.ca\/accueil\/wp-json\/wp\/v2\/pages"}],"about":[{"href":"https:\/\/centreest.ca\/accueil\/wp-json\/wp\/v2\/types\/page"}],"author":[{"embeddable":true,"href":"https:\/\/centreest.ca\/accueil\/wp-json\/wp\/v2\/users\/1"}],"replies":[{"embeddable":true,"href":"https:\/\/centreest.ca\/accueil\/wp-json\/wp\/v2\/comments?post=475"}],"version-history":[{"count":6,"href":"https:\/\/centreest.ca\/accueil\/wp-json\/wp\/v2\/pages\/475\/revisions"}],"predecessor-version":[{"id":21436,"href":"https:\/\/centreest.ca\/accueil\/wp-json\/wp\/v2\/pages\/475\/revisions\/21436"}],"up":[{"embeddable":true,"href":"https:\/\/centreest.ca\/accueil\/wp-json\/wp\/v2\/pages\/421"}],"wp:attachment":[{"href":"https:\/\/centreest.ca\/accueil\/wp-json\/wp\/v2\/media?parent=475"}],"curies":[{"name":"wp","href":"https:\/\/api.w.org\/{rel}","templated":true}]}}