{"id":471,"date":"2017-03-14T02:51:02","date_gmt":"2017-03-14T02:51:02","guid":{"rendered":"https:\/\/centreest.ca\/accueil\/?page_id=471&#038;lang=fr"},"modified":"2026-01-30T15:51:40","modified_gmt":"2026-01-30T22:51:40","slug":"admission-et-inscription","status":"publish","type":"page","link":"https:\/\/centreest.ca\/accueil\/parents-et-eleves\/admission-et-inscription\/","title":{"rendered":"Admission et inscription"},"content":{"rendered":"<div class=\"wpb-content-wrapper\"><p>[vc_row][vc_column width=&#8221;1\/4&#8243;][vc_wp_custommenu nav_menu=&#8221;99&#8243;][\/vc_column][vc_column width=&#8221;3\/4&#8243;][vc_btn title=&#8221;Remplir le formulaire en ligne&#8221; style=&#8221;3d&#8221; color=&#8221;success&#8221; size=&#8221;lg&#8221; align=&#8221;center&#8221; el_class=&#8221;registration-btn&#8221;][vc_empty_space][vc_column_text]<\/p>\n<h1>Qui peut fr\u00e9quenter nos \u00e9coles?<\/h1>\n<p>[\/vc_column_text][vc_separator color=&#8221;green&#8221;][vc_column_text]<\/p>\n<h2><span style=\"color: #8dc63f;\">LE DROIT D\u2019ADMISSION\u00a0<\/span><\/h2>\n<p>L\u2019article 23 garantit l\u2019admission \u00e0 une \u00e9cole francophone aux enfants de trois cat\u00e9gories de citoyens canadiens :<\/p>\n<ol>\n<li>Un parent dont la premi\u00e8re langue apprise et encore comprise est celle de la minorit\u00e9 francophone ;<\/li>\n<li>Un parent qui a re\u00e7u son instruction au niveau primaire en fran\u00e7ais au Canada ;<\/li>\n<li>Les fr\u00e8res et s\u0153urs d\u2019un enfant qui a re\u00e7u ou re\u00e7oit son instruction au niveau primaire ou\u00a0secondaire en fran\u00e7ais au Canada.<\/li>\n<\/ol>\n<p>[\/vc_column_text][vc_empty_space][vc_column_text]<\/p>\n<h2><span style=\"color: #8dc63f;\">LA PERMISSION D\u2019ADMISSION<\/span><\/h2>\n<p>Un \u00e9l\u00e9ment du droit de gestion est d\u2019accorder l\u2019admission \u00e0 des personnes provenant de l\u2019ext\u00e9rieur des trois cat\u00e9gories qui sont garanties d\u2019admission \u00e0 l\u2019article 23. Cela refl\u00e8te aussi l\u2019\u00e9l\u00e9ment r\u00e9parateur de l\u2019article 23. Donc, les personnes dans les cat\u00e9gories suivantes peuvent demander au CSCE la permission d\u2019admission pour leurs enfants :<\/p>\n<p><strong>Cat\u00e9gorie anc\u00eatre francophone<\/strong><\/p>\n<ol>\n<li>Un parent canadien doit \u00eatre en mesure d\u2019\u00e9tablir qu\u2019il a un anc\u00eatre francophone canadien.<\/li>\n<li>L\u2019objet est de r\u00e9cup\u00e9rer les g\u00e9n\u00e9rations francophones perdues par l\u2019assimilation depuis 1867. C\u2019est reconna\u00eetre l\u2019aspect r\u00e9parateur de l\u2019article 23.<\/li>\n<\/ol>\n<p><strong>Cat\u00e9gorie immigration<\/strong><\/p>\n<ol>\n<li>Un parent non citoyen canadien qui r\u00e9side en province\/territoire et qui parle le fran\u00e7ais ou qui ne parle ni l\u2019anglais ni le fran\u00e7ais et qui choisit de s\u2019int\u00e9grer \u00e0 la communaut\u00e9 francophone peut demander l\u2019admission pour ses enfants.<\/li>\n<li>L\u2019objet est d\u2019int\u00e9grer les non-citoyens canadiens \u00e0 la communaut\u00e9 francophone. Cela assure la vitalit\u00e9 de la communaut\u00e9 ainsi que sa diversit\u00e9 multiculturelle dans un contexte de dualit\u00e9 linguistique.<\/li>\n<\/ol>\n<p><strong>Cat\u00e9gorie anglophone<\/strong><\/p>\n<ol>\n<li>Un parent anglophone qui choisit de s\u2019int\u00e9grer \u00e0 la communaut\u00e9 francophone peut faire une\u00a0demande d\u2019admission pour ses enfants.<\/li>\n<\/ol>\n<p><em>*r\u00e9f\u00e9rence<\/em>\u00a0<a href=\"http:\/\/www.centreest.ca\/pdf\/directives\/4\/da_301_admission_2015.pdf\">directive administrative 301<\/a>\u00a0, \u00a0<a href=\"http:\/\/www.centreest.ca\/pdf\/directives\/166\/formulaire_da_301a.pdf\" target=\"_blank\" rel=\"noopener noreferrer\">directive administrative 301a<\/a> ,\u00a0<a href=\"http:\/\/www.centreest.ca\/pdf\/directives\/167\/formulaire_da_301b.pdf\" target=\"_blank\" rel=\"noopener noreferrer\">directive administrative 301b<\/a>[\/vc_column_text][vc_empty_space height=&#8221;42px&#8221;][vc_column_text css=&#8221;&#8221; el_class=&#8221;registration-btn&#8221;]<a href=\"https:\/\/centreest.ca\/accueil\/formulaire-dinscription\/\" target=\"_blank\" rel=\"noopener noreferrer\"><strong><em>Formulaires d\u2019inscription 2025-2026<\/em><\/strong><\/a>[\/vc_column_text][vc_empty_space height=&#8221;62px&#8221;][\/vc_column][\/vc_row]<\/p>\n<\/div>","protected":false},"excerpt":{"rendered":"<p>[vc_row][vc_column width=&#8221;1\/4&#8243;][vc_wp_custommenu nav_menu=&#8221;99&#8243;][\/vc_column][vc_column width=&#8221;3\/4&#8243;][vc_btn title=&#8221;Remplir le formulaire en ligne&#8221; style=&#8221;3d&#8221; color=&#8221;success&#8221; size=&#8221;lg&#8221; align=&#8221;center&#8221; el_class=&#8221;registration-btn&#8221;][vc_empty_space][vc_column_text] Qui peut fr\u00e9quenter nos \u00e9coles? [\/vc_column_text][vc_separator color=&#8221;green&#8221;][vc_column_text] LE DROIT D\u2019ADMISSION\u00a0 L\u2019article 23 garantit l\u2019admission \u00e0 une [&hellip;]<\/p>\n","protected":false},"author":1,"featured_media":0,"parent":421,"menu_order":0,"comment_status":"closed","ping_status":"closed","template":"","meta":{"footnotes":""},"class_list":["post-471","page","type-page","status-publish","hentry"],"_links":{"self":[{"href":"https:\/\/centreest.ca\/accueil\/wp-json\/wp\/v2\/pages\/471","targetHints":{"allow":["GET"]}}],"collection":[{"href":"https:\/\/centreest.ca\/accueil\/wp-json\/wp\/v2\/pages"}],"about":[{"href":"https:\/\/centreest.ca\/accueil\/wp-json\/wp\/v2\/types\/page"}],"author":[{"embeddable":true,"href":"https:\/\/centreest.ca\/accueil\/wp-json\/wp\/v2\/users\/1"}],"replies":[{"embeddable":true,"href":"https:\/\/centreest.ca\/accueil\/wp-json\/wp\/v2\/comments?post=471"}],"version-history":[{"count":5,"href":"https:\/\/centreest.ca\/accueil\/wp-json\/wp\/v2\/pages\/471\/revisions"}],"predecessor-version":[{"id":28089,"href":"https:\/\/centreest.ca\/accueil\/wp-json\/wp\/v2\/pages\/471\/revisions\/28089"}],"up":[{"embeddable":true,"href":"https:\/\/centreest.ca\/accueil\/wp-json\/wp\/v2\/pages\/421"}],"wp:attachment":[{"href":"https:\/\/centreest.ca\/accueil\/wp-json\/wp\/v2\/media?parent=471"}],"curies":[{"name":"wp","href":"https:\/\/api.w.org\/{rel}","templated":true}]}}