{"id":460,"date":"2017-03-13T23:27:18","date_gmt":"2017-03-13T23:27:18","guid":{"rendered":"https:\/\/centreest.ca\/accueil\/?page_id=460&#038;lang=fr"},"modified":"2026-03-26T13:29:05","modified_gmt":"2026-03-26T19:29:05","slug":"carrieres","status":"publish","type":"page","link":"https:\/\/centreest.ca\/accueil\/travailler-chez-nous\/carrieres\/","title":{"rendered":"Carri\u00e8res"},"content":{"rendered":"<div class=\"wpb-content-wrapper\"><p>[vc_row][vc_column width=&#8221;1\/4&#8243;][vc_wp_custommenu nav_menu=&#8221;101&#8243;][\/vc_column][vc_column width=&#8221;3\/4&#8243;][vc_column_text css=&#8221;&#8221;]<\/p>\n<h1><strong>Carri\u00e8res\u00a0<\/strong><\/h1>\n<p><!--a=1--><!--a=1--><!--a=1--><!--a=1-->[\/vc_column_text][vc_separator][vc_column_text css=&#8221;&#8221;]<strong>Certifi\u00e9 (1)<\/strong><\/p>\n<p><a href=\"https:\/\/centreest.ca\/accueil\/wp-content\/uploads\/2026\/01\/suppleants_evo_appelatous_jan26.pdf\" target=\"_blank\" rel=\"noopener\">Suppl\u00e9ant(e)s certifi\u00e9(e)s &#8211; \u00c9cole Voyageur &#8211; Cold Lake<\/a>[\/vc_column_text][vc_separator][vc_empty_space height=&#8221;18px&#8221;][vc_separator][vc_column_text]<\/p>\n<h2><span style=\"color: #8dc63f;\">Empressez-vous de vous faire conna\u00eetre<br \/>\net joignez-vous \u00e0 notre \u00e9quipe! <\/span><\/h2>\n<p>[\/vc_column_text][vc_column_text]<img loading=\"lazy\" decoding=\"async\" class=\"wp-image-1449 alignright\" src=\"https:\/\/centreest.ca\/accueil\/wp-content\/uploads\/2017\/03\/LOW_CArriere-300x200.jpg\" alt=\"\" width=\"400\" height=\"267\" srcset=\"https:\/\/centreest.ca\/accueil\/wp-content\/uploads\/2017\/03\/LOW_CArriere-300x200.jpg 300w, https:\/\/centreest.ca\/accueil\/wp-content\/uploads\/2017\/03\/LOW_CArriere-768x512.jpg 768w, https:\/\/centreest.ca\/accueil\/wp-content\/uploads\/2017\/03\/LOW_CArriere-1024x683.jpg 1024w, https:\/\/centreest.ca\/accueil\/wp-content\/uploads\/2017\/03\/LOW_CArriere.jpg 1382w\" sizes=\"auto, (max-width: 400px) 100vw, 400px\" \/>Comme nous garantissons l\u2019excellence de nos services offerts \u00e0 nos \u00e9l\u00e8ves et \u00e0 nos familles, il importe de mettre en place des gens comp\u00e9tents et ambitieux, des gens soucieux d\u2019offrir ce qu\u2019il y a de mieux pour d\u00e9velopper le plein potentiel de chaque \u00e9l\u00e8ve. Tant les membres du personnel de soutien que des enseignants(es), tous, ont un r\u00f4le crucial \u00e0 jouer \u2013 l\u2019apport de chacun est pr\u00e9cieux. L\u2019accomplissement de notre mission d\u00e9pend du\u00a0savoir-\u00eatre, savoir-faire et du bien\u00eatre de notre \u00e9quipe.<\/p>\n<p>Nous veillons \u00e0 proposer \u00e0 chacun des employ\u00e9s un cadre \u00e9panouissant et un d\u00e9veloppement de ses comp\u00e9tences. Le bien\u00eatre des \u00e9l\u00e8ves passe par le bien\u00eatre des\u00a0professionnels qui les accompagnent \u2013 notre principale conviction. Nous formons une \u00e9quipe solide o\u00f9 la collaboration, l\u2019engagement et la valorisation coexistent.<\/p>\n<p>Si vous d\u00e9sirez collaborer, travailler en \u00e9quipe, joindre un environnement de travail qui valorise la cr\u00e9ativit\u00e9 et croit \u00e0 l\u2019accomplissement de sa mission, et ce, au quotidien, joignez-vous \u00e0 nous.<\/p>\n<p><em>Si aucune offre d\u2019emploi n\u2019est affich\u00e9e, prenez les devants et faites-nous parvenir par courriel, par la poste ou en\u00a0personne, votre dossier de candidature (lettre de pr\u00e9sentation, curriculum vitae, Portfolio, toute documentation pertinente permettant de vous d\u00e9marquer!) et il nous fera\u00a0plaisir de vous informer s\u2019il y a une opportunit\u00e9 qui pourrait correspondre \u00e0 votre profil de comp\u00e9tences!<\/em><\/p>\n<div><\/div>\n<div>Contactez-nous par courriel, \u00e0 l&#8217;adresse suivante : <a href=\"mailto:rh@centreest.ca\" target=\"_blank\" rel=\"noopener\">rh@centreest.ca<\/a><\/div>\n<div><\/div>\n<div><\/div>\n<p>[\/vc_column_text][vc_empty_space height=&#8221;22px&#8221;][vc_empty_space height=&#8221;62px&#8221;][vc_empty_space height=&#8221;62px&#8221;][\/vc_column][\/vc_row][vc_row][vc_column][vc_column_text]<\/p>\n<p><!--a=1-->[\/vc_column_text][\/vc_column][\/vc_row][vc_row][vc_column][vc_column_text]<\/p>\n<p><!--a=1-->[\/vc_column_text][\/vc_column][\/vc_row][vc_row][vc_column][vc_column_text]<\/p>\n<p><!--a=1-->[\/vc_column_text][\/vc_column][\/vc_row][vc_row][vc_column][vc_column_text]<\/p>\n<p><!--a=1-->[\/vc_column_text][\/vc_column][\/vc_row][vc_row][vc_column][vc_column_text]<\/p>\n<p><!--a=1-->[\/vc_column_text][\/vc_column][\/vc_row][vc_row][vc_column][vc_column_text]<\/p>\n<p><!--a=1-->[\/vc_column_text][\/vc_column][\/vc_row]<\/p>\n<\/div>","protected":false},"excerpt":{"rendered":"<p>[vc_row][vc_column width=&#8221;1\/4&#8243;][vc_wp_custommenu nav_menu=&#8221;101&#8243;][\/vc_column][vc_column width=&#8221;3\/4&#8243;][vc_column_text css=&#8221;&#8221;] Carri\u00e8res\u00a0 [\/vc_column_text][vc_separator][vc_column_text css=&#8221;&#8221;]Certifi\u00e9 (1) Suppl\u00e9ant(e)s certifi\u00e9(e)s &#8211; \u00c9cole Voyageur &#8211; Cold Lake[\/vc_column_text][vc_separator][vc_empty_space height=&#8221;18px&#8221;][vc_separator][vc_column_text] Empressez-vous de vous faire conna\u00eetre et joignez-vous \u00e0 notre \u00e9quipe! [\/vc_column_text][vc_column_text]Comme nous [&hellip;]<\/p>\n","protected":false},"author":1,"featured_media":0,"parent":454,"menu_order":0,"comment_status":"closed","ping_status":"closed","template":"","meta":{"footnotes":""},"class_list":["post-460","page","type-page","status-publish","hentry"],"_links":{"self":[{"href":"https:\/\/centreest.ca\/accueil\/wp-json\/wp\/v2\/pages\/460","targetHints":{"allow":["GET"]}}],"collection":[{"href":"https:\/\/centreest.ca\/accueil\/wp-json\/wp\/v2\/pages"}],"about":[{"href":"https:\/\/centreest.ca\/accueil\/wp-json\/wp\/v2\/types\/page"}],"author":[{"embeddable":true,"href":"https:\/\/centreest.ca\/accueil\/wp-json\/wp\/v2\/users\/1"}],"replies":[{"embeddable":true,"href":"https:\/\/centreest.ca\/accueil\/wp-json\/wp\/v2\/comments?post=460"}],"version-history":[{"count":8,"href":"https:\/\/centreest.ca\/accueil\/wp-json\/wp\/v2\/pages\/460\/revisions"}],"predecessor-version":[{"id":28478,"href":"https:\/\/centreest.ca\/accueil\/wp-json\/wp\/v2\/pages\/460\/revisions\/28478"}],"up":[{"embeddable":true,"href":"https:\/\/centreest.ca\/accueil\/wp-json\/wp\/v2\/pages\/454"}],"wp:attachment":[{"href":"https:\/\/centreest.ca\/accueil\/wp-json\/wp\/v2\/media?parent=460"}],"curies":[{"name":"wp","href":"https:\/\/api.w.org\/{rel}","templated":true}]}}