{"id":441,"date":"2017-03-13T23:22:46","date_gmt":"2017-03-13T23:22:46","guid":{"rendered":"https:\/\/centreest.ca\/accueil\/?page_id=441&#038;lang=fr"},"modified":"2022-12-05T15:58:47","modified_gmt":"2022-12-05T22:58:47","slug":"programme-daide-aux-employes","status":"publish","type":"page","link":"https:\/\/centreest.ca\/accueil\/employes\/programme-daide-aux-employes\/","title":{"rendered":"Programme d\u2019aide aux employ\u00e9s"},"content":{"rendered":"<div class=\"wpb-content-wrapper\"><p>[vc_row][vc_column width=&#8221;1\/4&#8243;][vc_wp_custommenu nav_menu=&#8221;100&#8243;][\/vc_column][vc_column width=&#8221;3\/4&#8243;][vc_empty_space][vc_column_text]Nous sommes heureux que nos employ\u00e9s puissent b\u00e9n\u00e9ficier du PAEF (Programme d\u2019aide aux employ\u00e9s et leur famille) par l\u2019entremise d\u2019ASEBP (Alberta School Employee Benefits Plan).<\/p>\n<p>Consultez le <a href=\"https:\/\/www.asebp.ca\/news\/all-about-our-new-efap\" target=\"_blank\" rel=\"noopener\">site d&#8217;ASEBP<\/a> pour plus de d\u00e9tails.<\/p>\n<p>&nbsp;<\/p>\n<p>&nbsp;<\/p>\n<p>&nbsp;<\/p>\n<p>Le PAEF donne acc\u00e8s, en toute confidentialit\u00e9, \u00e0 des services personnalis\u00e9s de counseling, d&#8217;aide \u00e0 prendre des mesures pratiques et efficaces pour am\u00e9liorer la qualit\u00e9 de vie et permet \u00e0 nos employ\u00e9s de s\u2019\u00e9panouir.\u00a0 Tout ceci dans un souci de pure confidentialit\u00e9, pour aider os employ\u00e9s \u00e0 surmonter une vaste gamme de difficult\u00e9s personnelles ou professionnelles que ce soit en personne, par t\u00e9l\u00e9phone ou en ligne. Ce programme s\u2019adresse \u00e0 toutes les personnes salari\u00e9es au CSCE.[\/vc_column_text][\/vc_column][\/vc_row][vc_row][vc_column width=&#8221;1\/3&#8243;][\/vc_column][vc_column width=&#8221;1\/4&#8243;][vc_column_text]<\/p>\n<ul>\n<li>Probl\u00e8mes familiaux<\/li>\n<li>Difficult\u00e9s conjugales<\/li>\n<li>Probl\u00e8mes relationnels<\/li>\n<li>D\u00e9pendance<\/li>\n<li>Anxi\u00e9t\u00e9<\/li>\n<li>D\u00e9pression<\/li>\n<\/ul>\n<p>[\/vc_column_text][\/vc_column][vc_column width=&#8221;1\/4&#8243;][vc_column_text]<\/p>\n<ul>\n<li>P\u00e9riodes de transitions ou de changements importants<\/li>\n<li>Deuil<\/li>\n<li>Stress<\/li>\n<li>Autres difficult\u00e9s personelles<\/li>\n<\/ul>\n<p>[\/vc_column_text][\/vc_column][\/vc_row][vc_row][vc_column width=&#8221;1\/4&#8243;][\/vc_column][vc_column width=&#8221;1\/3&#8243;][vc_column_text]<\/p>\n<h3><span style=\"color: #8dc63f;\">AUTRES SERVICES<\/span><\/h3>\n<p>Services de counseling en style de vie\u00a0:<\/p>\n<ul>\n<li>sant\u00e9<\/li>\n<li>\u00e9quilibre de vie<\/li>\n<li>carri\u00e8re<\/li>\n<\/ul>\n<p>[\/vc_column_text][\/vc_column][vc_column width=&#8221;1\/3&#8243;][vc_column_text]<\/p>\n<h3><span style=\"color: #8dc63f;\">RESSOURCES EN LIGNE<\/span><\/h3>\n<ul>\n<li>cours en ligne<\/li>\n<li>des outils interactifs<\/li>\n<li>des questionnaires d\u2019\u00e9valuation de la sant\u00e9 et du mieux-\u00eatre<\/li>\n<li>articles sur la sant\u00e9, la conciliation travail-famille et le milieu de travail.<\/li>\n<\/ul>\n<p>[\/vc_column_text][\/vc_column][\/vc_row][vc_row][vc_column][vc_empty_space height=&#8221;62px&#8221;][\/vc_column][\/vc_row]<\/p>\n<\/div>","protected":false},"excerpt":{"rendered":"<p>[vc_row][vc_column width=&#8221;1\/4&#8243;][vc_wp_custommenu nav_menu=&#8221;100&#8243;][\/vc_column][vc_column width=&#8221;3\/4&#8243;][vc_empty_space][vc_column_text]Nous sommes heureux que nos employ\u00e9s puissent b\u00e9n\u00e9ficier du PAEF (Programme d\u2019aide aux employ\u00e9s et leur famille) par l\u2019entremise d\u2019ASEBP (Alberta School Employee Benefits Plan). Consultez le [&hellip;]<\/p>\n","protected":false},"author":1,"featured_media":0,"parent":424,"menu_order":0,"comment_status":"closed","ping_status":"closed","template":"","meta":{"footnotes":""},"class_list":["post-441","page","type-page","status-publish","hentry"],"_links":{"self":[{"href":"https:\/\/centreest.ca\/accueil\/wp-json\/wp\/v2\/pages\/441","targetHints":{"allow":["GET"]}}],"collection":[{"href":"https:\/\/centreest.ca\/accueil\/wp-json\/wp\/v2\/pages"}],"about":[{"href":"https:\/\/centreest.ca\/accueil\/wp-json\/wp\/v2\/types\/page"}],"author":[{"embeddable":true,"href":"https:\/\/centreest.ca\/accueil\/wp-json\/wp\/v2\/users\/1"}],"replies":[{"embeddable":true,"href":"https:\/\/centreest.ca\/accueil\/wp-json\/wp\/v2\/comments?post=441"}],"version-history":[{"count":6,"href":"https:\/\/centreest.ca\/accueil\/wp-json\/wp\/v2\/pages\/441\/revisions"}],"predecessor-version":[{"id":21539,"href":"https:\/\/centreest.ca\/accueil\/wp-json\/wp\/v2\/pages\/441\/revisions\/21539"}],"up":[{"embeddable":true,"href":"https:\/\/centreest.ca\/accueil\/wp-json\/wp\/v2\/pages\/424"}],"wp:attachment":[{"href":"https:\/\/centreest.ca\/accueil\/wp-json\/wp\/v2\/media?parent=441"}],"curies":[{"name":"wp","href":"https:\/\/api.w.org\/{rel}","templated":true}]}}