{"id":438,"date":"2017-03-13T23:22:09","date_gmt":"2017-03-13T23:22:09","guid":{"rendered":"https:\/\/centreest.ca\/accueil\/?page_id=438&#038;lang=fr"},"modified":"2024-03-06T16:29:17","modified_gmt":"2024-03-06T23:29:17","slug":"programme-dachat-dordinateur","status":"publish","type":"page","link":"https:\/\/centreest.ca\/accueil\/employes\/programme-dachat-dordinateur\/","title":{"rendered":"Programme d\u2019achat d\u2019ordinateur"},"content":{"rendered":"<div class=\"wpb-content-wrapper\"><p>[vc_row][vc_column width=&#8221;1\/4&#8243;][vc_wp_custommenu nav_menu=&#8221;100&#8243;][\/vc_column][vc_column width=&#8221;3\/4&#8243;][vc_empty_space][vc_column_text]Soucieux de la place que la technologie occupe dans le monde du travail actuel, sp\u00e9cialement dans le monde de l\u2019\u00e9ducation, nous avons mis sur pied un programme d\u2019acquisition d\u2019ordinateurs pour nos employ\u00e9s.<\/p>\n<hr \/>\n<p>Le Conseil scolaire Centre-Est est fier d\u2019offrir cette opportunit\u00e9, car nos employ\u00e9s ont la chance d\u2019acqu\u00e9rir des \u00e9quipements informatiques APPLE \u00e0 un co\u00fbt r\u00e9duit en plus d\u2019avoir la chance d\u2019\u00e9taler cet achat sous la forme d\u2019un pre\u0302t, sans inte\u0301re\u0302t, et ce, pendant l&#8217;ann\u00e9e scolaire en cours.<\/p>\n<p><a href=\"https:\/\/centreest.ca\/accueil\/wp-content\/uploads\/2022\/10\/F-DA-achat-ordi-pdf.pdf\" target=\"_blank\" rel=\"noopener\"><strong>Formulaire &#8211; Programme d&#8217;achat d&#8217;ordinateur<\/strong><\/a>[\/vc_column_text][vc_tta_accordion][vc_tta_section title=&#8221;Suis-je admissible au programme d\u2019achat?&#8221; tab_id=&#8221;1504557520191-f32643b6-e60d&#8221;][vc_column_text]Ce programme annuel est offert \u00e0 tous les employ\u00e9s certifi\u00e9s (contrat continu) et les employ\u00e9s de soutien (contrat de 12 mois), au service du CSCE, depuis plus de deux ans.\u00a0Pour les employ\u00e9s certifi\u00e9s, sous contrat probatoire ou temporaire, ainsi que le personnel de soutien, d\u00e9tenant un contrat d\u2019emploi de 10 mois, il est possible pour ces derniers de soumettre une demande au service des ressources humaines, mais la d\u00e9cision sera prise cas par cas, en concertation avec le service informatique.[\/vc_column_text][\/vc_tta_section][vc_tta_section title=&#8221;Est-ce que je rec\u0327ois une confirmation par courriel lorsque ma demande est accepte\u0301e?&#8221; tab_id=&#8221;1504557519791-f566b312-cd30&#8243;][vc_column_text]Oui. Une fois cette confirmation re\u00e7ue, si elle est positive, vous pourrez proc\u00e9der \u00e0 votre demande d\u2019achat directement sur le site Web d\u2019Apple, en fonction des \u00e9tapes d\u00e9crites ci-bas.[\/vc_column_text][\/vc_tta_section][vc_tta_section title=&#8221;Quels sont les \u00e9quipements admissibles au programme d\u2019achat?&#8221; tab_id=&#8221;1504557519325-a4f6c0a7-98c9&#8243;][vc_column_text]Les aux ordinateurs, tablettes et accessoires (iMac, MacBook, MacBook Air, MacBook pro, Mac pro, iPad, iPad mini, etc..). Vous aurez \u00e9galement le libre choix sur le mod\u00e8le voulu et la configuration (ex. iMac, MacBook Pro, MacBook Air, Macbook).[\/vc_column_text][\/vc_tta_section][vc_tta_section title=&#8221;Comment dois-je proc\u00e9der pour faire ma demande d\u2019achat?&#8221; tab_id=&#8221;1504557461526-eb0468bf-0639&#8243;][vc_column_text]<\/p>\n<ol>\n<li>Rendez-vous sur le site web d\u2019apple au\u00a0:\u00a0<a href=\"http:\/\/www.apple.com\/ca\/fr\/mac\/\" target=\"_blank\" rel=\"noopener\">http:\/\/www.apple.com\/ca\/fr\/mac\/<\/a><\/li>\n<li>Choisissez le mod\u00e8le que vous souhaitez acheter cliquez sur \u00ab\u00a0Magasiner\u00a0\u00bb<\/li>\n<li>Choisissez ce que vous d\u00e9sirez au fil des \u00e9tapes.<\/li>\n<li>Une fois accomplie cliquez sur \u00ab\u00a0Ajouter au sac\u00a0\u00bb.<\/li>\n<li>\u00c0 cette \u00e9tape, faite une capture d\u2019\u00e9cran (Commande\u00a0+\u00a0Maj\u00a0+\u00a04) de ce que vous avez choisi ET svp l\u2019envoyer par courriel \u00e0 Jacques Nkogo ou au service informatique, support@centreest.ca.<\/li>\n<\/ol>\n<p><em>Toute commande d\u00e9sir\u00e9e devra OBLIGATOIREMENT \u00eatre communiqu\u00e9e \u00e0 notre<\/em><\/p>\n<p><em>Administrateur des syst\u00e8mes informatiques, Jacques Nkogo. \u2013 jnkogo@centreest.ca<\/em>[\/vc_column_text][\/vc_tta_section][vc_tta_section title=&#8221;Quel est le fonctionnement pour \u00e9taler le financement de mon achat?&#8221; tab_id=&#8221;1504557460834-d1c06dc9-a93e&#8221;][vc_column_text]En fonction du total de votre achat, un montant sera d\u00e9duit sur votre paie jusqu\u2019\u00e0 concurrence de remboursement total. Le service des ressources humaines en concertation avec les services informatique et de la comptabilit\u00e9 feront les suivis requis pour faire les arrangements n\u00e9cessaires sur votre paie. L\u2019application de la re\u0301cupe\u0301ration du pre\u0302t d\u00e9bute sur la paie qui suivra l\u2019obtention de votre signature de la reconnaissance de la dette (formulaire \u00e0 cette fin).[\/vc_column_text][\/vc_tta_section][vc_tta_section title=&#8221;Est-ce vrai que je b\u00e9n\u00e9ficie d\u2019un co\u00fbt r\u00e9duit si je deviens propri\u00e9taire de mon ordinateur via le programme d\u2019achat du Conseil scolaire?&#8221; tab_id=&#8221;1504557459502-caa3a132-2b01&#8243;][vc_column_text]C\u2019est possible. S\u2019il est d\u00e9montr\u00e9 que votre ordinateur sera utilis\u00e9 \u00e0 des fins p\u00e9dagogiques (en salle de classe) vous pourriez b\u00e9n\u00e9ficier d\u2019une remise de 300$ sur le prix d\u2019achat.[\/vc_column_text][\/vc_tta_section][vc_tta_section title=&#8221;Si je d\u00e9cide de quitter d\u00e9finitivement le Conseil scolaire, qu\u2019advient-il de mon solde?&#8221; tab_id=&#8221;1504557423396-cd3bd314-42e7&#8243;][vc_column_text]Du moment que vous prenez la d\u00e9cision de quitter le Conseil scolaire, sous la r\u00e9ception de votre lettre de d\u00e9mission, le solde du montant restant, devra \u00eatre acquitt\u00e9 imm\u00e9diatement, sans quoi le montant sera automatiquement d\u00e9duit votre derni\u00e8re paie.[\/vc_column_text][\/vc_tta_section][\/vc_tta_accordion][vc_empty_space height=&#8221;62px&#8221;][vc_empty_space height=&#8221;62px&#8221;][\/vc_column][\/vc_row]<\/p>\n<\/div>","protected":false},"excerpt":{"rendered":"<p>[vc_row][vc_column width=&#8221;1\/4&#8243;][vc_wp_custommenu nav_menu=&#8221;100&#8243;][\/vc_column][vc_column width=&#8221;3\/4&#8243;][vc_empty_space][vc_column_text]Soucieux de la place que la technologie occupe dans le monde du travail actuel, sp\u00e9cialement dans le monde de l\u2019\u00e9ducation, nous avons mis sur pied un programme [&hellip;]<\/p>\n","protected":false},"author":1,"featured_media":0,"parent":424,"menu_order":0,"comment_status":"closed","ping_status":"closed","template":"","meta":{"footnotes":""},"class_list":["post-438","page","type-page","status-publish","hentry"],"_links":{"self":[{"href":"https:\/\/centreest.ca\/accueil\/wp-json\/wp\/v2\/pages\/438","targetHints":{"allow":["GET"]}}],"collection":[{"href":"https:\/\/centreest.ca\/accueil\/wp-json\/wp\/v2\/pages"}],"about":[{"href":"https:\/\/centreest.ca\/accueil\/wp-json\/wp\/v2\/types\/page"}],"author":[{"embeddable":true,"href":"https:\/\/centreest.ca\/accueil\/wp-json\/wp\/v2\/users\/1"}],"replies":[{"embeddable":true,"href":"https:\/\/centreest.ca\/accueil\/wp-json\/wp\/v2\/comments?post=438"}],"version-history":[{"count":6,"href":"https:\/\/centreest.ca\/accueil\/wp-json\/wp\/v2\/pages\/438\/revisions"}],"predecessor-version":[{"id":24039,"href":"https:\/\/centreest.ca\/accueil\/wp-json\/wp\/v2\/pages\/438\/revisions\/24039"}],"up":[{"embeddable":true,"href":"https:\/\/centreest.ca\/accueil\/wp-json\/wp\/v2\/pages\/424"}],"wp:attachment":[{"href":"https:\/\/centreest.ca\/accueil\/wp-json\/wp\/v2\/media?parent=438"}],"curies":[{"name":"wp","href":"https:\/\/api.w.org\/{rel}","templated":true}]}}