{"id":402,"date":"2017-03-13T21:54:18","date_gmt":"2017-03-13T21:54:18","guid":{"rendered":"https:\/\/centreest.ca\/accueil\/?page_id=402&#038;lang=fr"},"modified":"2026-02-23T10:33:39","modified_gmt":"2026-02-23T17:33:39","slug":"conseillers-scolaires","status":"publish","type":"page","link":"https:\/\/centreest.ca\/accueil\/le-csce\/conseillers-scolaires\/","title":{"rendered":"Le Conseil"},"content":{"rendered":"<div class=\"wpb-content-wrapper\"><p>[vc_row css=&#8221;.vc_custom_1509548040453{margin-bottom: -50px !important;border-bottom-width: -50px !important;padding-bottom: -50px !important;}&#8221;][vc_column width=&#8221;1\/4&#8243;][vc_wp_custommenu nav_menu=&#8221;98&#8243;][\/vc_column][vc_column width=&#8221;3\/4&#8243;][vc_empty_space height=&#8221;12px&#8221;][vc_column_text css=&#8221;&#8221;]<\/p>\n<h2>CONSEILLERS 2025-2026<\/h2>\n<p>[\/vc_column_text][vc_column_text css=&#8221;&#8221;]Les conseillers sont des repr\u00e9sentants(es) \u00e9lus(es) dans chacune des r\u00e9gions du Conseil scolaire Centre-Est. Ces individus repr\u00e9sentent les parents francophones et exogames qui ont des enfants dans chacune des \u00e9coles francophones.<\/p>\n<p>Pour toute demande d&#8217;entrevue avec les membres du conseil, veuillez communiquer avec la Secr\u00e9taire g\u00e9n\u00e9rale, Kaitlyn Demers \u00e0 <a href=\"mailto:kdemers@centreest.ca\" target=\"_blank\" rel=\"noopener\">kdemers@centreest.ca<\/a>[\/vc_column_text]\t<div class=\"enginerr-section-one container-fluid no-padding\">\r\n\t\t<div class=\"container\">\r\n\t\t\t\t\t\t<div class=\"row\">\r\n\t\t\t\t\t\t\t\t\t<div class=\"col-md-4 col-sm-4 col-xs-3 q_team enginerr-content\">\r\n\t\t\t\t\t\t<div class=\"feature_box_block no_flip\">\r\n\t\t\t\t\t\t\t<div class=\"featurebox_inner\">\r\n\t\t\t\t\t\t\t\t<div class=\"feature_box flip_box front\">\r\n\t\t\t\t\t\t\t\t\t<img loading=\"lazy\" decoding=\"async\" width=\"215\" height=\"264\" src=\"https:\/\/centreest.ca\/accueil\/wp-content\/uploads\/2022\/02\/Danielle-215x264.jpg\" class=\"attachment-enginerrs-215-264 size-enginerrs-215-264 wp-post-image\" alt=\"\" srcset=\"https:\/\/centreest.ca\/accueil\/wp-content\/uploads\/2022\/02\/Danielle-215x264.jpg 215w, https:\/\/centreest.ca\/accueil\/wp-content\/uploads\/2022\/02\/Danielle-264x325.jpg 264w\" sizes=\"auto, (max-width: 215px) 100vw, 215px\" \/>\t\t\t\t\t\t\t\t<\/div>\r\n\t\t\t\t\t\t\t\t\t\t\t\t\t\t\t<\/div>\r\n\t\t\t\t\t\t<\/div>\r\n\t\t\t\t\t\t<div class=\"enginerr-item\">\r\n\t\t\t\t\t\t\t<h2>Danielle Larsen<\/h2>\t\t\t\t\t\t\t\t\t\t\t\t\t\t\t<p>Pr\u00e9sidente<\/p>\r\n\t\t\t\t\t\t\t\t\t\t\t\t\t\t\t\t<div class=\"team-desc\">\r\n\t\t\t\t\t\t\t\t\t<p>Publique<\/p>\n\t\t\t\t\t\t\t\t<\/div>\r\n\t\t\t\t\t\t\t\t\t\t\t\t\t\t\t\t<a href=\"mailto:dlarsen@centreest.ca\">\r\n\t\t\t\t\t\t\t\t\tdlarsen@centreest.ca\t\t\t\t\t\t\t\t<\/a>\r\n\t\t\t\t\t\t\t\t\t\t\t\t\t\t<\/div>\r\n\t\t\t\t\t<\/div>\r\n\t\t\t\t\t\t\t\t\t\t<div class=\"col-md-4 col-sm-4 col-xs-3 q_team enginerr-content\">\r\n\t\t\t\t\t\t<div class=\"feature_box_block no_flip\">\r\n\t\t\t\t\t\t\t<div class=\"featurebox_inner\">\r\n\t\t\t\t\t\t\t\t<div class=\"feature_box flip_box front\">\r\n\t\t\t\t\t\t\t\t\t<img loading=\"lazy\" decoding=\"async\" width=\"215\" height=\"264\" src=\"https:\/\/centreest.ca\/accueil\/wp-content\/uploads\/2022\/02\/Jennifer-215x264.jpg\" class=\"attachment-enginerrs-215-264 size-enginerrs-215-264 wp-post-image\" alt=\"\" srcset=\"https:\/\/centreest.ca\/accueil\/wp-content\/uploads\/2022\/02\/Jennifer-215x264.jpg 215w, https:\/\/centreest.ca\/accueil\/wp-content\/uploads\/2022\/02\/Jennifer-264x325.jpg 264w\" sizes=\"auto, (max-width: 215px) 100vw, 215px\" \/>\t\t\t\t\t\t\t\t<\/div>\r\n\t\t\t\t\t\t\t\t\t\t\t\t\t\t\t<\/div>\r\n\t\t\t\t\t\t<\/div>\r\n\t\t\t\t\t\t<div class=\"enginerr-item\">\r\n\t\t\t\t\t\t\t<h2>Jennifer Leclerc<\/h2>\t\t\t\t\t\t\t\t\t\t\t\t\t\t\t<p>Vice-pr\u00e9sidente<\/p>\r\n\t\t\t\t\t\t\t\t\t\t\t\t\t\t\t\t<div class=\"team-desc\">\r\n\t\t\t\t\t\t\t\t\t<p>Catholique, Cold Lake<\/p>\n\t\t\t\t\t\t\t\t<\/div>\r\n\t\t\t\t\t\t\t\t\t\t\t\t\t\t\t\t<a href=\"mailto:jleclerc@centreest.ca\">\r\n\t\t\t\t\t\t\t\t\tjleclerc@centreest.ca\t\t\t\t\t\t\t\t<\/a>\r\n\t\t\t\t\t\t\t\t\t\t\t\t\t\t<\/div>\r\n\t\t\t\t\t<\/div>\r\n\t\t\t\t\t\t\t\t\t\t<div class=\"col-md-4 col-sm-4 col-xs-3 q_team enginerr-content\">\r\n\t\t\t\t\t\t<div class=\"feature_box_block no_flip\">\r\n\t\t\t\t\t\t\t<div class=\"featurebox_inner\">\r\n\t\t\t\t\t\t\t\t<div class=\"feature_box flip_box front\">\r\n\t\t\t\t\t\t\t\t\t<img loading=\"lazy\" decoding=\"async\" width=\"215\" height=\"264\" src=\"https:\/\/centreest.ca\/accueil\/wp-content\/uploads\/2022\/02\/Miguel-215x264.jpg\" class=\"attachment-enginerrs-215-264 size-enginerrs-215-264 wp-post-image\" alt=\"\" srcset=\"https:\/\/centreest.ca\/accueil\/wp-content\/uploads\/2022\/02\/Miguel-215x264.jpg 215w, https:\/\/centreest.ca\/accueil\/wp-content\/uploads\/2022\/02\/Miguel-264x325.jpg 264w\" sizes=\"auto, (max-width: 215px) 100vw, 215px\" \/>\t\t\t\t\t\t\t\t<\/div>\r\n\t\t\t\t\t\t\t\t\t\t\t\t\t\t\t<\/div>\r\n\t\t\t\t\t\t<\/div>\r\n\t\t\t\t\t\t<div class=\"enginerr-item\">\r\n\t\t\t\t\t\t\t<h2>Miguel Poulin<\/h2>\t\t\t\t\t\t\t\t\t\t\t\t\t\t\t<p>Conseiller<\/p>\r\n\t\t\t\t\t\t\t\t\t\t\t\t\t\t\t\t<div class=\"team-desc\">\r\n\t\t\t\t\t\t\t\t\t<p>Catholique, St-Paul<\/p>\n\t\t\t\t\t\t\t\t<\/div>\r\n\t\t\t\t\t\t\t\t\t\t\t\t\t\t\t\t<a href=\"mailto:mpoulin@centreest.ca\">\r\n\t\t\t\t\t\t\t\t\tmpoulin@centreest.ca\t\t\t\t\t\t\t\t<\/a>\r\n\t\t\t\t\t\t\t\t\t\t\t\t\t\t<\/div>\r\n\t\t\t\t\t<\/div>\r\n\t\t\t\t\t\t\t\t\t\t<div class=\"col-md-4 col-sm-4 col-xs-3 q_team enginerr-content\">\r\n\t\t\t\t\t\t<div class=\"feature_box_block no_flip\">\r\n\t\t\t\t\t\t\t<div class=\"featurebox_inner\">\r\n\t\t\t\t\t\t\t\t<div class=\"feature_box flip_box front\">\r\n\t\t\t\t\t\t\t\t\t<img loading=\"lazy\" decoding=\"async\" width=\"215\" height=\"264\" src=\"https:\/\/centreest.ca\/accueil\/wp-content\/uploads\/2022\/02\/Colette-B-215x264.png\" class=\"attachment-enginerrs-215-264 size-enginerrs-215-264 wp-post-image\" alt=\"\" srcset=\"https:\/\/centreest.ca\/accueil\/wp-content\/uploads\/2022\/02\/Colette-B-215x264.png 215w, https:\/\/centreest.ca\/accueil\/wp-content\/uploads\/2022\/02\/Colette-B-264x325.png 264w\" sizes=\"auto, (max-width: 215px) 100vw, 215px\" \/>\t\t\t\t\t\t\t\t<\/div>\r\n\t\t\t\t\t\t\t\t\t\t\t\t\t\t\t<\/div>\r\n\t\t\t\t\t\t<\/div>\r\n\t\t\t\t\t\t<div class=\"enginerr-item\">\r\n\t\t\t\t\t\t\t<h2>Colette Borgun<\/h2>\t\t\t\t\t\t\t\t\t\t\t\t\t\t\t<p>Conseill\u00e8re<\/p>\r\n\t\t\t\t\t\t\t\t\t\t\t\t\t\t\t\t<div class=\"team-desc\">\r\n\t\t\t\t\t\t\t\t\t<p>Catholique, Plamondon\/Lac La Biche<\/p>\n\t\t\t\t\t\t\t\t<\/div>\r\n\t\t\t\t\t\t\t\t\t\t\t\t\t\t\t\t<a href=\"mailto:cborgun@centreest.ca\">\r\n\t\t\t\t\t\t\t\t\tcborgun@centreest.ca\t\t\t\t\t\t\t\t<\/a>\r\n\t\t\t\t\t\t\t\t\t\t\t\t\t\t<\/div>\r\n\t\t\t\t\t<\/div>\r\n\t\t\t\t\t\t\t\t\t\t<div class=\"col-md-4 col-sm-4 col-xs-3 q_team enginerr-content\">\r\n\t\t\t\t\t\t<div class=\"feature_box_block no_flip\">\r\n\t\t\t\t\t\t\t<div class=\"featurebox_inner\">\r\n\t\t\t\t\t\t\t\t<div class=\"feature_box flip_box front\">\r\n\t\t\t\t\t\t\t\t\t\t\t\t\t\t\t\t\t<\/div>\r\n\t\t\t\t\t\t\t\t\t\t\t\t\t\t\t<\/div>\r\n\t\t\t\t\t\t<\/div>\r\n\t\t\t\t\t\t<div class=\"enginerr-item\">\r\n\t\t\t\t\t\t\t<h2>Karoline Farmer<\/h2>\t\t\t\t\t\t\t\t\t\t\t\t\t\t\t<p>Conseill\u00e8re<\/p>\r\n\t\t\t\t\t\t\t\t\t\t\t\t\t\t\t\t<div class=\"team-desc\">\r\n\t\t\t\t\t\t\t\t\t<p>Catholique, Bonnyville<\/p>\n\t\t\t\t\t\t\t\t<\/div>\r\n\t\t\t\t\t\t\t\t\t\t\t\t\t\t\t\t<a href=\"mailto:kfarmer@centreest.ca\">\r\n\t\t\t\t\t\t\t\t\tkfarmer@centreest.ca\t\t\t\t\t\t\t\t<\/a>\r\n\t\t\t\t\t\t\t\t\t\t\t\t\t\t<\/div>\r\n\t\t\t\t\t<\/div>\r\n\t\t\t\t\t\t\t\r\n\t\t\t<\/div>\r\n\t\t<\/div>\r\n\t<\/div>\r\n\t[\/vc_column][\/vc_row][vc_row][vc_column width=&#8221;1\/4&#8243;][\/vc_column][vc_column width=&#8221;3\/4&#8243;][vc_separator][vc_column_text css=&#8221;&#8221;]<\/p>\n<h2>R\u00e9unions publiques 2025-2026<\/h2>\n<p>[\/vc_column_text][vc_column_text css=&#8221;&#8221;]<\/p>\n<ul>\n<li><b>Le 20 novembre 2025, 17h \u00e0 18h30, <\/b><em>Bureau Central \u00e0 St-Paul : <\/em>Au fait<\/li>\n<li><strong>Le 22 janvier 2026,\u00a0<\/strong><b>17h \u00e0 18h30, <\/b><em>Bureau Central \u00e0 St-Paul : <\/em>Au fait<\/li>\n<li><strong>Le 19 f\u00e9vrier 2026,\u00a0<\/strong><b>17h \u00e0 18h30, <\/b><em>Bureau Central \u00e0 St-Paul : <\/em>Au fait<\/li>\n<li><strong>Le 26 mars 2026, <\/strong><b>17h \u00e0 18h30, <\/b><em>Bureau Central \u00e0 St-Paul : <\/em>Au fait<\/li>\n<li><strong>Le 23 avril 2026,\u00a0<\/strong><b>17h \u00e0 18h30, <\/b><em>\u00c9cole Voyageur \u00e0 Cold Lake : <\/em>Au fait<\/li>\n<li><strong>Le 21 mai 2026,\u00a0<\/strong><b>17h \u00e0 18h30, <\/b><em>Bureau Central \u00e0 St-Paul : <\/em>Au fait<\/li>\n<li><strong>Le 18 juin 2026,\u00a0<\/strong><b>17h \u00e0 18h30, <\/b><em>Bureau Central \u00e0 St-Paul : <\/em>Au fait<\/li>\n<\/ul>\n<p>[\/vc_column_text][\/vc_column][\/vc_row][vc_row][vc_column width=&#8221;1\/4&#8243;][\/vc_column][vc_column width=&#8221;3\/4&#8243;][vc_separator][vc_column_text css=&#8221;&#8221;]<\/p>\n<h2>Divulgation des d\u00e9penses des \u00e9lus<\/h2>\n<hr \/>\n<ul>\n<li><a href=\"https:\/\/centreest.ca\/accueil\/wp-content\/uploads\/2025\/03\/Rapport-de-depenses-des-conseillers-sept-2024-a-janvier-2025.pdf\" target=\"_blank\" rel=\"noopener\">Rapport semestriel de d\u00e9penses &#8211; sept 2024 \u00e0 jan 2025<\/a><\/li>\n<\/ul>\n<p>[\/vc_column_text][vc_separator][vc_column_text]<\/p>\n<h2>Quels sont les r\u00f4les et responsabilit\u00e9s des conseillers scolaires ?<\/h2>\n<p>Les conseils scolaires de l\u2019Alberta aident \u00e0 fa\u00e7onner l\u2019avenir des communaut\u00e9s locales en g\u00e9rant l\u2019\u00e9ducation des jeunes. Le gouvernement provincial, par l\u2019interm\u00e9diaire du minist\u00e8re de l\u2019\u00c9ducation, d\u00e9l\u00e8gue aux conseillers scolaires le pouvoir de prendre des d\u00e9cisions quant \u00e0 l\u2019orientation et \u00e0 la qualit\u00e9 de l\u2019\u00e9ducation publique. La responsabilit\u00e9 publique directe est assur\u00e9e par l\u2019\u00e9lection des conseillers scolaires tous les quatre ans.<\/p>\n<p><strong><em>(Source : Alberta School Boards Association)\u00a0<\/em><\/strong>[\/vc_column_text][\/vc_column][\/vc_row][vc_row][vc_column width=&#8221;1\/4&#8243;][\/vc_column][vc_column width=&#8221;3\/4&#8243;][vc_tta_accordion][vc_tta_section title=&#8221;Les responsabilit\u00e9s des conseils scolaires&#8221; tab_id=&#8221;1494262252594-57efc15c-bfe2&#8243;][vc_column_text]Les conseils scolaires doivent s\u2019assurer que tous les enfants de la communaut\u00e9 re\u00e7oivent une \u00e9ducation de qualit\u00e9. D\u2019autres responsabilit\u00e9s leur incombent, soit celle de\u00a0:<\/p>\n<p>&nbsp;<\/p>\n<ul>\n<li>communiquer, informer et encourager l\u2019implication des parents, du personnel et de la communaut\u00e9 dans les d\u00e9cisions et les activit\u00e9s du conseil scolaire\u00a0;<\/li>\n<li>pr\u00e9parer un budget annuel permettant de r\u00e9aliser les priorit\u00e9s du conseil\u00a0;<\/li>\n<li>\u00e9tablir des objectifs et des priorit\u00e9s qui permettent d\u2019atteindre les normes d\u2019\u00e9ducation \u00e9tablies par la province et de r\u00e9pondre aux besoins des \u00e9l\u00e8ves, en plus de refl\u00e9ter les souhaits exprim\u00e9s par la communaut\u00e9\u00a0;<\/li>\n<li>\u00e9laborer et mettre en application des politiques sur les normes et les attentes concernant les actions de l\u2019administration, des enseignants et des \u00e9l\u00e8ves\u00a0;<\/li>\n<li>faire pression sur les gouvernements municipaux et la province afin de faire avancer les dossiers prioritaires li\u00e9s \u00e0 l\u2019\u00e9ducation\u00a0;<\/li>\n<li>trancher les appels interjet\u00e9s portant sur des d\u00e9cisions ou des politiques du conseil scolaire\u00a0;<\/li>\n<li>embaucher et \u00e9valuer le directeur g\u00e9n\u00e9ral.<\/li>\n<\/ul>\n<p>[\/vc_column_text][\/vc_tta_section][vc_tta_section title=&#8221;Le r\u00f4le des conseillers scolaires&#8221; tab_id=&#8221;1494262252621-2f30d70b-cacf&#8221;][vc_column_text]Une des principales responsabilit\u00e9s des conseillers scolaires est d\u2019assurer la liaison avec les communaut\u00e9s locales afin de conna\u00eetre les valeurs et les besoins de tous les citoyens afin d\u2019en tenir compte lorsqu\u2019ils ont des d\u00e9cisions \u00e0 prendre. Il est important de se rappeler que les conseillers scolaires ne repr\u00e9sentent pas seulement une \u00e9cole, un quartier ou une communaut\u00e9. Leurs d\u00e9cisions doivent donc refl\u00e9ter les besoins de la communaut\u00e9 tout enti\u00e8re. \u00c0 titre de r\u00e9pr\u00e9sentants \u00e9lus, les conseillers scolaires jouent les r\u00f4les suivants\u00a0:<\/p>\n<p>&nbsp;<\/p>\n<p><strong>Communicateurs\u00a0:<\/strong> Les conseillers scolaires communiquent avec les membres de la communaut\u00e9 afin de s\u2019assurer que leurs pr\u00e9occupations soient prises en compte et qu\u2019ils puissent s\u2019exprimer sur ce que leurs enfants apprennent \u00e0 l\u2019\u00e9cole.<\/p>\n<p>&nbsp;<\/p>\n<p><strong>Planificateurs\u00a0:<\/strong> Les conseillers scolaires d\u00e9veloppent des plans afin de r\u00e9pondre aux besoins des \u00e9l\u00e8ves et contribuent activement \u00e0 la vigueur \u00e9conomique et sociale des communaut\u00e9s locales.<\/p>\n<p>&nbsp;<\/p>\n<p><strong>Responsabilit\u00e9s et politiques\u00a0:<\/strong> Les conseillers scolaires soul\u00e8vent et tentent de r\u00e9soudre les probl\u00e8mes li\u00e9s \u00e0 l\u2019\u00e9ducation publique qui sont importants pour les \u00e9l\u00e8ves, les parents et la communaut\u00e9 dans son ensemble.<\/p>\n<p>&nbsp;<\/p>\n<p><strong>\u00c9ducateurs\u00a0:<\/strong> Les conseillers scolaires jouent un r\u00f4le-cl\u00e9 dans le d\u00e9veloppement des citoyens de demain, car ils ont la capacit\u00e9 de prendre des d\u00e9cisions qui influent sur les orientations et la qualit\u00e9 de l\u2019\u00e9ducation publique.<\/p>\n<p>&nbsp;<\/p>\n<p><strong>Arbitres\u00a0:<\/strong> Les conseillers scolaires rencontrent les individus, les groupes ou le public qui jugent injustes ou inappropri\u00e9es les d\u00e9cisions, proc\u00e9dures ou politiques du conseil scolaire et tranchent le litige lorsque cela est n\u00e9cessaire.<\/p>\n<p>&nbsp;<\/p>\n<p><strong>Lobbyistes\u00a0:<\/strong> Les conseillers scolaires communiquent avec les gouvernements municipaux ou provinciaux afin qu\u2019ils prennent en compte les besoins de la communaut\u00e9 au moment de r\u00e9partir le financement et els autres ressources.<\/p>\n<p>&nbsp;<\/p>\n<p><strong>L\u00e9gislateurs\u00a0:<\/strong> Les conseillers scolaires prennent des d\u00e9cisions qui ont le statut et l\u2019effet de lois. Par exemple, ils d\u00e9cident des r\u00e8gles r\u00e9gissant la conduite des \u00e9l\u00e8ves et du personnel.<\/p>\n<p>&nbsp;<\/p>\n<p><strong>Politiciens\u00a0:<\/strong> Les conseillers scolaires sont \u00e9lus tous les quatre ans pour g\u00e9rer le syst\u00e8me d\u2019\u00e9ducation local. Le processus d\u00e9mocratique garanti ainsi que le public est engag\u00e9 dans le syst\u00e8me d\u2019\u00e9ducation publique.[\/vc_column_text][\/vc_tta_section][vc_tta_section title=&#8221;Que fait un conseiller scolaire catholique ?&#8221; tab_id=&#8221;1494262469980-3a8eaf26-255b&#8221;][vc_column_text]<\/p>\n<ul>\n<li>Les conseillers scolaires catholiques sont responsables de l\u2019\u00e9ducations catholique, car ils en ont une meilleure compr\u00e9hensions et un engagement plus ferme.<\/li>\n<li>Les conseillers scolaires catholiques s\u2019assurent que le but de l\u2019enseignement catholique, form\u00e9 par le partenariat maison-\u00e9cole-paroisse, soit reconnu et respect\u00e9 dans l\u2019ar\u00e8ne politique.<\/li>\n<li>Les conseillers scolaires catholiques appuient et encouragent les enseignants et le personnel scolaire en leur offrant des possibilit\u00e9s de formation de la foi.<\/li>\n<li>Les conseillers scolaires catholiques s\u2019assurent que les leaders du milieu de l\u2019\u00e9ducation puissent r\u00e9fl\u00e9chir au r\u00f4le unique qu\u2019ils jouent dans le d\u00e9veloppement de la vie de foi de leurs \u00e9coles.<\/li>\n<li>Les conseillers scolaires catholiques s\u2019assurent que les \u00e9l\u00e8ves sont consid\u00e9r\u00e9s comme des individus \u00e0 part enti\u00e8re et qu\u2019ils ont la chance d\u2019\u00e9tudier dans un environnement d\u2019apprentissage impr\u00e9gn\u00e9 des valeurs des \u00c9vangiles et de la vie sacramentelle.<\/li>\n<li>Les conseillers scolaires catholiques sont des \u00e9vang\u00e9lisateurs de la Bonne Nouvelle de J\u00e9sus-Christ dans tous les aspects de leur vie.<\/li>\n<li>Les conseillers scolaires catholiques sont responsables de la foi catholique. Ils s\u2019occupent de leur foi avec soin dans leur propre vie et en favorisent la croissance dans la vie de tous ceux qui les entourent.<\/li>\n<\/ul>\n<p>[\/vc_column_text][\/vc_tta_section][\/vc_tta_accordion][vc_empty_space height=&#8221;62px&#8221;][vc_column_text]Devenir conseiller scolaire catholique est une vocation unique qui permet aux individus de servir l\u2019\u00c9glise et la communaut\u00e9. Les conseillers scolaires catholiques jouent un r\u00f4le essentiel afin d\u2019assurer que le Christ est le c\u0153ur et l\u2019\u00e2me de toute \u00e9cole catholique. L\u2019enseignement catholique est tr\u00e8s particulier, car son sens et son but r\u00e9sident dans saintet\u00e9.[\/vc_column_text][vc_empty_space height=&#8221;62px&#8221;][\/vc_column][\/vc_row][vc_row][vc_column][vc_column_text]<\/p>\n<p><!--a=1-->[\/vc_column_text][\/vc_column][\/vc_row]<\/p>\n<\/div>","protected":false},"excerpt":{"rendered":"<p>[vc_row css=&#8221;.vc_custom_1509548040453{margin-bottom: -50px !important;border-bottom-width: -50px !important;padding-bottom: -50px !important;}&#8221;][vc_column width=&#8221;1\/4&#8243;][vc_wp_custommenu nav_menu=&#8221;98&#8243;][\/vc_column][vc_column width=&#8221;3\/4&#8243;][vc_empty_space height=&#8221;12px&#8221;][vc_column_text css=&#8221;&#8221;] CONSEILLERS 2025-2026 [\/vc_column_text][vc_column_text css=&#8221;&#8221;]Les conseillers sont des repr\u00e9sentants(es) \u00e9lus(es) dans chacune des r\u00e9gions du Conseil scolaire Centre-Est. [&hellip;]<\/p>\n","protected":false},"author":1,"featured_media":0,"parent":165,"menu_order":0,"comment_status":"closed","ping_status":"closed","template":"","meta":{"footnotes":""},"class_list":["post-402","page","type-page","status-publish","hentry"],"_links":{"self":[{"href":"https:\/\/centreest.ca\/accueil\/wp-json\/wp\/v2\/pages\/402","targetHints":{"allow":["GET"]}}],"collection":[{"href":"https:\/\/centreest.ca\/accueil\/wp-json\/wp\/v2\/pages"}],"about":[{"href":"https:\/\/centreest.ca\/accueil\/wp-json\/wp\/v2\/types\/page"}],"author":[{"embeddable":true,"href":"https:\/\/centreest.ca\/accueil\/wp-json\/wp\/v2\/users\/1"}],"replies":[{"embeddable":true,"href":"https:\/\/centreest.ca\/accueil\/wp-json\/wp\/v2\/comments?post=402"}],"version-history":[{"count":6,"href":"https:\/\/centreest.ca\/accueil\/wp-json\/wp\/v2\/pages\/402\/revisions"}],"predecessor-version":[{"id":28278,"href":"https:\/\/centreest.ca\/accueil\/wp-json\/wp\/v2\/pages\/402\/revisions\/28278"}],"up":[{"embeddable":true,"href":"https:\/\/centreest.ca\/accueil\/wp-json\/wp\/v2\/pages\/165"}],"wp:attachment":[{"href":"https:\/\/centreest.ca\/accueil\/wp-json\/wp\/v2\/media?parent=402"}],"curies":[{"name":"wp","href":"https:\/\/api.w.org\/{rel}","templated":true}]}}