{"id":399,"date":"2017-03-13T21:53:27","date_gmt":"2017-03-13T21:53:27","guid":{"rendered":"https:\/\/centreest.ca\/accueil\/?page_id=399&#038;lang=fr"},"modified":"2018-10-04T15:25:28","modified_gmt":"2018-10-04T21:25:28","slug":"vision-mission-valeurs","status":"publish","type":"page","link":"https:\/\/centreest.ca\/accueil\/le-csce\/vision-mission-valeurs\/","title":{"rendered":"Vision, Mission &#038; Valeurs"},"content":{"rendered":"<div class=\"wpb-content-wrapper\"><p>[vc_row][vc_column width=&#8221;1\/4&#8243;][vc_wp_custommenu nav_menu=&#8221;98&#8243;][\/vc_column][vc_column width=&#8221;3\/4&#8243;][vc_empty_space height=&#8221;12px&#8221;][vc_column_text]<\/p>\n<h2>VISION<\/h2>\n<p>[\/vc_column_text][vc_empty_space height=&#8221;12px&#8221;][vc_column_text]Cr\u00e9er un avenir prometteur et d\u00e9velopper le plein potentiel de chaque \u00e9l\u00e8ve en fran\u00e7ais et en anglais \u2013 c\u2019est enrichir son parcours pour la vie.[\/vc_column_text][vc_empty_space height=&#8221;12px&#8221;][vc_column_text]<img loading=\"lazy\" decoding=\"async\" class=\"size-medium wp-image-1135 alignright\" src=\"https:\/\/centreest.ca\/accueil\/wp-content\/uploads\/2017\/03\/boite_1-300x241.png\" alt=\"\" width=\"300\" height=\"241\" srcset=\"https:\/\/centreest.ca\/accueil\/wp-content\/uploads\/2017\/03\/boite_1-300x241.png 300w, https:\/\/centreest.ca\/accueil\/wp-content\/uploads\/2017\/03\/boite_1.png 410w\" sizes=\"auto, (max-width: 300px) 100vw, 300px\" \/><\/p>\n<h2>MISSION<\/h2>\n<p>&nbsp;<\/p>\n<p><span style=\"color: #8dc63f;\"><strong>VALORISER L\u2019\u00c9DUCATION FRANCOPHONE<\/strong><\/span><\/p>\n<p>Nous avons pour mission de valoriser l\u2019\u00e9ducation francophone, de s\u2019assurer de la qualit\u00e9 des services \u00e9ducatifs et de promouvoir la r\u00e9ussite de tous les \u00e9l\u00e8ves.<\/p>\n<p><strong>\u00a0<\/strong><\/p>\n<p><span style=\"color: #8dc63f;\"><strong>VISER L&#8217;EXCELLENCE<\/strong><\/span><\/p>\n<p>Nous visons le d\u00e9veloppement du plein potentiel de l\u2019\u00e9l\u00e8ve, en formant des citoyens engag\u00e9s, de par l\u2019\u00e9veil de son esprit, de ses capacit\u00e9s intellectuelles et de son sens critique en misant sur la transmission de valeurs humanistes.<\/p>\n<p><strong>\u00a0<\/strong><\/p>\n<p><span style=\"color: #8dc63f;\"><strong>PROMOUVOIR LA CONSTRUCTION IDENTITAIRE<\/strong><\/span><\/p>\n<p>Nous d\u00e9veloppons le bilinguisme en respectant l\u2019\u00e9volution de chaque \u00e9l\u00e8ve.<\/p>\n<p>&nbsp;<\/p>\n<p>&nbsp;<\/p>\n<p><span style=\"color: #8dc63f;\"><strong>COLLABORER AVEC LES FAMILLES ET LES COMMUNAUT\u00c9S<\/strong><\/span><\/p>\n<p>Nous encourageons au c\u0153ur du projet \u00e9ducatif une collaboration empreinte de r\u00e9ciprocit\u00e9 entre l\u2019\u00e9cole, la famille et la communaut\u00e9.[\/vc_column_text][\/vc_column][\/vc_row][vc_row][vc_column width=&#8221;1\/4&#8243;][\/vc_column][vc_column width=&#8221;3\/4&#8243;][vc_empty_space height=&#8221;12px&#8221;][vc_column_text]<\/p>\n<h2>VALEURS<\/h2>\n<p>[\/vc_column_text][vc_column_text]Une d\u00e9marche de consultation g\u00e9n\u00e9rale sera entreprise avec les employ\u00e9s du Conseil scolaire. Une enqu\u00eate dynamique et simple sera mise en \u0153uvre aupr\u00e8s des \u00e9l\u00e8ves et des parents. Il s\u2019agira de d\u00e9terminer la congruence des valeurs fondamentales avec la vision du Conseil scolaire pour qu\u2019elle se concr\u00e9tise, et ce, au quotidien.[\/vc_column_text][vc_empty_space height=&#8221;62px&#8221;][\/vc_column][\/vc_row]<\/p>\n<\/div>","protected":false},"excerpt":{"rendered":"<p>[vc_row][vc_column width=&#8221;1\/4&#8243;][vc_wp_custommenu nav_menu=&#8221;98&#8243;][\/vc_column][vc_column width=&#8221;3\/4&#8243;][vc_empty_space height=&#8221;12px&#8221;][vc_column_text] VISION [\/vc_column_text][vc_empty_space height=&#8221;12px&#8221;][vc_column_text]Cr\u00e9er un avenir prometteur et d\u00e9velopper le plein potentiel de chaque \u00e9l\u00e8ve en fran\u00e7ais et en anglais \u2013 c\u2019est enrichir son parcours pour [&hellip;]<\/p>\n","protected":false},"author":1,"featured_media":0,"parent":165,"menu_order":0,"comment_status":"closed","ping_status":"closed","template":"","meta":{"footnotes":""},"class_list":["post-399","page","type-page","status-publish","hentry"],"_links":{"self":[{"href":"https:\/\/centreest.ca\/accueil\/wp-json\/wp\/v2\/pages\/399","targetHints":{"allow":["GET"]}}],"collection":[{"href":"https:\/\/centreest.ca\/accueil\/wp-json\/wp\/v2\/pages"}],"about":[{"href":"https:\/\/centreest.ca\/accueil\/wp-json\/wp\/v2\/types\/page"}],"author":[{"embeddable":true,"href":"https:\/\/centreest.ca\/accueil\/wp-json\/wp\/v2\/users\/1"}],"replies":[{"embeddable":true,"href":"https:\/\/centreest.ca\/accueil\/wp-json\/wp\/v2\/comments?post=399"}],"version-history":[{"count":5,"href":"https:\/\/centreest.ca\/accueil\/wp-json\/wp\/v2\/pages\/399\/revisions"}],"predecessor-version":[{"id":14135,"href":"https:\/\/centreest.ca\/accueil\/wp-json\/wp\/v2\/pages\/399\/revisions\/14135"}],"up":[{"embeddable":true,"href":"https:\/\/centreest.ca\/accueil\/wp-json\/wp\/v2\/pages\/165"}],"wp:attachment":[{"href":"https:\/\/centreest.ca\/accueil\/wp-json\/wp\/v2\/media?parent=399"}],"curies":[{"name":"wp","href":"https:\/\/api.w.org\/{rel}","templated":true}]}}