{"id":25899,"date":"2025-02-04T16:10:34","date_gmt":"2025-02-04T23:10:34","guid":{"rendered":"https:\/\/centreest.ca\/accueil\/?page_id=25899"},"modified":"2025-09-22T11:36:56","modified_gmt":"2025-09-22T17:36:56","slug":"registre-des-candidats","status":"publish","type":"page","link":"https:\/\/centreest.ca\/accueil\/registre-des-candidats\/","title":{"rendered":"Registre des candidats"},"content":{"rendered":"<div class=\"wpb-content-wrapper\"><p>[vc_row][vc_column width=&#8221;1\/4&#8243;][vc_empty_space height=&#8221;52px&#8221;][vc_wp_custommenu nav_menu=&#8221;157&#8243;][\/vc_column][vc_column width=&#8221;3\/4&#8243;][vc_empty_space height=&#8221;52px&#8221;][vc_column_text css=&#8221;&#8221;]<\/p>\n<h1 style=\"text-align: center;\"><span style=\"color: #99cc00;\"><strong>\u00c9LECTIONS 2025<br \/>\n<\/strong><\/span><strong>REGISTRE DES CANDIDATS<\/strong><\/h1>\n<h1 style=\"text-align: center;\"><\/h1>\n<p>[\/vc_column_text][\/vc_column][\/vc_row][vc_row][vc_column width=&#8221;1\/4&#8243;][\/vc_column][vc_column width=&#8221;3\/4&#8243;][vc_column_text css=&#8221;&#8221;]Le registre des candidats contient la liste de tous les candidats qui ont inform\u00e9 le Conseil scolaire Centre-Est de leur intention de se pr\u00e9senter en tant que conseiller scolaire lors de l&#8217;\u00e9lection. Ceci est une nouvelle exigence pour les \u00e9lections de 2025.<\/p>\n<p><span style=\"color: #99cc00;\">REGISTRE DE CANDIDATS:<\/span><\/p>\n<ul>\n<li style=\"list-style-type: none;\">\n<ul>\n<li><strong>Karoline Farmer,<\/strong> Bonnyville <em>(soumis le 22 septembre 2025)<\/em><\/li>\n<li><strong>Danielle Larsen,<\/strong> Publique <em>(soumis le 19 septembre 2025)<\/em><\/li>\n<li><strong>Miguel Poulin<\/strong>, St-Paul <em>(soumis le 16 septembre 2025)<\/em><\/li>\n<li><strong>Colette Borgun<\/strong>, Lac La Biche\/Plamondon<em> (soumis le 29 avril 2025)<\/em><\/li>\n<li><strong>Jennifer Leclerc<\/strong>, Cold Lake <em>(soumis le 23 avril 2025)<\/em><\/li>\n<\/ul>\n<\/li>\n<\/ul>\n<p>Si vous souhaitez poser votre candidature aux \u00e9lections de 2025, veuillez remplir et envoyer le <strong><a href=\"https:\/\/centreest.ca\/accueil\/wp-content\/uploads\/2025\/02\/Avis-dintention-CSCE-Elections-2025.pdf\" target=\"_blank\" rel=\"noopener\">formulaire d&#8217;intention<\/a><\/strong> \u00e0 la directrice du scrutin (Kaitlyn Demers, kdemers@centreest.ca) et consulter la page &#8220;Informations pour les candidats&#8221; pour tout autres renseignements.<\/p>\n<p><!--a=1--><!--a=1--><!--a=1-->[\/vc_column_text][vc_empty_space height=&#8221;52px&#8221;][\/vc_column][\/vc_row][vc_row][vc_column][\/vc_column][\/vc_row][vc_row][vc_column][vc_column_text]<\/p>\n<p><!--a=1-->[\/vc_column_text][\/vc_column][\/vc_row][vc_row][vc_column][vc_column_text]<\/p>\n<p><!--a=1-->[\/vc_column_text][\/vc_column][\/vc_row]<\/p>\n<\/div>","protected":false},"excerpt":{"rendered":"<p>[vc_row][vc_column width=&#8221;1\/4&#8243;][vc_empty_space height=&#8221;52px&#8221;][vc_wp_custommenu nav_menu=&#8221;157&#8243;][\/vc_column][vc_column width=&#8221;3\/4&#8243;][vc_empty_space height=&#8221;52px&#8221;][vc_column_text css=&#8221;&#8221;] \u00c9LECTIONS 2025 REGISTRE DES CANDIDATS [\/vc_column_text][\/vc_column][\/vc_row][vc_row][vc_column width=&#8221;1\/4&#8243;][\/vc_column][vc_column width=&#8221;3\/4&#8243;][vc_column_text css=&#8221;&#8221;]Le registre des candidats contient la liste de tous les candidats qui ont inform\u00e9 le [&hellip;]<\/p>\n","protected":false},"author":1,"featured_media":0,"parent":0,"menu_order":0,"comment_status":"closed","ping_status":"closed","template":"","meta":{"footnotes":""},"class_list":["post-25899","page","type-page","status-publish","hentry"],"_links":{"self":[{"href":"https:\/\/centreest.ca\/accueil\/wp-json\/wp\/v2\/pages\/25899","targetHints":{"allow":["GET"]}}],"collection":[{"href":"https:\/\/centreest.ca\/accueil\/wp-json\/wp\/v2\/pages"}],"about":[{"href":"https:\/\/centreest.ca\/accueil\/wp-json\/wp\/v2\/types\/page"}],"author":[{"embeddable":true,"href":"https:\/\/centreest.ca\/accueil\/wp-json\/wp\/v2\/users\/1"}],"replies":[{"embeddable":true,"href":"https:\/\/centreest.ca\/accueil\/wp-json\/wp\/v2\/comments?post=25899"}],"version-history":[{"count":7,"href":"https:\/\/centreest.ca\/accueil\/wp-json\/wp\/v2\/pages\/25899\/revisions"}],"predecessor-version":[{"id":27336,"href":"https:\/\/centreest.ca\/accueil\/wp-json\/wp\/v2\/pages\/25899\/revisions\/27336"}],"wp:attachment":[{"href":"https:\/\/centreest.ca\/accueil\/wp-json\/wp\/v2\/media?parent=25899"}],"curies":[{"name":"wp","href":"https:\/\/api.w.org\/{rel}","templated":true}]}}