{"id":25892,"date":"2025-02-04T16:03:22","date_gmt":"2025-02-04T23:03:22","guid":{"rendered":"https:\/\/centreest.ca\/accueil\/?page_id=25892"},"modified":"2025-09-15T15:05:58","modified_gmt":"2025-09-15T21:05:58","slug":"informations-pour-les-candidats","status":"publish","type":"page","link":"https:\/\/centreest.ca\/accueil\/informations-pour-les-candidats\/","title":{"rendered":"Informations pour les candidats"},"content":{"rendered":"<div class=\"wpb-content-wrapper\"><p>[vc_row][vc_column width=&#8221;1\/4&#8243;][vc_empty_space height=&#8221;52px&#8221;][vc_wp_custommenu nav_menu=&#8221;157&#8243;][\/vc_column][vc_column width=&#8221;3\/4&#8243;][vc_empty_space height=&#8221;52px&#8221;][vc_column_text css=&#8221;&#8221;]<\/p>\n<h3><strong><span style=\"color: #99cc00;\">DATES IMPORTANTES<\/span><\/strong><\/h3>\n<ul>\n<li><span style=\"font-weight: 400;\">1 janvier 2025: Ouverture de la p\u00e9riode des mises en candidature<\/span><\/li>\n<li><span style=\"font-weight: 400;\">22 septembre 2025 \u00e0 12h00: Fin de la p\u00e9riode de d\u00e9p\u00f4t des candidatures<\/span><\/li>\n<li><span style=\"font-weight: 400;\">23 septembre 2025: Les candidats peuvent retirer leur candidature par \u00e9crit ou en personne<\/span><\/li>\n<li><span style=\"font-weight: 400;\">20 octobre 2025: Jour de l\u2019\u00e9lection<\/span><\/li>\n<li><span style=\"font-weight: 400;\">22 octobre 2025 jusqu\u2019\u00e0 16h00: Date limite pour recevoir une demande de d\u00e9pouillement<\/span><\/li>\n<li><span style=\"font-weight: 400;\">24 octobre 2025 \u00e0 12h00: Les d\u00e9pouillements doivent \u00eatre termin\u00e9s <\/span><\/li>\n<\/ul>\n<p>[\/vc_column_text][vc_separator css=&#8221;&#8221;][\/vc_column][\/vc_row][vc_row][vc_column width=&#8221;1\/4&#8243;][\/vc_column][vc_column width=&#8221;3\/4&#8243;][vc_column_text css=&#8221;&#8221;]<\/p>\n<h3><span style=\"color: #99cc00;\"><strong>INT\u00c9RESS\u00c9(E) \u00c0 DEVENIR CONSEILLER(\u00c8RE) SCOLAIRE?<\/strong><\/span><\/h3>\n<p>[\/vc_column_text][vc_tta_accordion][vc_tta_section title=&#8221;Les responsabilit\u00e9s des conseillers scolaires&#8221; tab_id=&#8221;1739463725315-e224ecfc-b8bb&#8221;][vc_column_text css=&#8221;&#8221;]<span style=\"font-weight: 400;\">Les conseillers sont charg\u00e9s de gouverner leur division en conciliant les divers besoins des \u00e9l\u00e8ves, des familles et des communaut\u00e9s. Leur travail englobe plusieurs domaines cl\u00e9s :<\/span><\/p>\n<ul>\n<li style=\"font-weight: 400;\" aria-level=\"1\"><span style=\"font-weight: 400;\">D\u00e9finir l\u2019orientation<\/span><\/li>\n<li style=\"font-weight: 400;\" aria-level=\"1\"><span style=\"font-weight: 400;\">\u00c9laboration de politiques<\/span><\/li>\n<li style=\"font-weight: 400;\" aria-level=\"1\"><span style=\"font-weight: 400;\">Approbation et supervision du budget<\/span><\/li>\n<li style=\"font-weight: 400;\" aria-level=\"1\"><span style=\"font-weight: 400;\">Approbation et supervision de budget<\/span><\/li>\n<li style=\"font-weight: 400;\" aria-level=\"1\"><span style=\"font-weight: 400;\">Supervision de la direction g\u00e9n\u00e9rale<\/span><\/li>\n<li style=\"font-weight: 400;\" aria-level=\"1\"><span style=\"font-weight: 400;\">Repr\u00e9sentation<\/span><\/li>\n<li style=\"font-weight: 400;\" aria-level=\"1\"><span style=\"font-weight: 400;\">Engagement communautaire<\/span><\/li>\n<\/ul>\n<p><a href=\"https:\/\/centreest.ca\/accueil\/wp-content\/uploads\/2025\/01\/Guide-for-School-Board-Trustees-French.pdf\" target=\"_blank\" rel=\"noopener\"><strong>Source: ASBA Guide pour les conseillers scolaires<\/strong><\/a>[\/vc_column_text][\/vc_tta_section][vc_tta_section title=&#8221;Le r\u00f4le des conseillers scolaires&#8221; tab_id=&#8221;1739463725316-ce755989-5067&#8243;][vc_column_text css=&#8221;&#8221;]<span style=\"font-weight: 400;\">Une des principales responsabilit\u00e9s des conseillers scolaires est d\u2019assurer la liaison avec les communaut\u00e9s locales pour conna\u00eetre les valeurs et les besoins de tous les citoyens afin d\u2019en tenir compte lorsqu\u2019ils ont des d\u00e9cisions \u00e0 prendre. Il est important de se rappeler que les conseillers scolaires ne repr\u00e9sentent pas seulement une \u00e9cole, un quartier ou une communaut\u00e9. Leurs d\u00e9cisions doivent donc refl\u00e9ter les besoins de la communaut\u00e9 tout enti\u00e8re. \u00c0 titre de repr\u00e9sentants \u00e9lus, les conseillers scolaires jouent les r\u00f4les suivants :<\/span><\/p>\n<ul>\n<li style=\"font-weight: 400;\" aria-level=\"1\"><b>Communicateurs :<\/b><span style=\"font-weight: 400;\"> Les conseillers scolaires communiquent avec les membres de la communaut\u00e9 afin de s\u2019assurer que leurs pr\u00e9occupations soient prises en compte et qu\u2019ils puissent s\u2019exprimer sur ce que leurs enfants apprennent \u00e0 l\u2019\u00e9cole.<\/span><\/li>\n<li style=\"font-weight: 400;\" aria-level=\"1\"><b>Planificateurs :<\/b><span style=\"font-weight: 400;\"> Les conseillers scolaires d\u00e9veloppent des plans dans le but de r\u00e9pondre aux besoins des \u00e9l\u00e8ves et contribuent activement \u00e0 la vigueur \u00e9conomique et sociale des communaut\u00e9s locales.<\/span><\/li>\n<li style=\"font-weight: 400;\" aria-level=\"1\"><b>Responsabilit\u00e9s et politiques :<\/b><span style=\"font-weight: 400;\"> Les conseillers scolaires soul\u00e8vent et tentent de r\u00e9soudre les probl\u00e8mes li\u00e9s \u00e0 l\u2019\u00e9ducation publique qui sont importants pour les \u00e9l\u00e8ves, les parents et la communaut\u00e9 dans son ensemble.<\/span><\/li>\n<li style=\"font-weight: 400;\" aria-level=\"1\"><b>\u00c9ducateurs :<\/b><span style=\"font-weight: 400;\"> Les conseillers scolaires jouent un r\u00f4le-cl\u00e9 dans le d\u00e9veloppement des citoyens de demain, car ils ont la capacit\u00e9 de prendre des d\u00e9cisions qui influent sur les orientations et la qualit\u00e9 de l\u2019\u00e9ducation publique.<\/span><\/li>\n<li style=\"font-weight: 400;\" aria-level=\"1\"><b>Arbitres :<\/b><span style=\"font-weight: 400;\"> Les conseillers scolaires rencontrent les individus, les groupes ou le public qui jugent injustes ou inappropri\u00e9es les d\u00e9cisions, proc\u00e9dures ou politiques du conseil scolaire et tranchent le litige lorsque cela est n\u00e9cessaire.<\/span><\/li>\n<li style=\"font-weight: 400;\" aria-level=\"1\"><b>Lobbyistes :<\/b><span style=\"font-weight: 400;\"> Les conseillers scolaires communiquent avec les gouvernements municipaux ou provinciaux afin qu\u2019ils prennent en compte les besoins de la communaut\u00e9 au moment de r\u00e9partir le financement et les autres ressources.<\/span><\/li>\n<li style=\"font-weight: 400;\" aria-level=\"1\"><b>L\u00e9gislateurs :<\/b><span style=\"font-weight: 400;\"> Les conseillers scolaires prennent des d\u00e9cisions qui ont le statut et l\u2019effet de lois. Par exemple, ils d\u00e9cident des r\u00e8gles r\u00e9gissant la conduite des \u00e9l\u00e8ves et du personnel.<\/span><\/li>\n<li style=\"font-weight: 400;\" aria-level=\"1\"><strong>Politiciens : <span style=\"font-weight: 400;\">Les conseillers scolaires sont \u00e9lus tous les quatre ans pour g\u00e9rer le syst\u00e8me d\u2019\u00e9ducation local. Le processus d\u00e9mocratique garantit ainsi que le public est engag\u00e9 dans le syst\u00e8me d\u2019\u00e9ducation publique.<\/span><\/strong><\/li>\n<\/ul>\n<p>[\/vc_column_text][\/vc_tta_section][vc_tta_section title=&#8221;Que fait un conseiller scolaire?&#8221; tab_id=&#8221;1739463729257-48cc9930-9224&#8243;][vc_column_text css=&#8221;&#8221;]<\/p>\n<ul>\n<li style=\"font-weight: 400;\" aria-level=\"1\"><span style=\"font-weight: 400;\">Les conseillers scolaires francophones et catholiques sont responsables de l\u2019\u00e9ducation francophone catholique et s\u2019assurent que le but de l\u2019enseignement catholique, form\u00e9 par le partenariat maison-\u00e9cole-paroisse, soit reconnu et respect\u00e9.\u00a0\u00a0<\/span><\/li>\n<li style=\"font-weight: 400;\" aria-level=\"1\"><span style=\"font-weight: 400;\">Les conseillers scolaires francophones publics sont responsables de repr\u00e9senter les int\u00e9r\u00eats des parents qui recherchent une \u00e9ducation francophone publique. <\/span><\/li>\n<\/ul>\n<p>[\/vc_column_text][\/vc_tta_section][\/vc_tta_accordion][\/vc_column][\/vc_row][vc_row][vc_column width=&#8221;1\/4&#8243;][\/vc_column][vc_column width=&#8221;3\/4&#8243;][vc_separator css=&#8221;&#8221;][\/vc_column][\/vc_row][vc_row][vc_column width=&#8221;1\/4&#8243;][\/vc_column][vc_column width=&#8221;3\/4&#8243;][vc_column_text css=&#8221;&#8221;]<\/p>\n<h3><strong><span style=\"color: #99cc00;\">\u00c9LIGIBILIT\u00c9<\/span><\/strong><\/h3>\n<p><span style=\"font-weight: 400;\">Pour poser sa candidature, tout(e) candidat(e) doit r\u00e9pondre aux crit\u00e8res suivants :<\/span><\/p>\n<ul>\n<li style=\"font-weight: 400;\" aria-level=\"1\"><span style=\"font-weight: 400;\">est francophone*<\/span><span style=\"font-weight: 400;\"><br \/>\n<\/span><span style=\"font-weight: 400;\">ou<\/span><span style=\"font-weight: 400;\"><br \/>\n<\/span><span style=\"font-weight: 400;\">fait partie de la cat\u00e9gorie des personnes \u00e9tant \u00e9ligibles de pr\u00e9senter sa candidature et d\u2019\u00eatre \u00e9lus, \u00e9tablie par le <\/span><a href=\"https:\/\/centreest.ca\/accueil\/wp-content\/uploads\/2025\/02\/Order-178.pdf\" target=\"_blank\" rel=\"noopener\"><span style=\"text-decoration: underline;\"><span style=\"font-weight: 400;\">d\u00e9cret minist\u00e9riel du Lieutenant-Gouverneur<\/span><\/span><\/a><span style=\"font-weight: 400;\"> qui exige que le candidat ma\u00eetrise suffisamment la langue fran\u00e7aise pour s\u2019acquitter des fonctions de conseiller scolaire dans la conduite des affaires du conseil scolaire<\/span><\/li>\n<li style=\"font-weight: 400;\" aria-level=\"1\"><span style=\"font-weight: 400;\">\u00eatre \u00e2g\u00e9 de 18 ans ou plus<\/span><\/li>\n<li style=\"font-weight: 400;\" aria-level=\"1\"><span style=\"font-weight: 400;\">\u00eatre citoyen(ne) canadien(ne)<\/span><\/li>\n<li style=\"font-weight: 400;\" aria-level=\"1\"><span style=\"font-weight: 400;\">avoir r\u00e9sid\u00e9 continuellement en Alberta pendant les six mois pr\u00e9c\u00e9dant le jour de nomination<\/span><\/li>\n<li style=\"font-weight: 400;\" aria-level=\"1\"><span style=\"font-weight: 400;\">n\u2019est pas autrement in\u00e9ligible en vertu de la Loi sur l\u2019\u00e9lection des administrations locales (<\/span><i><span style=\"font-weight: 400;\">Local Authorities Election Act<\/span><\/i><span style=\"font-weight: 400;\">)<\/span><\/li>\n<li style=\"font-weight: 400;\" aria-level=\"1\"><span style=\"font-weight: 400;\">ne pas \u00eatre un \u00e9lecteur public et se pr\u00e9senter pour le poste d\u00e9sign\u00e9 \u00ab\u2009catholique\u2009\u00bb**<\/span><\/li>\n<\/ul>\n<p><em><span style=\"font-weight: 400;\">* La <\/span><span style=\"font-weight: 400;\">Education Act<\/span><span style=\"font-weight: 400;\"> d\u00e9finit un francophone comme \u00e9tant une personne qui a des droits en vertu de l\u2019article 23 de la <\/span><span style=\"font-weight: 400;\">Charte canadienne des droits et libert\u00e9s<\/span><span style=\"font-weight: 400;\">.<\/span><\/em><\/p>\n<p><em><span style=\"font-weight: 400;\">**En vertu de la <\/span><span style=\"font-weight: 400;\">Education Act<\/span><span style=\"font-weight: 400;\">, un candidat catholique peut soumettre sa candidature pour un poste de conseiller catholique ou public. Un candidat qui n\u2019est pas catholique peut seulement soumettre sa candidature pour un poste de conseiller public.<\/span><\/em>[\/vc_column_text][\/vc_column][\/vc_row][vc_row][vc_column width=&#8221;1\/4&#8243;][\/vc_column][vc_column width=&#8221;3\/4&#8243;][vc_separator css=&#8221;&#8221;][\/vc_column][\/vc_row][vc_row][vc_column width=&#8221;1\/4&#8243;][\/vc_column][vc_column width=&#8221;3\/4&#8243;][vc_column_text css=&#8221;&#8221;]<\/p>\n<h3><strong><span style=\"color: #99cc00;\">QUARTIERS \u00c9LECTORAUX<\/span><\/strong><\/h3>\n<p><span style=\"font-weight: 400;\">Le Conseil scolaire Centre-Est est repr\u00e9sent\u00e9 par 5 conseillers(\u00e8res):<\/span><\/p>\n<ul>\n<li style=\"font-weight: 400;\" aria-level=\"1\"><span style=\"font-weight: 400;\">1 poste catholique pour St-Paul<\/span><\/li>\n<li style=\"font-weight: 400;\" aria-level=\"1\"><span style=\"font-weight: 400;\">1 poste catholique pour Bonnyville<\/span><\/li>\n<li style=\"font-weight: 400;\" aria-level=\"1\"><span style=\"font-weight: 400;\">1 poste catholique pour Cold Lake<\/span><\/li>\n<li style=\"font-weight: 400;\" aria-level=\"1\"><span style=\"font-weight: 400;\">1 poste catholique pour Lac La Biche\/Plamondon<\/span><\/li>\n<li style=\"font-weight: 400;\" aria-level=\"1\"><span style=\"font-weight: 400;\">1 poste publique pour Lac La Biche\/Plamondon &#8211; Cold Lake &#8211; Bonnyville &#8211; St-Paul<\/span><\/li>\n<\/ul>\n<p>[\/vc_column_text][vc_btn title=&#8221;Voir: Fronti\u00e8res&#8221; style=&#8221;outline&#8221; shape=&#8221;round&#8221; color=&#8221;black&#8221; size=&#8221;lg&#8221; css=&#8221;&#8221; link=&#8221;url:https%3A%2F%2Fcentreest.ca%2Faccueil%2Ffrontieres-carte-generale%2F&#8221;][vc_empty_space height=&#8221;22px&#8221;][\/vc_column][\/vc_row][vc_row][vc_column width=&#8221;1\/4&#8243;][\/vc_column][vc_column width=&#8221;3\/4&#8243;][vc_separator css=&#8221;&#8221;][\/vc_column][\/vc_row][vc_row][vc_column width=&#8221;1\/4&#8243;][\/vc_column][vc_column width=&#8221;3\/4&#8243;][vc_column_text css=&#8221;&#8221;]<\/p>\n<h3><span style=\"color: #99cc00;\"><strong>FORMULAIRE D&#8217;INTENTION<\/strong><\/span><\/h3>\n<p><span style=\"font-weight: 400;\">Nouveaux aux \u00e9lections 2025, tous les candidats potentiels doivent soumettre le formulaire d&#8217;avis d&#8217;intention au CSCE <\/span><span style=\"font-weight: 400;\">avant<\/span><span style=\"font-weight: 400;\"> d&#8217;accepter des contributions ou d&#8217;engager des d\u00e9penses de campagne.<\/span><\/p>\n<p><strong>Le formulaire : <a href=\"https:\/\/centreest.ca\/accueil\/wp-content\/uploads\/2025\/09\/Avis-dintention-mai-2025.pdf\" target=\"_blank\" rel=\"noopener\">Avis d&#8217;intention<\/a><\/strong><\/p>\n<p><span style=\"font-weight: 400;\">Les candidats doivent remettre le formulaire \u00e0 la directrice du scrutin. Ce formulaire peut \u00eatre <span style=\"text-decoration: underline;\">envoy\u00e9 par courriel \u00e0 kdemers@centreest.ca ou remis en personne avec tous les autres formulaires<\/span> de mise en candidature. Veuillez vous assurer que le formulaire est enti\u00e8rement compl\u00e9t\u00e9 avant de le soumettre.<\/span><\/p>\n<p>Les candidats qui soumettent leur avis d&#8217;intention seront ajout\u00e9s au Registre des candidats.[\/vc_column_text][\/vc_column][\/vc_row][vc_row][vc_column width=&#8221;1\/4&#8243;][\/vc_column][vc_column width=&#8221;3\/4&#8243;][vc_separator css=&#8221;&#8221;][\/vc_column][\/vc_row][vc_row][vc_column width=&#8221;1\/4&#8243;][\/vc_column][vc_column width=&#8221;3\/4&#8243;][vc_column_text css=&#8221;&#8221;]<span style=\"color: #99cc00;\"><b>MISE EN CANDIDATURE<\/b><\/span><\/p>\n<p><span style=\"font-weight: 400;\">La p\u00e9riode de mise en candidature est le 1 janvier 2025 et ferme le 22 septembre 2025 \u00e0 12h00.<\/span><\/p>\n<p>&nbsp;<\/p>\n<p><span style=\"font-weight: 400;\">Afin de soumettre votre candidature, les candidats doivent compl\u00e9ter les formulaires suivants :\u00a0<\/span><\/p>\n<ul>\n<li style=\"font-weight: 400;\" aria-level=\"1\"><a href=\"https:\/\/centreest.ca\/accueil\/wp-content\/uploads\/2025\/09\/Formulaire-4RA-Mise-en-candidature-et-consentement-du-candidat.pdf\" target=\"_blank\" rel=\"noopener\"><span style=\"font-weight: 400;\">Formulaire 4RA &#8211; Mise en candidature et consentement du candidat<\/span><\/a><\/li>\n<li style=\"font-weight: 400;\" aria-level=\"1\"><a href=\"https:\/\/centreest.ca\/accueil\/wp-content\/uploads\/2025\/09\/Formulaire-5RA-Informations-financieres-du-candidat.pdf\" target=\"_blank\" rel=\"noopener\"><span style=\"font-weight: 400;\">Formulaire 5RA &#8211; Informations financi\u00e8res du candidat\u00a0<\/span><\/a><\/li>\n<li style=\"font-weight: 400;\" aria-level=\"1\"><a href=\"https:\/\/centreest.ca\/accueil\/wp-content\/uploads\/2025\/09\/Avis-dintention-mai-2025.pdf\" target=\"_blank\" rel=\"noopener\"><span style=\"font-weight: 400;\">Formulaire avis d\u2019intention<\/span><\/a><\/li>\n<\/ul>\n<p><b><i>IMPORTANT:<\/i><\/b><\/p>\n<ol>\n<li><em><span style=\"font-weight: 400;\">Pour \u00eatre accept\u00e9s, les formulaires doivent \u00eatre d\u00fbment <\/span><b>remplis <\/b><span style=\"font-weight: 400;\">et <\/span><b>sign\u00e9s<\/b><span style=\"font-weight: 400;\">.<\/span><\/em><\/li>\n<li><em><span style=\"font-weight: 400;\">Le formulaire 4RA doit \u00eatre sign\u00e9 par au moins cinq (5) \u00e9lecteurs qui se d\u00e9clarent catholiques pour un poste de conseiller\/conseill\u00e8re catholique ou cinq \u00e9lecteurs qui se d\u00e9clarent publics pour un poste de conseiller\/conseill\u00e8re public. <\/span><span style=\"font-weight: 400;\">(Voir la page \u00ab Informations pour les \u00e9lecteurs \u00bb pour plus d\u2019information sur les \u00e9lecteurs)<\/span><\/em><\/li>\n<li><em><b>Le formulaire 4RA <\/b><b>et<\/b><b> le formulaire d\u2019intention doit \u00eatre sign\u00e9 devant une personne l\u00e9galement habilit\u00e9e \u00e0 recevoir les serments et les affirmations solennelles<\/b><span style=\"font-weight: 400;\">.<\/span><\/em><\/li>\n<\/ol>\n<p>&nbsp;<\/p>\n<p><span style=\"font-weight: 400;\">Les formulaires doivent \u00eatre d\u00fbment remplis et soumis en personne \u00e0 la directrice du scrutin, \u00e0 l&#8217;adresse suivante:<\/span><\/p>\n<p style=\"padding-left: 40px;\"><strong>Conseil scolaire Centre-Est<br \/>\n<\/strong>4617 50 Ave<br \/>\nSt-Paul, AB T0A 3A3<\/p>\n<p><span style=\"font-weight: 400;\">Les heures d&#8217;ouverture sont de 8h30 \u00e0 16h30, du lundi au vendredi (sauf les cong\u00e9s f\u00e9ri\u00e9s). Il est fortement recommand\u00e9 de prendre rendez-vous avant de soumettre les formulaires.<\/span>[\/vc_column_text][\/vc_column][\/vc_row][vc_row][vc_column width=&#8221;1\/4&#8243;][\/vc_column][vc_column width=&#8221;3\/4&#8243;][vc_separator css=&#8221;&#8221;][\/vc_column][\/vc_row][vc_row][vc_column width=&#8221;1\/4&#8243;][\/vc_column][vc_column width=&#8221;3\/4&#8243;][vc_column_text css=&#8221;&#8221;]<\/p>\n<h3><span style=\"color: #99cc00;\"><b>CAMPAGNES \u00c9LECTORALES<\/b><\/span><\/h3>\n<p><span style=\"font-weight: 400;\">Dans le but de mieux vous faire conna\u00eetre aupr\u00e8s des \u00e9lecteurs et des \u00e9lectrices, le Conseil propose ce qui suit:<\/span><\/p>\n<ul>\n<li style=\"font-weight: 400;\" aria-level=\"1\"><span style=\"font-weight: 400;\">La r\u00e9daction d&#8217;un document de pr\u00e9sentation d&#8217;une page (grandeur maximale 8,5 x 11 pouces, recto verso) en fran\u00e7ais ou dans une version bilingue (fran\u00e7ais et anglais) sous forme de lettre ou de d\u00e9pliant, \u00e0 remettre \u00e0 la directrice du scrutin. Ce document sera disponible sur notre site Web par la suite.<\/span><\/li>\n<li style=\"font-weight: 400;\" aria-level=\"1\"><span style=\"font-weight: 400;\">L&#8217;enregistrement d&#8217;une pr\u00e9sentation vid\u00e9o d&#8217;une dur\u00e9e maximum de 3 minutes qui sera affich\u00e9e au site Web du Conseil.<\/span><\/li>\n<\/ul>\n<p><span style=\"font-weight: 400;\">\u00c0 l&#8217;exception des activit\u00e9s susmentionn\u00e9es, il sera strictement interdit de solliciter l&#8217;appui de l&#8217;\u00e9lectorat \u00e0 l&#8217;int\u00e9rieur, sur le terrain ou \u00e0 proximit\u00e9 des \u00e9coles g\u00e9r\u00e9es par le Conseil scolaire Centre-Est.<\/span>[\/vc_column_text][\/vc_column][\/vc_row][vc_row][vc_column width=&#8221;1\/4&#8243;][\/vc_column][vc_column width=&#8221;3\/4&#8243;][vc_separator css=&#8221;&#8221;][\/vc_column][\/vc_row][vc_row][vc_column width=&#8221;1\/4&#8243;][\/vc_column][vc_column width=&#8221;3\/4&#8243;][vc_column_text css=&#8221;&#8221;]<\/p>\n<h3><span style=\"color: #99cc00;\"><b>AUTRES RESSOURCES<\/b><\/span><\/h3>\n<ul>\n<li style=\"font-weight: 400;\" aria-level=\"1\"><a href=\"https:\/\/centreest.ca\/accueil\/wp-content\/uploads\/2025\/01\/Guide-for-School-Board-Trustees-French.pdf\" target=\"_blank\" rel=\"noopener\"><span style=\"font-weight: 400;\">ASBA: Guide pour les conseillers scolaires<\/span><\/a><\/li>\n<li style=\"font-weight: 400;\" aria-level=\"1\"><a href=\"https:\/\/centreest.ca\/accueil\/wp-content\/uploads\/2025\/01\/Thinking-of-Running-as-a-Catholic-School-Board-Trustee_-A-Handbook-for-Prospective-Trustees-with-crops-and-bleeds.pdf\" target=\"_blank\" rel=\"noopener\"><span style=\"font-weight: 400;\">ACSTA: Livret pour les candidats (anglais)<\/span><\/a><\/li>\n<li aria-level=\"1\"><a href=\"https:\/\/centreest.ca\/accueil\/wp-content\/uploads\/2025\/09\/ecc-school-board-elections-guide-2025-09.pdf\" target=\"_blank\" rel=\"noopener\">School Board Elections Guide (anglais)<\/a><\/li>\n<\/ul>\n<p>[\/vc_column_text][\/vc_column][\/vc_row][vc_row][vc_column width=&#8221;1\/4&#8243;][\/vc_column][vc_column width=&#8221;3\/4&#8243;][vc_separator css=&#8221;&#8221;][\/vc_column][\/vc_row][vc_row][vc_column width=&#8221;1\/4&#8243;][\/vc_column][vc_column width=&#8221;3\/4&#8243;][vc_column_text css=&#8221;&#8221;]<\/p>\n<h3><span style=\"color: #99cc00;\"><b>Questions<\/b><\/span><\/h3>\n<p><span style=\"font-weight: 400;\">Si vous avez des questions au sujet des \u00e9lections ou de la mise en candidature, veuillez communiquer avec la directrice du scrutin:<\/span><\/p>\n<p style=\"padding-left: 40px;\"><strong>Kaitlyn Demers<\/strong><br \/>\n<span style=\"font-weight: 400;\">kdemers@centreest.ca<\/span><br \/>\n<span style=\"font-weight: 400;\">780-645-3888<\/span>[\/vc_column_text][\/vc_column][\/vc_row]<\/p>\n<\/div>","protected":false},"excerpt":{"rendered":"<p>[vc_row][vc_column width=&#8221;1\/4&#8243;][vc_empty_space height=&#8221;52px&#8221;][vc_wp_custommenu nav_menu=&#8221;157&#8243;][\/vc_column][vc_column width=&#8221;3\/4&#8243;][vc_empty_space height=&#8221;52px&#8221;][vc_column_text css=&#8221;&#8221;] DATES IMPORTANTES 1 janvier 2025: Ouverture de la p\u00e9riode des mises en candidature 22 septembre 2025 \u00e0 12h00: Fin de la p\u00e9riode de [&hellip;]<\/p>\n","protected":false},"author":1,"featured_media":0,"parent":0,"menu_order":0,"comment_status":"closed","ping_status":"closed","template":"","meta":{"footnotes":""},"class_list":["post-25892","page","type-page","status-publish","hentry"],"_links":{"self":[{"href":"https:\/\/centreest.ca\/accueil\/wp-json\/wp\/v2\/pages\/25892","targetHints":{"allow":["GET"]}}],"collection":[{"href":"https:\/\/centreest.ca\/accueil\/wp-json\/wp\/v2\/pages"}],"about":[{"href":"https:\/\/centreest.ca\/accueil\/wp-json\/wp\/v2\/types\/page"}],"author":[{"embeddable":true,"href":"https:\/\/centreest.ca\/accueil\/wp-json\/wp\/v2\/users\/1"}],"replies":[{"embeddable":true,"href":"https:\/\/centreest.ca\/accueil\/wp-json\/wp\/v2\/comments?post=25892"}],"version-history":[{"count":6,"href":"https:\/\/centreest.ca\/accueil\/wp-json\/wp\/v2\/pages\/25892\/revisions"}],"predecessor-version":[{"id":27297,"href":"https:\/\/centreest.ca\/accueil\/wp-json\/wp\/v2\/pages\/25892\/revisions\/27297"}],"wp:attachment":[{"href":"https:\/\/centreest.ca\/accueil\/wp-json\/wp\/v2\/media?parent=25892"}],"curies":[{"name":"wp","href":"https:\/\/api.w.org\/{rel}","templated":true}]}}