{"id":25526,"date":"2024-12-05T10:43:11","date_gmt":"2024-12-05T17:43:11","guid":{"rendered":"https:\/\/centreest.ca\/accueil\/frontieres-routes-sommet-copy\/"},"modified":"2025-02-07T01:24:06","modified_gmt":"2025-02-07T08:24:06","slug":"frontieres-routes-beausejour","status":"publish","type":"page","link":"https:\/\/centreest.ca\/accueil\/frontieres-routes-beausejour\/","title":{"rendered":"Fronti\u00e8res : \u00c9cole Beaus\u00e9jour"},"content":{"rendered":"<div class=\"wpb-content-wrapper\"><p>[vc_row][vc_column][vc_empty_space height=&#8221;52px&#8221;][\/vc_column][\/vc_row][vc_row][vc_column width=&#8221;1\/4&#8243;][vc_wp_custommenu nav_menu=&#8221;156&#8243;][\/vc_column][vc_column width=&#8221;3\/4&#8243;]\t\t\t\t<script>\n\t\t\t\t\t(function($) {\n\t\t\t\t\t\t$(document).ready(function() {\n\t\t\t\t\t\t\tconst mapCenterInput = document.getElementById(\"mapCenter\");\n\t\t\t\t\t\t\tfunction updateCenterTextbox(map) {\n\t\t\t\t\t\t\t\tif (!map) return;\n\t\t\t\t\t\t\t\tif (!mapCenterInput) return;\n\t\t\t\t\t\t\t\tconst center = map.getCenter();\n\t\t\t\t\t\t\t\tmapCenterInput.value = `Lat: ${center.lat().toFixed(6)}, Lng: ${center.lng().toFixed(6)}`;\n\t\t\t\t\t\t\t}\n\t\t\t\t\t\t\t\n\t\t\t\t\t\t\tfunction school_map() {\n\t\t\t\t\t\t\t\tconst mapElement = document.getElementById(\"school_map\");\n\t\t\t\t\t\t\t\tif (!mapElement) {\n\t\t\t\t\t\t\t\t\treturn;\n\t\t\t\t\t\t\t\t}\n\t\t\t\t\t\t\t\tconst map = new google.maps.Map(mapElement, {\n\t\t\t\t\t\t\t\t\tcenter: { lat: 54.677399, lng: -111.890381 },\n\t\t\t\t\t\t\t\t\tzoom: 8,\n\t\t\t\t\t\t\t\t});\n\t\t\t\t\t\t\t\tconst kmlLayer = new google.maps.KmlLayer({\n\t\t\t\t\t\t\t\t\turl: `https:\/\/centreest.ca\/accueil\/kml\/ecole-beausejour.kml`,\n\t\t\t\t\t\t\t\t\tmap: map,\n\t\t\t\t\t\t\t\t\tpreserveViewport: true,\n\t\t\t\t\t\t\t\t\tsuppressInfoWindows: true,\n\t\t\t\t\t\t\t\t});\n\t\t\t\t\t\t\t\tupdateCenterTextbox(map);\n\t\t\t\t\t\t\t\tgoogle.maps.event.addListener(map, \"center_changed\", function() {\n\t\t\t\t\t\t\t\t\tupdateCenterTextbox(map);\n\t\t\t\t\t\t\t\t});\n\t\t\t\t\t\t\t\tgoogle.maps.event.addListener(kmlLayer, \"click\", function(event) {\n\t\t\t\t\t\t\t\t\tif (event.featureData && event.featureData.description) {\n\t\t\t\t\t\t\t\t\t\tconst description = event.featureData.description;\n\t\t\t\t\t\t\t\t\t\tconst linkMatch = description.match(\/href=\"([^\"]*)\"\/);\n\t\t\t\t\t\t\t\t\t\tif (linkMatch) {\n\t\t\t\t\t\t\t\t\t\t\twindow.location.href = linkMatch[1];\n\t\t\t\t\t\t\t\t\t\t}\n\t\t\t\t\t\t\t\t\t}\n\t\t\t\t\t\t\t\t});\n\t\t\t\t\t\t\t}\n\t\t\t\t\t\t\tschool_map();\n\t\t\t\t\t\t});\n\t\t\t\t\t})(jQuery);\n\t\t\t\t<\/script>\n\t\t\t\t<div id=\"school_map\" data-map-file=\"ecole-beausejour\"><\/div>\n\t\t\t\t[\/vc_column][\/vc_row][vc_row][vc_column][vc_empty_space height=&#8221;52px&#8221;][\/vc_column][\/vc_row]<\/p>\n<\/div>","protected":false},"excerpt":{"rendered":"<p>[vc_row][vc_column][vc_empty_space height=&#8221;52px&#8221;][\/vc_column][\/vc_row][vc_row][vc_column width=&#8221;1\/4&#8243;][vc_wp_custommenu nav_menu=&#8221;156&#8243;][\/vc_column][vc_column width=&#8221;3\/4&#8243;][\/vc_column][\/vc_row][vc_row][vc_column][vc_empty_space height=&#8221;52px&#8221;][\/vc_column][\/vc_row]<\/p>\n","protected":false},"author":1,"featured_media":0,"parent":0,"menu_order":0,"comment_status":"closed","ping_status":"closed","template":"","meta":{"footnotes":""},"class_list":["post-25526","page","type-page","status-publish","hentry"],"_links":{"self":[{"href":"https:\/\/centreest.ca\/accueil\/wp-json\/wp\/v2\/pages\/25526","targetHints":{"allow":["GET"]}}],"collection":[{"href":"https:\/\/centreest.ca\/accueil\/wp-json\/wp\/v2\/pages"}],"about":[{"href":"https:\/\/centreest.ca\/accueil\/wp-json\/wp\/v2\/types\/page"}],"author":[{"embeddable":true,"href":"https:\/\/centreest.ca\/accueil\/wp-json\/wp\/v2\/users\/1"}],"replies":[{"embeddable":true,"href":"https:\/\/centreest.ca\/accueil\/wp-json\/wp\/v2\/comments?post=25526"}],"version-history":[{"count":5,"href":"https:\/\/centreest.ca\/accueil\/wp-json\/wp\/v2\/pages\/25526\/revisions"}],"predecessor-version":[{"id":25917,"href":"https:\/\/centreest.ca\/accueil\/wp-json\/wp\/v2\/pages\/25526\/revisions\/25917"}],"wp:attachment":[{"href":"https:\/\/centreest.ca\/accueil\/wp-json\/wp\/v2\/media?parent=25526"}],"curies":[{"name":"wp","href":"https:\/\/api.w.org\/{rel}","templated":true}]}}