{"id":22547,"date":"2023-05-08T14:48:22","date_gmt":"2023-05-08T20:48:22","guid":{"rendered":"https:\/\/centreest.ca\/accueil\/employes\/sante-et-securite\/rapports-copy\/"},"modified":"2023-05-08T15:26:15","modified_gmt":"2023-05-08T21:26:15","slug":"formations","status":"publish","type":"page","link":"https:\/\/centreest.ca\/accueil\/employes\/sante-et-securite\/formations\/","title":{"rendered":"Formations"},"content":{"rendered":"<div class=\"wpb-content-wrapper\"><p>[vc_row][vc_column width=&#8221;1\/4&#8243;][vc_wp_custommenu nav_menu=&#8221;100&#8243;][\/vc_column][vc_column width=&#8221;3\/4&#8243;][vc_column_text]<\/p>\n<h3>Formations en sant\u00e9 et s\u00e9curit\u00e9<\/h3>\n<p><em>Vous trouverez dans cette section les liens permettant d&#8217;acc\u00e9der aux portaux de formations en sant\u00e9 et s\u00e9curit\u00e9, recommand\u00e9es par le CSCE.<\/em>[\/vc_column_text][vc_separator][vc_column_text]<\/p>\n<h2><strong>Pour acc\u00e9der aux formations, un nom d\u2019utilisateur et mot de passe sont requis.<\/strong><\/h2>\n<h3>Public School Works<\/h3>\n<p><a href=\"https:\/\/www.theworks-intl-ca.com\/Pages\/frameset.asp?di=50046&amp;dia=opmg6\" target=\"_blank\" rel=\"noopener\"><img loading=\"lazy\" decoding=\"async\" class=\"aligncenter wp-image-703 size-medium\" src=\"https:\/\/centreest.ca\/accueil\/wp-content\/uploads\/2017\/05\/public_works-300x87.png\" alt=\"public_works\" width=\"300\" height=\"87\" srcset=\"https:\/\/centreest.ca\/accueil\/wp-content\/uploads\/2017\/05\/public_works-300x87.png 300w, https:\/\/centreest.ca\/accueil\/wp-content\/uploads\/2017\/05\/public_works-768x223.png 768w, https:\/\/centreest.ca\/accueil\/wp-content\/uploads\/2017\/05\/public_works.png 770w\" sizes=\"auto, (max-width: 300px) 100vw, 300px\" \/><\/a><\/p>\n<hr \/>\n<div><\/div>\n<p>[\/vc_column_text][vc_column_text]<\/p>\n<h3>Hour Zero<\/h3>\n<p><a href=\"https:\/\/auth.hour-zero.com\/cas\/login\" target=\"_blank\" rel=\"noopener\"><img loading=\"lazy\" decoding=\"async\" class=\"wp-image-632 size-full aligncenter\" src=\"https:\/\/centreest.ca\/accueil\/wp-content\/uploads\/2017\/03\/hour.png\" alt=\"hour\" width=\"214\" height=\"130\" srcset=\"https:\/\/centreest.ca\/accueil\/wp-content\/uploads\/2017\/03\/hour.png 214w, https:\/\/centreest.ca\/accueil\/wp-content\/uploads\/2017\/03\/hour-212x130.png 212w\" sizes=\"auto, (max-width: 214px) 100vw, 214px\" \/><\/a>[\/vc_column_text][vc_empty_space][vc_separator][vc_empty_space height=&#8221;62px&#8221;][\/vc_column][\/vc_row]<\/p>\n<\/div>","protected":false},"excerpt":{"rendered":"<p>[vc_row][vc_column width=&#8221;1\/4&#8243;][vc_wp_custommenu nav_menu=&#8221;100&#8243;][\/vc_column][vc_column width=&#8221;3\/4&#8243;][vc_column_text] Formations en sant\u00e9 et s\u00e9curit\u00e9 Vous trouverez dans cette section les liens permettant d&#8217;acc\u00e9der aux portaux de formations en sant\u00e9 et s\u00e9curit\u00e9, recommand\u00e9es par le CSCE.[\/vc_column_text][vc_separator][vc_column_text] [&hellip;]<\/p>\n","protected":false},"author":1,"featured_media":0,"parent":444,"menu_order":0,"comment_status":"closed","ping_status":"closed","template":"","meta":{"footnotes":""},"class_list":["post-22547","page","type-page","status-publish","hentry"],"_links":{"self":[{"href":"https:\/\/centreest.ca\/accueil\/wp-json\/wp\/v2\/pages\/22547","targetHints":{"allow":["GET"]}}],"collection":[{"href":"https:\/\/centreest.ca\/accueil\/wp-json\/wp\/v2\/pages"}],"about":[{"href":"https:\/\/centreest.ca\/accueil\/wp-json\/wp\/v2\/types\/page"}],"author":[{"embeddable":true,"href":"https:\/\/centreest.ca\/accueil\/wp-json\/wp\/v2\/users\/1"}],"replies":[{"embeddable":true,"href":"https:\/\/centreest.ca\/accueil\/wp-json\/wp\/v2\/comments?post=22547"}],"version-history":[{"count":4,"href":"https:\/\/centreest.ca\/accueil\/wp-json\/wp\/v2\/pages\/22547\/revisions"}],"predecessor-version":[{"id":22554,"href":"https:\/\/centreest.ca\/accueil\/wp-json\/wp\/v2\/pages\/22547\/revisions\/22554"}],"up":[{"embeddable":true,"href":"https:\/\/centreest.ca\/accueil\/wp-json\/wp\/v2\/pages\/444"}],"wp:attachment":[{"href":"https:\/\/centreest.ca\/accueil\/wp-json\/wp\/v2\/media?parent=22547"}],"curies":[{"name":"wp","href":"https:\/\/api.w.org\/{rel}","templated":true}]}}