{"id":22543,"date":"2023-05-08T14:46:49","date_gmt":"2023-05-08T20:46:49","guid":{"rendered":"https:\/\/centreest.ca\/accueil\/sante-et-securite-copy\/"},"modified":"2023-05-09T13:53:10","modified_gmt":"2023-05-09T19:53:10","slug":"rapports","status":"publish","type":"page","link":"https:\/\/centreest.ca\/accueil\/employes\/sante-et-securite\/rapports\/","title":{"rendered":"Rapports"},"content":{"rendered":"<div class=\"wpb-content-wrapper\"><p>[vc_row][vc_column width=&#8221;1\/4&#8243;][vc_wp_custommenu nav_menu=&#8221;100&#8243;][\/vc_column][vc_column width=&#8221;3\/4&#8243;][vc_column_text]<em>Vous trouverez dans cette section tous les rapports n\u00e9cessaires en cas d&#8217;incidents ou d&#8217;accidents, de toute sorte, qui surviennent sur votre lieu de travail.<\/em>[\/vc_column_text][vc_separator][vc_column_text]<\/p>\n<h2>Accidents<\/h2>\n<p><a href=\"http:\/\/www.theworks-intl-ca.com\/ARPages\/accidentsPage1.php?di=50046&amp;dia=opmg6&amp;&amp;&amp;mi=5\" target=\"_blank\" rel=\"noopener\" data-saferedirecturl=\"https:\/\/www.google.com\/url?hl=en&amp;q=http:\/\/www.theworks-intl-ca.com\/ARPages\/accidentsPage1.php?di%3D50046%26dia%3Dopmg6%26%26%26mi%3D5&amp;source=gmail&amp;ust=1494529332135000&amp;usg=AFQjCNFV0FcX8PSSJObhYqaCS9Pjz0a3sg\">D\u00e9clarer un accident impliquant un employ\u00e9 ou un b\u00e9n\u00e9vole<\/a><\/p>\n<hr \/>\n<h2>Conduite du personnel<\/h2>\n<div><\/div>\n<p><a href=\"https:\/\/www.theworks-intl-ca.com\/Pages\/employeeDirectMgr.asp?di=50046&amp;dia=opmg6&amp;mi=10\" target=\"_blank\" rel=\"noopener\" data-saferedirecturl=\"https:\/\/www.google.com\/url?hl=en&amp;q=https:\/\/www.theworks-intl-ca.com\/Pages\/employeeDirectMgr.asp?di%3D50046%26dia%3Dopmg6%26mi%3D10&amp;source=gmail&amp;ust=1494529332135000&amp;usg=AFQjCNHku-MboEtRxSJgc6HULFsuoQMtmw\">Rapport sur la conduite d&#8217;un membre du personnel<\/a><\/p>\n<hr \/>\n<h2>Formations<\/h2>\n<p><a href=\"https:\/\/centreest.ca\/accueil\/employes\/sante-et-securite\/formations\/\" target=\"_blank\" rel=\"noopener\">Formations en ligne<\/a><\/p>\n<hr \/>\n<h2>Laboratoires de sciences<\/h2>\n<p><em>Vous trouverez ici des formulaires n\u00e9cessaires lorsque vous \u00eates en charge de laboratoires de sciences.<\/em><\/p>\n<p><a href=\"https:\/\/centreest.ca\/accueil\/wp-content\/uploads\/2022\/10\/Procedures-Elimination-produits-chimiques.pdf\" target=\"_blank\" rel=\"noopener\">Proc\u00e9dures d&#8217;\u00e9limination des produits chimiques<\/a><\/p>\n<p><a href=\"https:\/\/centreest.ca\/accueil\/wp-content\/uploads\/2022\/10\/Manifeste-ou-inventaire-pour-elimination-des-produits.pdf\" target=\"_blank\" rel=\"noopener\">Inventaire d&#8217;\u00e9limination des produits chimiques<\/a><\/p>\n<p><a href=\"http:\/\/www.theworks-intl-ca.com\/Pages\/MSDS.asp?di=50046&amp;dia=opmg6&amp;mi=5\" target=\"_blank\" rel=\"noopener\" data-saferedirecturl=\"https:\/\/www.google.com\/url?hl=en&amp;q=http:\/\/www.theworks-intl-ca.com\/Pages\/MSDS.asp?di%3D50046%26dia%3Dopmg6%26mi%3D5&amp;source=gmail&amp;ust=1494529332136000&amp;usg=AFQjCNHFvHllRABbPa4C907B2Oe1PTvsuA\">Obtenir une FDS (fiche de donn\u00e9es de s\u00e9curit\u00e9)<\/a><\/p>\n<hr \/>\n<h2>Mati\u00e8res dangereuses<\/h2>\n<div><\/div>\n<div><a href=\"http:\/\/www.theworks-intl-ca.com\/Pages\/hotlineInfo.asp?di=50046&amp;dia=opmg6&amp;mi=5\" target=\"_blank\" rel=\"noopener\" data-saferedirecturl=\"https:\/\/www.google.com\/url?hl=en&amp;q=http:\/\/www.theworks-intl-ca.com\/Pages\/hotlineInfo.asp?di%3D50046%26dia%3Dopmg6%26mi%3D5&amp;source=gmail&amp;ust=1494529332136000&amp;usg=AFQjCNGdODACY-ijLfLnpnN_DXpQkT8rbg\">Parler \u00e0 un sp\u00e9cialiste des mati\u00e8res dangereuses au (1-866-724-6650)<\/a><\/div>\n<div>\n<hr \/>\n<\/div>\n<h2>Rapports sur les dangers et quasi-accidents<\/h2>\n<p><a href=\"https:\/\/www.theworks-intl-ca.com\/LMS\/Login\/login.php?url=%2FPages%2FworkRequest.asp%3Fwf%3Dam%26di%3D50046%26dia%3Dopmg6%26mi%3D5&amp;psw_l=1&amp;lms_l=&amp;di=50046&amp;dia=opmg6&amp;mi=5\" target=\"_blank\" rel=\"noopener\">Signaler un danger pour la s\u00e9curit\u00e9<\/a><\/p>\n<p><a href=\"https:\/\/www.theworks-intl-ca.com\/LMS\/Login\/login.php?url=%2FPages%2FworkRequest.asp%3Fwf%3Dam%26di%3D50046%26dia%3Dopmg6%26mi%3D5%26safe%3D1&amp;psw_l=1&amp;lms_l=&amp;di=50046&amp;dia=opmg6&amp;mi=5\" target=\"_blank\" rel=\"noopener\">Soumettre une suggestion en mati\u00e8re de s\u00e9curit\u00e9<\/a><\/p>\n<p><a href=\"http:\/\/www.theworks-intl-ca.com\/Pages\/workRequest.asp?di=50046&amp;dia=opmg6&amp;mi=5&amp;nm=1\" target=\"_blank\" rel=\"noopener\" data-saferedirecturl=\"https:\/\/www.google.com\/url?hl=en&amp;q=http:\/\/www.theworks-intl-ca.com\/Pages\/workRequest.asp?di%3D50046%26dia%3Dopmg6%26mi%3D5%26nm%3D1&amp;source=gmail&amp;ust=1494529332135000&amp;usg=AFQjCNEdCS6gePdBkFj2XDOHYE9s6QGpRQ\">Signaler un incident \u00e9vit\u00e9 de justesse\u00a0<\/a><\/p>\n<p><a href=\"https:\/\/www.theworks-intl-ca.com\/LMS\/Login\/login.php?url=%2FPages%2FworkRequest.asp%3Fwf%3Dam%26di%3D50046%26dia%3Dopmg6%26mi%3D5%26pest%3D1&amp;psw_l=1&amp;lms_l=&amp;di=50046&amp;dia=opmg6&amp;mi=5\" target=\"_blank\" rel=\"noopener\">Signaler la pr\u00e9sence de\u00a0parasites ou de signes de parasites<\/a><\/p>\n<p><a href=\"https:\/\/www.theworks-intl-ca.com\/LMS\/Login\/login.php?url=%2FPages%2FworkRequest.asp%3Fwf%3Dam%26di%3D50046%26dia%3Dopmg6%26mi%3D5%26ieq%3D1&amp;psw_l=1&amp;lms_l=&amp;di=50046&amp;dia=opmg6&amp;mi=5\" target=\"_blank\" rel=\"noopener\">Soumettre un probl\u00e8me de qualit\u00e9 de l&#8217;environnement int\u00e9rieur<\/a><\/p>\n<p><a href=\"https:\/\/www.theworks-intl-ca.com\/LMS\/Login\/login.php?url=%2FPages%2FworkRequest.asp%3Fwf%3Dam%26di%3D50046%26dia%3Dopmg6%26mi%3D5%26rtw%3D1&amp;psw_l=1&amp;lms_l=&amp;di=50046&amp;dia=opmg6&amp;mi=5\" target=\"_blank\" rel=\"noopener\">Soumettre un rapport de refus de travailler en raison de conditions dangereuses.<\/a><\/p>\n<hr \/>\n<h2>Autres<\/h2>\n<div><\/div>\n<p><a href=\"http:\/\/www.theworks-intl-ca.com\/Pages\/workRequest.asp?di=50046&amp;dia=opmg6&amp;mi=5&amp;safe=1\" target=\"_blank\" rel=\"noopener\" data-saferedirecturl=\"https:\/\/www.google.com\/url?hl=en&amp;q=http:\/\/www.theworks-intl-ca.com\/Pages\/workRequest.asp?di%3D50046%26dia%3Dopmg6%26mi%3D5%26safe%3D1&amp;source=gmail&amp;ust=1494529332135000&amp;usg=AFQjCNFudQJq4LJk0s3bh5nKM0OQw_Ae-Q\">Soumettre une suggestion<\/a><\/p>\n<p><a href=\"http:\/\/www.theworks-intl-ca.com\/Pages\/programsProc.asp?di=50046&amp;dia=opmg6&amp;mi=5\" target=\"_blank\" rel=\"noopener\" data-saferedirecturl=\"https:\/\/www.google.com\/url?hl=en&amp;q=http:\/\/www.theworks-intl-ca.com\/Pages\/programsProc.asp?di%3D50046%26dia%3Dopmg6%26mi%3D5&amp;source=gmail&amp;ust=1494529332136000&amp;usg=AFQjCNHyXu4HdA8PQCuUQ9h23elADh89Fg\">Politiques et proc\u00e9dures<\/a><\/p>\n<p><a href=\"http:\/\/www.theworks-intl-ca.com\/Pages\/programsProc.asp?di=50046&amp;dia=opmg6&amp;mi=5\" target=\"_blank\" rel=\"noopener\" data-saferedirecturl=\"https:\/\/www.google.com\/url?hl=en&amp;q=http:\/\/www.theworks-intl-ca.com\/Pages\/programsProc.asp?di%3D50046%26dia%3Dopmg6%26mi%3D5&amp;source=gmail&amp;ust=1494529332136000&amp;usg=AFQjCNHyXu4HdA8PQCuUQ9h23elADh89Fg\">R\u00e9glementations gouvernementales\u00a0<\/a><\/p>\n<p><a href=\"http:\/\/www.theworks-intl-ca.com\/Pages\/programsProc.asp?di=50046&amp;dia=opmg6&amp;mi=5\" target=\"_blank\" rel=\"noopener\" data-saferedirecturl=\"https:\/\/www.google.com\/url?hl=en&amp;q=http:\/\/www.theworks-intl-ca.com\/Pages\/programsProc.asp?di%3D50046%26dia%3Dopmg6%26mi%3D5&amp;source=gmail&amp;ust=1494529332136000&amp;usg=AFQjCNHyXu4HdA8PQCuUQ9h23elADh89Fg\">Articles et informations g\u00e9n\u00e9rales<\/a><\/p>\n<p><a href=\"http:\/\/www.theworks-intl-ca.com\/Pages\/woNumber.asp?di=50046&amp;dia=opmg6&amp;mi=5\" target=\"_blank\" rel=\"noopener\" data-saferedirecturl=\"https:\/\/www.google.com\/url?hl=en&amp;q=http:\/\/www.theworks-intl-ca.com\/Pages\/woNumber.asp?di%3D50046%26dia%3Dopmg6%26mi%3D5&amp;source=gmail&amp;ust=1494529332136000&amp;usg=AFQjCNHsIkeUxK8zbkuE6U6VCed_QXcPCg\">Compl\u00e9ter un rapport sur l&#8217;\u00e9tat de conformit\u00e9 des responsabilit\u00e9s en ligne<\/a><\/p>\n<p><a href=\"http:\/\/www.theworks-intl-ca.com\/Pages\/hotlineInfo.asp?di=50046&amp;dia=opmg6&amp;mi=5\" target=\"_blank\" rel=\"noopener\" data-saferedirecturl=\"https:\/\/www.google.com\/url?hl=en&amp;q=http:\/\/www.theworks-intl-ca.com\/Pages\/hotlineInfo.asp?di%3D50046%26dia%3Dopmg6%26mi%3D5&amp;source=gmail&amp;ust=1494529332136000&amp;usg=AFQjCNGdODACY-ijLfLnpnN_DXpQkT8rbg\">Compl\u00e9ter un rapport sur l&#8217;\u00e9tat de conformit\u00e9 des responsabilit\u00e9s par t\u00e9l\u00e9phone<\/a><\/p>\n<p><a href=\"http:\/\/www.theworks-intl-ca.com\/Pages\/programsProc.asp?di=50046&amp;dia=opmg6&amp;mi=5\" target=\"_blank\" rel=\"noopener\" data-saferedirecturl=\"https:\/\/www.google.com\/url?hl=en&amp;q=http:\/\/www.theworks-intl-ca.com\/Pages\/programsProc.asp?di%3D50046%26dia%3Dopmg6%26mi%3D5&amp;source=gmail&amp;ust=1494529332136000&amp;usg=AFQjCNHyXu4HdA8PQCuUQ9h23elADh89Fg\">Formulaires, \u00e9tiquettes, affiches<\/a><\/p>\n<div><\/div>\n<p>[\/vc_column_text][vc_separator][vc_empty_space height=&#8221;62px&#8221;][\/vc_column][\/vc_row]<\/p>\n<\/div>","protected":false},"excerpt":{"rendered":"<p>[vc_row][vc_column width=&#8221;1\/4&#8243;][vc_wp_custommenu nav_menu=&#8221;100&#8243;][\/vc_column][vc_column width=&#8221;3\/4&#8243;][vc_column_text]Vous trouverez dans cette section tous les rapports n\u00e9cessaires en cas d&#8217;incidents ou d&#8217;accidents, de toute sorte, qui surviennent sur votre lieu de travail.[\/vc_column_text][vc_separator][vc_column_text] Accidents D\u00e9clarer un [&hellip;]<\/p>\n","protected":false},"author":1,"featured_media":0,"parent":444,"menu_order":0,"comment_status":"closed","ping_status":"closed","template":"","meta":{"footnotes":""},"class_list":["post-22543","page","type-page","status-publish","hentry"],"_links":{"self":[{"href":"https:\/\/centreest.ca\/accueil\/wp-json\/wp\/v2\/pages\/22543","targetHints":{"allow":["GET"]}}],"collection":[{"href":"https:\/\/centreest.ca\/accueil\/wp-json\/wp\/v2\/pages"}],"about":[{"href":"https:\/\/centreest.ca\/accueil\/wp-json\/wp\/v2\/types\/page"}],"author":[{"embeddable":true,"href":"https:\/\/centreest.ca\/accueil\/wp-json\/wp\/v2\/users\/1"}],"replies":[{"embeddable":true,"href":"https:\/\/centreest.ca\/accueil\/wp-json\/wp\/v2\/comments?post=22543"}],"version-history":[{"count":5,"href":"https:\/\/centreest.ca\/accueil\/wp-json\/wp\/v2\/pages\/22543\/revisions"}],"predecessor-version":[{"id":22565,"href":"https:\/\/centreest.ca\/accueil\/wp-json\/wp\/v2\/pages\/22543\/revisions\/22565"}],"up":[{"embeddable":true,"href":"https:\/\/centreest.ca\/accueil\/wp-json\/wp\/v2\/pages\/444"}],"wp:attachment":[{"href":"https:\/\/centreest.ca\/accueil\/wp-json\/wp\/v2\/media?parent=22543"}],"curies":[{"name":"wp","href":"https:\/\/api.w.org\/{rel}","templated":true}]}}