{"id":20342,"date":"2022-05-25T11:46:57","date_gmt":"2022-05-25T17:46:57","guid":{"rendered":"https:\/\/centreest.ca\/accueil\/?page_id=20342"},"modified":"2024-01-11T14:53:01","modified_gmt":"2024-01-11T21:53:01","slug":"sante-et-securite-du-csce","status":"publish","type":"page","link":"https:\/\/centreest.ca\/accueil\/sante-et-securite-du-csce\/","title":{"rendered":"Sant\u00e9 et s\u00e9curit\u00e9 du CSCE"},"content":{"rendered":"","protected":true},"excerpt":{"rendered":"","protected":true},"author":1,"featured_media":0,"parent":0,"menu_order":0,"comment_status":"closed","ping_status":"closed","template":"","meta":{"footnotes":""},"class_list":["post-20342","page","type-page","status-publish","post-password-required","hentry"],"_links":{"self":[{"href":"https:\/\/centreest.ca\/accueil\/wp-json\/wp\/v2\/pages\/20342","targetHints":{"allow":["GET"]}}],"collection":[{"href":"https:\/\/centreest.ca\/accueil\/wp-json\/wp\/v2\/pages"}],"about":[{"href":"https:\/\/centreest.ca\/accueil\/wp-json\/wp\/v2\/types\/page"}],"author":[{"embeddable":true,"href":"https:\/\/centreest.ca\/accueil\/wp-json\/wp\/v2\/users\/1"}],"replies":[{"embeddable":true,"href":"https:\/\/centreest.ca\/accueil\/wp-json\/wp\/v2\/comments?post=20342"}],"version-history":[{"count":6,"href":"https:\/\/centreest.ca\/accueil\/wp-json\/wp\/v2\/pages\/20342\/revisions"}],"predecessor-version":[{"id":21322,"href":"https:\/\/centreest.ca\/accueil\/wp-json\/wp\/v2\/pages\/20342\/revisions\/21322"}],"wp:attachment":[{"href":"https:\/\/centreest.ca\/accueil\/wp-json\/wp\/v2\/media?parent=20342"}],"curies":[{"name":"wp","href":"https:\/\/api.w.org\/{rel}","templated":true}]}}