{"id":170,"date":"2016-09-21T17:34:43","date_gmt":"2016-09-21T17:34:43","guid":{"rendered":"http:\/\/onistaweb.com\/demo\/wp\/csce\/?page_id=170&#038;lang=fr"},"modified":"2026-01-14T15:03:38","modified_gmt":"2026-01-14T22:03:38","slug":"equipe-administrative","status":"publish","type":"page","link":"https:\/\/centreest.ca\/accueil\/equipe-administrative\/","title":{"rendered":"\u00c9quipe administrative"},"content":{"rendered":"<div class=\"wpb-content-wrapper\"><p>[vc_row][vc_column width=&#8221;1\/4&#8243;][vc_wp_custommenu nav_menu=&#8221;98&#8243;][\/vc_column][vc_column width=&#8221;3\/4&#8243;]\t<div class=\"enginerr-section-one container-fluid no-padding\">\r\n\t\t<div class=\"container\">\r\n\t\t\t\t\t\t<div class=\"row\">\r\n\t\t\t\t\t\t\t\t\t<div class=\"col-md-4 col-sm-4 col-xs-3 q_team enginerr-content\">\r\n\t\t\t\t\t\t<div class=\"feature_box_block\">\r\n\t\t\t\t\t\t\t<div class=\"featurebox_inner\">\r\n\t\t\t\t\t\t\t\t<div class=\"feature_box flip_box front\">\r\n\t\t\t\t\t\t\t\t\t<img loading=\"lazy\" decoding=\"async\" width=\"215\" height=\"264\" src=\"https:\/\/centreest.ca\/accueil\/wp-content\/uploads\/2017\/08\/Photo_equipe_Dolorese-1-215x264.jpg\" class=\"attachment-enginerrs-215-264 size-enginerrs-215-264 wp-post-image\" alt=\"\" srcset=\"https:\/\/centreest.ca\/accueil\/wp-content\/uploads\/2017\/08\/Photo_equipe_Dolorese-1-215x264.jpg 215w, https:\/\/centreest.ca\/accueil\/wp-content\/uploads\/2017\/08\/Photo_equipe_Dolorese-1-264x325.jpg 264w\" sizes=\"auto, (max-width: 215px) 100vw, 215px\" \/>\t\t\t\t\t\t\t\t<\/div>\r\n\t\t\t\t\t\t\t\t\t\t\t\t\t\t\t\t\t<div class=\"feature_icon flip_box back\">\r\n\t\t\t\t\t\t\t\t\t\t<img decoding=\"async\" src=\"https:\/\/centreest.ca\/accueil\/wp-content\/uploads\/2017\/08\/Photo_equipe_Dolorese-1.jpg\" alt=\"\"\/>\r\n\t\t\t\t\t\t\t\t\t<\/div>\r\n\t\t\t\t\t\t\t\t\t\t\t\t\t\t\t\t<\/div>\r\n\t\t\t\t\t\t<\/div>\r\n\t\t\t\t\t\t<div class=\"enginerr-item\">\r\n\t\t\t\t\t\t\t<h2>Dolor\u00e8se Nolette<\/h2>\t\t\t\t\t\t\t\t\t\t\t\t\t\t\t<p>Directrice g\u00e9n\u00e9rale<\/p>\r\n\t\t\t\t\t\t\t\t\t\t\t\t\t\t\t\t<a href=\"mailto:dnolette@centreest.ca\">\r\n\t\t\t\t\t\t\t\t\tdnolette@centreest.ca\t\t\t\t\t\t\t\t<\/a>\r\n\t\t\t\t\t\t\t\t\t\t\t\t\t\t<\/div>\r\n\t\t\t\t\t<\/div>\r\n\t\t\t\t\t\t\t\t\t\t<div class=\"col-md-4 col-sm-4 col-xs-3 q_team enginerr-content\">\r\n\t\t\t\t\t\t<div class=\"feature_box_block no_flip\">\r\n\t\t\t\t\t\t\t<div class=\"featurebox_inner\">\r\n\t\t\t\t\t\t\t\t<div class=\"feature_box flip_box front\">\r\n\t\t\t\t\t\t\t\t\t<img loading=\"lazy\" decoding=\"async\" width=\"215\" height=\"264\" src=\"https:\/\/centreest.ca\/accueil\/wp-content\/uploads\/2024\/09\/Juanita-edited-215x264.png\" class=\"attachment-enginerrs-215-264 size-enginerrs-215-264 wp-post-image\" alt=\"\" srcset=\"https:\/\/centreest.ca\/accueil\/wp-content\/uploads\/2024\/09\/Juanita-edited-215x264.png 215w, https:\/\/centreest.ca\/accueil\/wp-content\/uploads\/2024\/09\/Juanita-edited-264x325.png 264w\" sizes=\"auto, (max-width: 215px) 100vw, 215px\" \/>\t\t\t\t\t\t\t\t<\/div>\r\n\t\t\t\t\t\t\t\t\t\t\t\t\t\t\t<\/div>\r\n\t\t\t\t\t\t<\/div>\r\n\t\t\t\t\t\t<div class=\"enginerr-item\">\r\n\t\t\t\t\t\t\t<h2>Juanita Roy<\/h2>\t\t\t\t\t\t\t\t\t\t\t\t\t\t\t<p>Directrice des services \u00e9ducatifs<\/p>\r\n\t\t\t\t\t\t\t\t\t\t\t\t\t\t\t\t<a href=\"mailto:jroy@centreest.ca\">\r\n\t\t\t\t\t\t\t\t\tjroy@centreest.ca\t\t\t\t\t\t\t\t<\/a>\r\n\t\t\t\t\t\t\t\t\t\t\t\t\t\t<\/div>\r\n\t\t\t\t\t<\/div>\r\n\t\t\t\t\t\t\t\t\t\t<div class=\"col-md-4 col-sm-4 col-xs-3 q_team enginerr-content\">\r\n\t\t\t\t\t\t<div class=\"feature_box_block\">\r\n\t\t\t\t\t\t\t<div class=\"featurebox_inner\">\r\n\t\t\t\t\t\t\t\t<div class=\"feature_box flip_box front\">\r\n\t\t\t\t\t\t\t\t\t<img loading=\"lazy\" decoding=\"async\" width=\"215\" height=\"264\" src=\"https:\/\/centreest.ca\/accueil\/wp-content\/uploads\/2017\/08\/Isabelle_CSCE-215x264.jpg\" class=\"attachment-enginerrs-215-264 size-enginerrs-215-264 wp-post-image\" alt=\"\" srcset=\"https:\/\/centreest.ca\/accueil\/wp-content\/uploads\/2017\/08\/Isabelle_CSCE-215x264.jpg 215w, https:\/\/centreest.ca\/accueil\/wp-content\/uploads\/2017\/08\/Isabelle_CSCE-264x325.jpg 264w\" sizes=\"auto, (max-width: 215px) 100vw, 215px\" \/>\t\t\t\t\t\t\t\t<\/div>\r\n\t\t\t\t\t\t\t\t\t\t\t\t\t\t\t\t\t<div class=\"feature_icon flip_box back\">\r\n\t\t\t\t\t\t\t\t\t\t<img decoding=\"async\" src=\"https:\/\/centreest.ca\/accueil\/wp-content\/uploads\/2017\/08\/Isabelle_CSCE.jpg\" alt=\"\"\/>\r\n\t\t\t\t\t\t\t\t\t<\/div>\r\n\t\t\t\t\t\t\t\t\t\t\t\t\t\t\t\t<\/div>\r\n\t\t\t\t\t\t<\/div>\r\n\t\t\t\t\t\t<div class=\"enginerr-item\">\r\n\t\t\t\t\t\t\t<h2>Isabelle Poulin<\/h2>\t\t\t\t\t\t\t\t\t\t\t\t\t\t\t<p>Tr\u00e9sori\u00e8re g\u00e9n\u00e9rale<\/p>\r\n\t\t\t\t\t\t\t\t\t\t\t\t\t\t\t\t<a href=\"mailto:ipoulin@centreest.ca\">\r\n\t\t\t\t\t\t\t\t\tipoulin@centreest.ca\t\t\t\t\t\t\t\t<\/a>\r\n\t\t\t\t\t\t\t\t\t\t\t\t\t\t<\/div>\r\n\t\t\t\t\t<\/div>\r\n\t\t\t\t\t\t\t\t\t\t<div class=\"col-md-4 col-sm-4 col-xs-3 q_team enginerr-content\">\r\n\t\t\t\t\t\t<div class=\"feature_box_block\">\r\n\t\t\t\t\t\t\t<div class=\"featurebox_inner\">\r\n\t\t\t\t\t\t\t\t<div class=\"feature_box flip_box front\">\r\n\t\t\t\t\t\t\t\t\t<img loading=\"lazy\" decoding=\"async\" width=\"215\" height=\"264\" src=\"https:\/\/centreest.ca\/accueil\/wp-content\/uploads\/2017\/08\/CSCE_photoEquipe02-215x264.jpg\" class=\"attachment-enginerrs-215-264 size-enginerrs-215-264 wp-post-image\" alt=\"\" srcset=\"https:\/\/centreest.ca\/accueil\/wp-content\/uploads\/2017\/08\/CSCE_photoEquipe02-215x264.jpg 215w, https:\/\/centreest.ca\/accueil\/wp-content\/uploads\/2017\/08\/CSCE_photoEquipe02-264x325.jpg 264w\" sizes=\"auto, (max-width: 215px) 100vw, 215px\" \/>\t\t\t\t\t\t\t\t<\/div>\r\n\t\t\t\t\t\t\t\t\t\t\t\t\t\t\t\t\t<div class=\"feature_icon flip_box back\">\r\n\t\t\t\t\t\t\t\t\t\t<img decoding=\"async\" src=\"https:\/\/centreest.ca\/accueil\/wp-content\/uploads\/2017\/08\/CSCE_photoEquipe02.jpg\" alt=\"\"\/>\r\n\t\t\t\t\t\t\t\t\t<\/div>\r\n\t\t\t\t\t\t\t\t\t\t\t\t\t\t\t\t<\/div>\r\n\t\t\t\t\t\t<\/div>\r\n\t\t\t\t\t\t<div class=\"enginerr-item\">\r\n\t\t\t\t\t\t\t<h2>Anna Harris<\/h2>\t\t\t\t\t\t\t\t\t\t\t\t\t\t\t<p>Directrice des ressources humaines et gestionnaire des finances<\/p>\r\n\t\t\t\t\t\t\t\t\t\t\t\t\t\t\t\t<a href=\"mailto:aharris@centreest.ca\">\r\n\t\t\t\t\t\t\t\t\taharris@centreest.ca\t\t\t\t\t\t\t\t<\/a>\r\n\t\t\t\t\t\t\t\t\t\t\t\t\t\t<\/div>\r\n\t\t\t\t\t<\/div>\r\n\t\t\t\t\t\t\t\t\t\t<div class=\"col-md-4 col-sm-4 col-xs-3 q_team enginerr-content\">\r\n\t\t\t\t\t\t<div class=\"feature_box_block no_flip\">\r\n\t\t\t\t\t\t\t<div class=\"featurebox_inner\">\r\n\t\t\t\t\t\t\t\t<div class=\"feature_box flip_box front\">\r\n\t\t\t\t\t\t\t\t\t<img loading=\"lazy\" decoding=\"async\" width=\"215\" height=\"264\" src=\"https:\/\/centreest.ca\/accueil\/wp-content\/uploads\/2024\/09\/Kaitlyn-min-215x264.jpg\" class=\"attachment-enginerrs-215-264 size-enginerrs-215-264 wp-post-image\" alt=\"\" srcset=\"https:\/\/centreest.ca\/accueil\/wp-content\/uploads\/2024\/09\/Kaitlyn-min-215x264.jpg 215w, https:\/\/centreest.ca\/accueil\/wp-content\/uploads\/2024\/09\/Kaitlyn-min-264x325.jpg 264w\" sizes=\"auto, (max-width: 215px) 100vw, 215px\" \/>\t\t\t\t\t\t\t\t<\/div>\r\n\t\t\t\t\t\t\t\t\t\t\t\t\t\t\t<\/div>\r\n\t\t\t\t\t\t<\/div>\r\n\t\t\t\t\t\t<div class=\"enginerr-item\">\r\n\t\t\t\t\t\t\t<h2>Kaitlyn Demers<\/h2>\t\t\t\t\t\t\t\t\t\t\t\t\t\t\t<p>Secr\u00e9taire g\u00e9n\u00e9rale et coordonnatrice des communications<\/p>\r\n\t\t\t\t\t\t\t\t\t\t\t\t\t\t\t\t<a href=\"mailto:kdemers@centreest.ca\">\r\n\t\t\t\t\t\t\t\t\tkdemers@centreest.ca\t\t\t\t\t\t\t\t<\/a>\r\n\t\t\t\t\t\t\t\t\t\t\t\t\t\t<\/div>\r\n\t\t\t\t\t<\/div>\r\n\t\t\t\t\t\t\t\t\t\t<div class=\"col-md-4 col-sm-4 col-xs-3 q_team enginerr-content\">\r\n\t\t\t\t\t\t<div class=\"feature_box_block\">\r\n\t\t\t\t\t\t\t<div class=\"featurebox_inner\">\r\n\t\t\t\t\t\t\t\t<div class=\"feature_box flip_box front\">\r\n\t\t\t\t\t\t\t\t\t<img loading=\"lazy\" decoding=\"async\" width=\"215\" height=\"264\" src=\"https:\/\/centreest.ca\/accueil\/wp-content\/uploads\/2017\/08\/team2_michele1-215x264.png\" class=\"attachment-enginerrs-215-264 size-enginerrs-215-264 wp-post-image\" alt=\"\" srcset=\"https:\/\/centreest.ca\/accueil\/wp-content\/uploads\/2017\/08\/team2_michele1-215x264.png 215w, https:\/\/centreest.ca\/accueil\/wp-content\/uploads\/2017\/08\/team2_michele1-264x325.png 264w\" sizes=\"auto, (max-width: 215px) 100vw, 215px\" \/>\t\t\t\t\t\t\t\t<\/div>\r\n\t\t\t\t\t\t\t\t\t\t\t\t\t\t\t\t\t<div class=\"feature_icon flip_box back\">\r\n\t\t\t\t\t\t\t\t\t\t<img decoding=\"async\" src=\"https:\/\/centreest.ca\/accueil\/wp-content\/uploads\/2017\/08\/team2_michele2.png\" alt=\"\"\/>\r\n\t\t\t\t\t\t\t\t\t<\/div>\r\n\t\t\t\t\t\t\t\t\t\t\t\t\t\t\t\t<\/div>\r\n\t\t\t\t\t\t<\/div>\r\n\t\t\t\t\t\t<div class=\"enginerr-item\">\r\n\t\t\t\t\t\t\t<h2>Mich\u00e8le Dupont<\/h2>\t\t\t\t\t\t\t\t\t\t\t\t\t\t\t<p>Pr\u00e9pos\u00e9e aux finances<\/p>\r\n\t\t\t\t\t\t\t\t\t\t\t\t\t\t\t\t<a href=\"mailto:mdupont@centreest.ca\">\r\n\t\t\t\t\t\t\t\t\tmdupont@centreest.ca\t\t\t\t\t\t\t\t<\/a>\r\n\t\t\t\t\t\t\t\t\t\t\t\t\t\t<\/div>\r\n\t\t\t\t\t<\/div>\r\n\t\t\t\t\t\t\t\t\t\t<div class=\"col-md-4 col-sm-4 col-xs-3 q_team enginerr-content\">\r\n\t\t\t\t\t\t<div class=\"feature_box_block\">\r\n\t\t\t\t\t\t\t<div class=\"featurebox_inner\">\r\n\t\t\t\t\t\t\t\t<div class=\"feature_box flip_box front\">\r\n\t\t\t\t\t\t\t\t\t<img loading=\"lazy\" decoding=\"async\" width=\"215\" height=\"264\" src=\"https:\/\/centreest.ca\/accueil\/wp-content\/uploads\/2017\/08\/CSCE_photoEquipe-215x264.jpg\" class=\"attachment-enginerrs-215-264 size-enginerrs-215-264 wp-post-image\" alt=\"\" srcset=\"https:\/\/centreest.ca\/accueil\/wp-content\/uploads\/2017\/08\/CSCE_photoEquipe-215x264.jpg 215w, https:\/\/centreest.ca\/accueil\/wp-content\/uploads\/2017\/08\/CSCE_photoEquipe-264x325.jpg 264w\" sizes=\"auto, (max-width: 215px) 100vw, 215px\" \/>\t\t\t\t\t\t\t\t<\/div>\r\n\t\t\t\t\t\t\t\t\t\t\t\t\t\t\t\t\t<div class=\"feature_icon flip_box back\">\r\n\t\t\t\t\t\t\t\t\t\t<img decoding=\"async\" src=\"https:\/\/centreest.ca\/accueil\/wp-content\/uploads\/2017\/08\/CSCE_photoEquipe.jpg\" alt=\"\"\/>\r\n\t\t\t\t\t\t\t\t\t<\/div>\r\n\t\t\t\t\t\t\t\t\t\t\t\t\t\t\t\t<\/div>\r\n\t\t\t\t\t\t<\/div>\r\n\t\t\t\t\t\t<div class=\"enginerr-item\">\r\n\t\t\t\t\t\t\t<h2>Leanne Sonntag<\/h2>\t\t\t\t\t\t\t\t\t\t\t\t\t\t\t<p>Agente de soutien administratif aux op\u00e9rations<\/p>\r\n\t\t\t\t\t\t\t\t\t\t\t\t\t\t\t\t<a href=\"mailto:lsonntag@centreest.ca\">\r\n\t\t\t\t\t\t\t\t\tlsonntag@centreest.ca\t\t\t\t\t\t\t\t<\/a>\r\n\t\t\t\t\t\t\t\t\t\t\t\t\t\t<\/div>\r\n\t\t\t\t\t<\/div>\r\n\t\t\t\t\t\t\t\t\t\t<div class=\"col-md-4 col-sm-4 col-xs-3 q_team enginerr-content\">\r\n\t\t\t\t\t\t<div class=\"feature_box_block no_flip\">\r\n\t\t\t\t\t\t\t<div class=\"featurebox_inner\">\r\n\t\t\t\t\t\t\t\t<div class=\"feature_box flip_box front\">\r\n\t\t\t\t\t\t\t\t\t<img loading=\"lazy\" decoding=\"async\" width=\"215\" height=\"264\" src=\"https:\/\/centreest.ca\/accueil\/wp-content\/uploads\/2026\/01\/Melanie-Joly-1-215x264.png\" class=\"attachment-enginerrs-215-264 size-enginerrs-215-264 wp-post-image\" alt=\"\" srcset=\"https:\/\/centreest.ca\/accueil\/wp-content\/uploads\/2026\/01\/Melanie-Joly-1-215x264.png 215w, https:\/\/centreest.ca\/accueil\/wp-content\/uploads\/2026\/01\/Melanie-Joly-1-264x325.png 264w\" sizes=\"auto, (max-width: 215px) 100vw, 215px\" \/>\t\t\t\t\t\t\t\t<\/div>\r\n\t\t\t\t\t\t\t\t\t\t\t\t\t\t\t<\/div>\r\n\t\t\t\t\t\t<\/div>\r\n\t\t\t\t\t\t<div class=\"enginerr-item\">\r\n\t\t\t\t\t\t\t<h2>M\u00e9lanie Joly<\/h2>\t\t\t\t\t\t\t\t\t\t\t\t\t\t\t<p>Agente de soutien aux ressources humaines et aux finances<\/p>\r\n\t\t\t\t\t\t\t\t\t\t\t\t\t\t\t\t<a href=\"mailto:mjoly@centreest.ca\">\r\n\t\t\t\t\t\t\t\t\tmjoly@centreest.ca\t\t\t\t\t\t\t\t<\/a>\r\n\t\t\t\t\t\t\t\t\t\t\t\t\t\t<\/div>\r\n\t\t\t\t\t<\/div>\r\n\t\t\t\t\t\t\t\t\t\t<div class=\"col-md-4 col-sm-4 col-xs-3 q_team enginerr-content\">\r\n\t\t\t\t\t\t<div class=\"feature_box_block\">\r\n\t\t\t\t\t\t\t<div class=\"featurebox_inner\">\r\n\t\t\t\t\t\t\t\t<div class=\"feature_box flip_box front\">\r\n\t\t\t\t\t\t\t\t\t<img loading=\"lazy\" decoding=\"async\" width=\"215\" height=\"264\" src=\"https:\/\/centreest.ca\/accueil\/wp-content\/uploads\/2017\/08\/Photo_equipe_ERIC-215x264.jpg\" class=\"attachment-enginerrs-215-264 size-enginerrs-215-264 wp-post-image\" alt=\"\" srcset=\"https:\/\/centreest.ca\/accueil\/wp-content\/uploads\/2017\/08\/Photo_equipe_ERIC-215x264.jpg 215w, https:\/\/centreest.ca\/accueil\/wp-content\/uploads\/2017\/08\/Photo_equipe_ERIC-264x325.jpg 264w\" sizes=\"auto, (max-width: 215px) 100vw, 215px\" \/>\t\t\t\t\t\t\t\t<\/div>\r\n\t\t\t\t\t\t\t\t\t\t\t\t\t\t\t\t\t<div class=\"feature_icon flip_box back\">\r\n\t\t\t\t\t\t\t\t\t\t<img decoding=\"async\" src=\"https:\/\/centreest.ca\/accueil\/wp-content\/uploads\/2017\/08\/Photo_equipe_ERIC.jpg\" alt=\"\"\/>\r\n\t\t\t\t\t\t\t\t\t<\/div>\r\n\t\t\t\t\t\t\t\t\t\t\t\t\t\t\t\t<\/div>\r\n\t\t\t\t\t\t<\/div>\r\n\t\t\t\t\t\t<div class=\"enginerr-item\">\r\n\t\t\t\t\t\t\t<h2>Eric Lefebvre<\/h2>\t\t\t\t\t\t\t\t\t\t\t\t\t\t\t<p>Superviseur des infrastructures et de la maintenance<\/p>\r\n\t\t\t\t\t\t\t\t\t\t\t\t\t\t\t\t<a href=\"mailto:elefebvre@centreest.ca\">\r\n\t\t\t\t\t\t\t\t\telefebvre@centreest.ca\t\t\t\t\t\t\t\t<\/a>\r\n\t\t\t\t\t\t\t\t\t\t\t\t\t\t<\/div>\r\n\t\t\t\t\t<\/div>\r\n\t\t\t\t\t\t\t\t\t\t<div class=\"col-md-4 col-sm-4 col-xs-3 q_team enginerr-content\">\r\n\t\t\t\t\t\t<div class=\"feature_box_block\">\r\n\t\t\t\t\t\t\t<div class=\"featurebox_inner\">\r\n\t\t\t\t\t\t\t\t<div class=\"feature_box flip_box front\">\r\n\t\t\t\t\t\t\t\t\t<img loading=\"lazy\" decoding=\"async\" width=\"215\" height=\"264\" src=\"https:\/\/centreest.ca\/accueil\/wp-content\/uploads\/2017\/08\/team2_jacques1-215x264.png\" class=\"attachment-enginerrs-215-264 size-enginerrs-215-264 wp-post-image\" alt=\"\" srcset=\"https:\/\/centreest.ca\/accueil\/wp-content\/uploads\/2017\/08\/team2_jacques1-215x264.png 215w, https:\/\/centreest.ca\/accueil\/wp-content\/uploads\/2017\/08\/team2_jacques1-264x325.png 264w\" sizes=\"auto, (max-width: 215px) 100vw, 215px\" \/>\t\t\t\t\t\t\t\t<\/div>\r\n\t\t\t\t\t\t\t\t\t\t\t\t\t\t\t\t\t<div class=\"feature_icon flip_box back\">\r\n\t\t\t\t\t\t\t\t\t\t<img decoding=\"async\" src=\"https:\/\/centreest.ca\/accueil\/wp-content\/uploads\/2017\/08\/team2_jacques2.png\" alt=\"\"\/>\r\n\t\t\t\t\t\t\t\t\t<\/div>\r\n\t\t\t\t\t\t\t\t\t\t\t\t\t\t\t\t<\/div>\r\n\t\t\t\t\t\t<\/div>\r\n\t\t\t\t\t\t<div class=\"enginerr-item\">\r\n\t\t\t\t\t\t\t<h2>Jacques Nkogo<\/h2>\t\t\t\t\t\t\t\t\t\t\t\t\t\t\t<p>Administrateur des syst\u00e8mes informatiques<\/p>\r\n\t\t\t\t\t\t\t\t\t\t\t\t\t\t\t\t<a href=\"mailto:jnkogo@centreest.ca\">\r\n\t\t\t\t\t\t\t\t\tjnkogo@centreest.ca\t\t\t\t\t\t\t\t<\/a>\r\n\t\t\t\t\t\t\t\t\t\t\t\t\t\t<\/div>\r\n\t\t\t\t\t<\/div>\r\n\t\t\t\t\t\t\t\t\t\t<div class=\"col-md-4 col-sm-4 col-xs-3 q_team enginerr-content\">\r\n\t\t\t\t\t\t<div class=\"feature_box_block no_flip\">\r\n\t\t\t\t\t\t\t<div class=\"featurebox_inner\">\r\n\t\t\t\t\t\t\t\t<div class=\"feature_box flip_box front\">\r\n\t\t\t\t\t\t\t\t\t<img loading=\"lazy\" decoding=\"async\" width=\"215\" height=\"264\" src=\"https:\/\/centreest.ca\/accueil\/wp-content\/uploads\/2025\/12\/Caleb-VongPhit-215x264.png\" class=\"attachment-enginerrs-215-264 size-enginerrs-215-264 wp-post-image\" alt=\"\" srcset=\"https:\/\/centreest.ca\/accueil\/wp-content\/uploads\/2025\/12\/Caleb-VongPhit-215x264.png 215w, https:\/\/centreest.ca\/accueil\/wp-content\/uploads\/2025\/12\/Caleb-VongPhit-264x325.png 264w\" sizes=\"auto, (max-width: 215px) 100vw, 215px\" \/>\t\t\t\t\t\t\t\t<\/div>\r\n\t\t\t\t\t\t\t\t\t\t\t\t\t\t\t<\/div>\r\n\t\t\t\t\t\t<\/div>\r\n\t\t\t\t\t\t<div class=\"enginerr-item\">\r\n\t\t\t\t\t\t\t<h2>Caleb VongPhit<\/h2>\t\t\t\t\t\t\t\t\t\t\t\t\t\t\t<p>Technicien Informatique<\/p>\r\n\t\t\t\t\t\t\t\t\t\t\t\t\t\t\t\t<a href=\"mailto:cvongphit@centreest.ca\">\r\n\t\t\t\t\t\t\t\t\tcvongphit@centreest.ca\t\t\t\t\t\t\t\t<\/a>\r\n\t\t\t\t\t\t\t\t\t\t\t\t\t\t<\/div>\r\n\t\t\t\t\t<\/div>\r\n\t\t\t\t\t\t\t\t\t\t<div class=\"col-md-4 col-sm-4 col-xs-3 q_team enginerr-content\">\r\n\t\t\t\t\t\t<div class=\"feature_box_block no_flip\">\r\n\t\t\t\t\t\t\t<div class=\"featurebox_inner\">\r\n\t\t\t\t\t\t\t\t<div class=\"feature_box flip_box front\">\r\n\t\t\t\t\t\t\t\t\t<img loading=\"lazy\" decoding=\"async\" width=\"215\" height=\"264\" src=\"https:\/\/centreest.ca\/accueil\/wp-content\/uploads\/2024\/09\/Margo-edited-215x264.png\" class=\"attachment-enginerrs-215-264 size-enginerrs-215-264 wp-post-image\" alt=\"\" srcset=\"https:\/\/centreest.ca\/accueil\/wp-content\/uploads\/2024\/09\/Margo-edited-215x264.png 215w, https:\/\/centreest.ca\/accueil\/wp-content\/uploads\/2024\/09\/Margo-edited-264x325.png 264w\" sizes=\"auto, (max-width: 215px) 100vw, 215px\" \/>\t\t\t\t\t\t\t\t<\/div>\r\n\t\t\t\t\t\t\t\t\t\t\t\t\t\t\t<\/div>\r\n\t\t\t\t\t\t<\/div>\r\n\t\t\t\t\t\t<div class=\"enginerr-item\">\r\n\t\t\t\t\t\t\t<h2>Margo Moyen<\/h2>\t\t\t\t\t\t\t\t\t\t\t\t\t\t\t<p>Conseill\u00e8re p\u00e9dagogique<\/p>\r\n\t\t\t\t\t\t\t\t\t\t\t\t\t\t\t\t<a href=\"mailto:mmoyen@centreest.ca\">\r\n\t\t\t\t\t\t\t\t\tmmoyen@centreest.ca\t\t\t\t\t\t\t\t<\/a>\r\n\t\t\t\t\t\t\t\t\t\t\t\t\t\t<\/div>\r\n\t\t\t\t\t<\/div>\r\n\t\t\t\t\t\t\t\t\t\t<div class=\"col-md-4 col-sm-4 col-xs-3 q_team enginerr-content\">\r\n\t\t\t\t\t\t<div class=\"feature_box_block no_flip\">\r\n\t\t\t\t\t\t\t<div class=\"featurebox_inner\">\r\n\t\t\t\t\t\t\t\t<div class=\"feature_box flip_box front\">\r\n\t\t\t\t\t\t\t\t\t<img loading=\"lazy\" decoding=\"async\" width=\"215\" height=\"264\" src=\"https:\/\/centreest.ca\/accueil\/wp-content\/uploads\/2017\/08\/Troy-min-215x264.jpg\" class=\"attachment-enginerrs-215-264 size-enginerrs-215-264 wp-post-image\" alt=\"\" srcset=\"https:\/\/centreest.ca\/accueil\/wp-content\/uploads\/2017\/08\/Troy-min-215x264.jpg 215w, https:\/\/centreest.ca\/accueil\/wp-content\/uploads\/2017\/08\/Troy-min-264x325.jpg 264w\" sizes=\"auto, (max-width: 215px) 100vw, 215px\" \/>\t\t\t\t\t\t\t\t<\/div>\r\n\t\t\t\t\t\t\t\t\t\t\t\t\t\t\t<\/div>\r\n\t\t\t\t\t\t<\/div>\r\n\t\t\t\t\t\t<div class=\"enginerr-item\">\r\n\t\t\t\t\t\t\t<h2>Troy Gratton<\/h2>\t\t\t\t\t\t\t\t\t\t\t\t\t\t\t<p>Conseiller en orientation et \u00e0 l\u2019engagement des \u00e9l\u00e8ves<\/p>\r\n\t\t\t\t\t\t\t\t\t\t\t\t\t\t\t\t<a href=\"mailto:tgratton@centreest.ca\">\r\n\t\t\t\t\t\t\t\t\ttgratton@centreest.ca\t\t\t\t\t\t\t\t<\/a>\r\n\t\t\t\t\t\t\t\t\t\t\t\t\t\t<\/div>\r\n\t\t\t\t\t<\/div>\r\n\t\t\t\t\t\t\t\t\t\t<div class=\"col-md-4 col-sm-4 col-xs-3 q_team enginerr-content\">\r\n\t\t\t\t\t\t<div class=\"feature_box_block no_flip\">\r\n\t\t\t\t\t\t\t<div class=\"featurebox_inner\">\r\n\t\t\t\t\t\t\t\t<div class=\"feature_box flip_box front\">\r\n\t\t\t\t\t\t\t\t\t<img loading=\"lazy\" decoding=\"async\" width=\"215\" height=\"264\" src=\"https:\/\/centreest.ca\/accueil\/wp-content\/uploads\/2025\/12\/MariePierre-215x264.png\" class=\"attachment-enginerrs-215-264 size-enginerrs-215-264 wp-post-image\" alt=\"\" srcset=\"https:\/\/centreest.ca\/accueil\/wp-content\/uploads\/2025\/12\/MariePierre-215x264.png 215w, https:\/\/centreest.ca\/accueil\/wp-content\/uploads\/2025\/12\/MariePierre-264x325.png 264w\" sizes=\"auto, (max-width: 215px) 100vw, 215px\" \/>\t\t\t\t\t\t\t\t<\/div>\r\n\t\t\t\t\t\t\t\t\t\t\t\t\t\t\t<\/div>\r\n\t\t\t\t\t\t<\/div>\r\n\t\t\t\t\t\t<div class=\"enginerr-item\">\r\n\t\t\t\t\t\t\t<h2>MariePierre Lalonde<\/h2>\t\t\t\t\t\t\t\t\t\t\t\t\t\t\t<p>Coordonnatrice des programmes d&#039;AGJE<\/p>\r\n\t\t\t\t\t\t\t\t\t\t\t\t\t\t\t\t<a href=\"mailto:mplalonde@centreest.ca\">\r\n\t\t\t\t\t\t\t\t\tmplalonde@centreest.ca\t\t\t\t\t\t\t\t<\/a>\r\n\t\t\t\t\t\t\t\t\t\t\t\t\t\t<\/div>\r\n\t\t\t\t\t<\/div>\r\n\t\t\t\t\t\t\t\t\t\t<div class=\"col-md-4 col-sm-4 col-xs-3 q_team enginerr-content\">\r\n\t\t\t\t\t\t<div class=\"feature_box_block no_flip\">\r\n\t\t\t\t\t\t\t<div class=\"featurebox_inner\">\r\n\t\t\t\t\t\t\t\t<div class=\"feature_box flip_box front\">\r\n\t\t\t\t\t\t\t\t\t<img loading=\"lazy\" decoding=\"async\" width=\"215\" height=\"264\" src=\"https:\/\/centreest.ca\/accueil\/wp-content\/uploads\/2025\/12\/Sylvie-215x264.png\" class=\"attachment-enginerrs-215-264 size-enginerrs-215-264 wp-post-image\" alt=\"\" srcset=\"https:\/\/centreest.ca\/accueil\/wp-content\/uploads\/2025\/12\/Sylvie-215x264.png 215w, https:\/\/centreest.ca\/accueil\/wp-content\/uploads\/2025\/12\/Sylvie-264x325.png 264w\" sizes=\"auto, (max-width: 215px) 100vw, 215px\" \/>\t\t\t\t\t\t\t\t<\/div>\r\n\t\t\t\t\t\t\t\t\t\t\t\t\t\t\t<\/div>\r\n\t\t\t\t\t\t<\/div>\r\n\t\t\t\t\t\t<div class=\"enginerr-item\">\r\n\t\t\t\t\t\t\t<h2>Sylvie Dumont<\/h2>\t\t\t\t\t\t\t\t\t\t\t\t\t\t\t<p>Conseill\u00e8re en techno-p\u00e9dagogie<\/p>\r\n\t\t\t\t\t\t\t\t\t\t\t\t\t\t\t\t<a href=\"mailto:sdumont@centreest.ca\">\r\n\t\t\t\t\t\t\t\t\tsdumont@centreest.ca\t\t\t\t\t\t\t\t<\/a>\r\n\t\t\t\t\t\t\t\t\t\t\t\t\t\t<\/div>\r\n\t\t\t\t\t<\/div>\r\n\t\t\t\t\t\t\t\t\t\t<div class=\"col-md-4 col-sm-4 col-xs-3 q_team enginerr-content\">\r\n\t\t\t\t\t\t<div class=\"feature_box_block no_flip\">\r\n\t\t\t\t\t\t\t<div class=\"featurebox_inner\">\r\n\t\t\t\t\t\t\t\t<div class=\"feature_box flip_box front\">\r\n\t\t\t\t\t\t\t\t\t<img loading=\"lazy\" decoding=\"async\" width=\"215\" height=\"264\" src=\"https:\/\/centreest.ca\/accueil\/wp-content\/uploads\/2024\/09\/Julie-min-215x264.jpg\" class=\"attachment-enginerrs-215-264 size-enginerrs-215-264 wp-post-image\" alt=\"\" srcset=\"https:\/\/centreest.ca\/accueil\/wp-content\/uploads\/2024\/09\/Julie-min-215x264.jpg 215w, https:\/\/centreest.ca\/accueil\/wp-content\/uploads\/2024\/09\/Julie-min-264x325.jpg 264w\" sizes=\"auto, (max-width: 215px) 100vw, 215px\" \/>\t\t\t\t\t\t\t\t<\/div>\r\n\t\t\t\t\t\t\t\t\t\t\t\t\t\t\t<\/div>\r\n\t\t\t\t\t\t<\/div>\r\n\t\t\t\t\t\t<div class=\"enginerr-item\">\r\n\t\t\t\t\t\t\t<h2>Julie Bouchard<\/h2>\t\t\t\t\t\t\t\t\t\t\t\t\t\t\t<p>Psychologue scolaire<\/p>\r\n\t\t\t\t\t\t\t\t\t\t\t\t\t\t\t\t<a href=\"mailto:jbouchard@centreest.ca\">\r\n\t\t\t\t\t\t\t\t\tjbouchard@centreest.ca\t\t\t\t\t\t\t\t<\/a>\r\n\t\t\t\t\t\t\t\t\t\t\t\t\t\t<\/div>\r\n\t\t\t\t\t<\/div>\r\n\t\t\t\t\t\t\t\r\n\t\t\t<\/div>\r\n\t\t<\/div>\r\n\t<\/div>\r\n\t[vc_empty_space height=&#8221;62px&#8221;][vc_separator color=&#8221;green&#8221;][vc_empty_space][vc_empty_space height=&#8221;62px&#8221;][\/vc_column][\/vc_row][vc_row][vc_column][vc_column_text css=&#8221;&#8221;]<a href=\"https:\/\/centreest.ca\/accueil\/wp-content\/uploads\/2026\/01\/Organigramme-Fr-1.png\"><img loading=\"lazy\" decoding=\"async\" class=\"aligncenter wp-image-27952 size-full\" src=\"https:\/\/centreest.ca\/accueil\/wp-content\/uploads\/2026\/01\/Organigramme-Fr-1.png\" alt=\"\" width=\"2000\" height=\"1414\" srcset=\"https:\/\/centreest.ca\/accueil\/wp-content\/uploads\/2026\/01\/Organigramme-Fr-1.png 2000w, https:\/\/centreest.ca\/accueil\/wp-content\/uploads\/2026\/01\/Organigramme-Fr-1-300x212.png 300w, https:\/\/centreest.ca\/accueil\/wp-content\/uploads\/2026\/01\/Organigramme-Fr-1-1024x724.png 1024w, https:\/\/centreest.ca\/accueil\/wp-content\/uploads\/2026\/01\/Organigramme-Fr-1-768x543.png 768w, https:\/\/centreest.ca\/accueil\/wp-content\/uploads\/2026\/01\/Organigramme-Fr-1-1536x1086.png 1536w\" sizes=\"auto, (max-width: 2000px) 100vw, 2000px\" \/><\/a>[\/vc_column_text][\/vc_column][\/vc_row]<\/p>\n<\/div>","protected":false},"excerpt":{"rendered":"<p>[vc_row][vc_column width=&#8221;1\/4&#8243;][vc_wp_custommenu nav_menu=&#8221;98&#8243;][\/vc_column][vc_column width=&#8221;3\/4&#8243;][vc_empty_space height=&#8221;62px&#8221;][vc_separator color=&#8221;green&#8221;][vc_empty_space][vc_empty_space height=&#8221;62px&#8221;][\/vc_column][\/vc_row][vc_row][vc_column][vc_column_text css=&#8221;&#8221;][\/vc_column_text][\/vc_column][\/vc_row]<\/p>\n","protected":false},"author":1,"featured_media":0,"parent":0,"menu_order":0,"comment_status":"closed","ping_status":"closed","template":"","meta":{"footnotes":""},"class_list":["post-170","page","type-page","status-publish","hentry","has-post-thumbnail"],"_links":{"self":[{"href":"https:\/\/centreest.ca\/accueil\/wp-json\/wp\/v2\/pages\/170","targetHints":{"allow":["GET"]}}],"collection":[{"href":"https:\/\/centreest.ca\/accueil\/wp-json\/wp\/v2\/pages"}],"about":[{"href":"https:\/\/centreest.ca\/accueil\/wp-json\/wp\/v2\/types\/page"}],"author":[{"embeddable":true,"href":"https:\/\/centreest.ca\/accueil\/wp-json\/wp\/v2\/users\/1"}],"replies":[{"embeddable":true,"href":"https:\/\/centreest.ca\/accueil\/wp-json\/wp\/v2\/comments?post=170"}],"version-history":[{"count":7,"href":"https:\/\/centreest.ca\/accueil\/wp-json\/wp\/v2\/pages\/170\/revisions"}],"predecessor-version":[{"id":27954,"href":"https:\/\/centreest.ca\/accueil\/wp-json\/wp\/v2\/pages\/170\/revisions\/27954"}],"wp:attachment":[{"href":"https:\/\/centreest.ca\/accueil\/wp-json\/wp\/v2\/media?parent=170"}],"curies":[{"name":"wp","href":"https:\/\/api.w.org\/{rel}","templated":true}]}}