{"id":15696,"date":"2020-04-11T00:33:12","date_gmt":"2020-04-11T06:33:12","guid":{"rendered":"https:\/\/centreest.ca\/accueil\/?page_id=15696"},"modified":"2026-03-17T09:36:47","modified_gmt":"2026-03-17T15:36:47","slug":"inscriptions","status":"publish","type":"page","link":"https:\/\/centreest.ca\/accueil\/inscriptions\/","title":{"rendered":"Inscriptions 2026-2027"},"content":{"rendered":"<div class=\"wpb-content-wrapper\"><p>[vc_row][vc_column][vc_column_text el_class=&#8221;registration-btn no-bottom-margin&#8221;]<a href=\"https:\/\/centreest.ca\/accueil\/formulaire-dinscription\/\">Remplir le formulaire en ligne<\/a>[\/vc_column_text][vc_empty_space][vc_empty_space][vc_column_text]<\/p>\n<h2>Crit\u00e8res d\u2019admissibilit\u00e9<\/h2>\n<p><b>Un \u00e9l\u00e8ve est \u00e9ligible \u00e0 l&#8217;enseignement en fran\u00e7ais s&#8217;il rencontre <u>au moins un<\/u>\u00a0des crit\u00e8res suivants :<\/b><\/p>\n<p>1. Le fran\u00e7ais est la langue maternelle, encore comprise, de l\u2019un ou l\u2019autre des parents.<br \/>\n2. Un des parents a re\u00e7u son instruction en fran\u00e7ais au Canada.<br \/>\n3. Un fr\u00e8re\/soeur re\u00e7oit ou a re\u00e7u son instruction en fran\u00e7ais au Canada.<\/p>\n<p><b>ADMISSIBILIT\u00c9 EXCEPTIONNELLE (SELON LA POLITIQUE DU CONSEIL)<br \/>\n<\/b><b>Un ou une \u00e9l\u00e8ve peut \u00eatre admis(e) selon les cat\u00e9gories suivantes.\u00a0<\/b><\/p>\n<ul>\n<li>Les parents\/grands-parents ont des racines francophones et d\u00e9sirent r\u00e9int\u00e9grer la culture et l\u2019identit\u00e9 francophone dans la vie de leurs enfants.<\/li>\n<li>Un des parents d\u00e9sire maintenir la comp\u00e9tence linguistique, l\u2019identit\u00e9 et l\u2019appartenance \u00e0 la culture fran\u00e7aise chez leurs enfants<br \/>\n(p. ex. : un immigrant ou r\u00e9sident permanent du Canada).<\/li>\n<li>Un enfant qui \u00e9tait inscrit \u00e0 un programme d\u2019immersion qui n\u2019est plus\/pas offert dans la communaut\u00e9 de l\u2019\u00e9cole francophone au sein du Conseil scolaire Centre-Est.<\/li>\n<\/ul>\n<p>[\/vc_column_text][vc_column_text]<\/p>\n<h2>Admission pr\u00e9maternelle et maternelle<\/h2>\n<p><b>Pr\u00e9maternelle :<\/b> votre enfant doit avoir 4 ans le 31 d\u00e9cembre de l\u2019ann\u00e9e en cours.<br \/>\n<b>Maternelle :<\/b> votre enfant doit avoir 5 ans le 31 d\u00e9cembre de l\u2019ann\u00e9e en cours.<br \/>\n<b>Garderie 3 ans (pr\u00e9mat matin et garderie pm) :<\/b> avoir 3 ans le 31 d\u00e9cembre de l&#8217;ann\u00e9e en cours, \u00eatre propre et fonctionnel dans un petit groupe.[\/vc_column_text][vc_column_text]<\/p>\n<h2>Formulaire<\/h2>\n<p><strong>Seul le parent \/ gardien \/ tuteur de l\u2019\u00e9l\u00e8ve ou l\u2019enfant peut s&#8217;inscrire au formulaire.<\/strong>[\/vc_column_text][vc_column_text]<\/p>\n<h2>Frais scolaires<\/h2>\n<p>Consultez les pages Web des \u00e9coles du Conseil scolaire Centre-Est pour connaitre les frais scolaires qui s&#8217;appliquent. Veuillez noter que le Centre-Est offre gratuitement le transport \u00e0 ses familles.<\/p>\n<h2>Paiement en ligne &#8211; School Cash<\/h2>\n<p>Nos \u00e9coles offrent maintenant l\u2019option <em>School Cash Online<\/em> qui vous permet de payer en ligne les activit\u00e9s scolaires comme les excursions, les cotisations \u00e0 des clubs, frais d\u2019\u00e9ducation physique et les v\u00eatements promotionnels.[\/vc_column_text][\/vc_column][\/vc_row][vc_row][vc_column][vc_empty_space][vc_empty_space][\/vc_column][\/vc_row]<\/p>\n<\/div>","protected":false},"excerpt":{"rendered":"<p>[vc_row][vc_column][vc_column_text el_class=&#8221;registration-btn no-bottom-margin&#8221;]Remplir le formulaire en ligne[\/vc_column_text][vc_empty_space][vc_empty_space][vc_column_text] Crit\u00e8res d\u2019admissibilit\u00e9 Un \u00e9l\u00e8ve est \u00e9ligible \u00e0 l&#8217;enseignement en fran\u00e7ais s&#8217;il rencontre au moins un\u00a0des crit\u00e8res suivants : 1. Le fran\u00e7ais est la [&hellip;]<\/p>\n","protected":false},"author":1,"featured_media":0,"parent":0,"menu_order":0,"comment_status":"closed","ping_status":"closed","template":"","meta":{"footnotes":""},"class_list":["post-15696","page","type-page","status-publish","hentry"],"_links":{"self":[{"href":"https:\/\/centreest.ca\/accueil\/wp-json\/wp\/v2\/pages\/15696","targetHints":{"allow":["GET"]}}],"collection":[{"href":"https:\/\/centreest.ca\/accueil\/wp-json\/wp\/v2\/pages"}],"about":[{"href":"https:\/\/centreest.ca\/accueil\/wp-json\/wp\/v2\/types\/page"}],"author":[{"embeddable":true,"href":"https:\/\/centreest.ca\/accueil\/wp-json\/wp\/v2\/users\/1"}],"replies":[{"embeddable":true,"href":"https:\/\/centreest.ca\/accueil\/wp-json\/wp\/v2\/comments?post=15696"}],"version-history":[{"count":7,"href":"https:\/\/centreest.ca\/accueil\/wp-json\/wp\/v2\/pages\/15696\/revisions"}],"predecessor-version":[{"id":28354,"href":"https:\/\/centreest.ca\/accueil\/wp-json\/wp\/v2\/pages\/15696\/revisions\/28354"}],"wp:attachment":[{"href":"https:\/\/centreest.ca\/accueil\/wp-json\/wp\/v2\/media?parent=15696"}],"curies":[{"name":"wp","href":"https:\/\/api.w.org\/{rel}","templated":true}]}}