{"id":147,"date":"2016-09-21T16:59:18","date_gmt":"2016-09-21T16:59:18","guid":{"rendered":"http:\/\/onistaweb.com\/demo\/wp\/csce\/?page_id=147&#038;lang=fr"},"modified":"2026-04-07T10:45:22","modified_gmt":"2026-04-07T16:45:22","slug":"trouver-un-evenement","status":"publish","type":"page","link":"https:\/\/centreest.ca\/accueil\/trouver-un-evenement\/","title":{"rendered":"Calendriers scolaires"},"content":{"rendered":"<div class=\"wpb-content-wrapper\"><p>[vc_row][vc_column width=&#8221;1\/4&#8243;][vc_wp_custommenu nav_menu=&#8221;99&#8243;][\/vc_column][vc_column width=&#8221;3\/4&#8243;][vc_column_text]<\/p>\n<h2><\/h2>\n<h2><img loading=\"lazy\" decoding=\"async\" class=\"alignright wp-image-506 size-full\" src=\"https:\/\/centreest.ca\/accueil\/wp-content\/uploads\/2016\/09\/home_image_ecoles.png\" alt=\"\" width=\"324\" height=\"313\" srcset=\"https:\/\/centreest.ca\/accueil\/wp-content\/uploads\/2016\/09\/home_image_ecoles.png 324w, https:\/\/centreest.ca\/accueil\/wp-content\/uploads\/2016\/09\/home_image_ecoles-300x290.png 300w\" sizes=\"auto, (max-width: 324px) 100vw, 324px\" \/><span style=\"color: #98cc2c; font-family: 'Helvetica Neue';\">DE LA RENTR\u00c9E AUX VACANCES ESTIVALES!<\/span><\/h2>\n<p>&nbsp;<\/p>\n<p>&nbsp;<\/p>\n<p><strong>Le calendrier scolaire du Conseil est adopt\u00e9 au printemps chaque ann\u00e9e pour l\u2019ann\u00e9e scolaire suivante.<\/strong><\/p>\n<p>&nbsp;<\/p>\n<h4><\/h4>\n<p>[\/vc_column_text][\/vc_column][\/vc_row][vc_row][vc_column width=&#8221;1\/4&#8243;][\/vc_column][vc_column width=&#8221;3\/4&#8243;][vc_separator color=&#8221;green&#8221;][vc_column_text css=&#8221;&#8221;]<\/p>\n<h2>Calendriers 2026-2027<\/h2>\n<hr \/>\n<p><a href=\"https:\/\/centreest.ca\/accueil\/wp-content\/uploads\/2026\/03\/CSCE-Calendrier-scolaire-2026-2027.pdf\" target=\"_blank\" rel=\"noopener\">Calendrier scolaire 2026-2027: EDS, EBJ, EVO, EBL, ESC<\/a>[\/vc_column_text][\/vc_column][\/vc_row][vc_row][vc_column width=&#8221;1\/4&#8243;][\/vc_column][vc_column width=&#8221;3\/4&#8243;][vc_separator color=&#8221;green&#8221;][vc_column_text css=&#8221;&#8221;]<\/p>\n<h2>Calendriers 2025-2026<\/h2>\n<hr \/>\n<p><a href=\"https:\/\/centreest.ca\/accueil\/wp-content\/uploads\/2025\/12\/EDS-EBJ-EBL-ESC-EVO-2025-2026-Aprouve-NOV-2025.pdf\" target=\"_blank\" rel=\"noopener\">Calendrier scolaire 2025-2026: EDS, EBJ, EVO, EBL, ESC<\/a> (Amend\u00e9 novembre 2025)[\/vc_column_text][\/vc_column][\/vc_row][vc_row][vc_column width=&#8221;1\/4&#8243;][\/vc_column][vc_column width=&#8221;3\/4&#8243;][vc_separator color=&#8221;green&#8221;][vc_column_text css=&#8221;&#8221;]<\/p>\n<h2>Calendriers 2024-2025<\/h2>\n<hr \/>\n<p><a href=\"https:\/\/centreest.ca\/accueil\/wp-content\/uploads\/2024\/05\/EDS-Calendrier-2024-2025.pdf\" target=\"_blank\" rel=\"noopener\">\u00c9cole du Sommet<\/a><\/p>\n<p><a href=\"https:\/\/centreest.ca\/accueil\/wp-content\/uploads\/2024\/08\/Calendrier-EBJ-EBL-ESC-EVO-2024-25.pdf\" target=\"_blank\" rel=\"noopener\">\u00c9coles des Beaux-Lacs, Beaus\u00e9jour, Voyageur et Ste-Catherine<\/a>[\/vc_column_text][\/vc_column][\/vc_row][vc_row][vc_column width=&#8221;1\/4&#8243;][\/vc_column][vc_column width=&#8221;3\/4&#8243;][vc_separator color=&#8221;green&#8221;][vc_column_text]<\/p>\n<h2>Calendriers 2023-2024<\/h2>\n<hr \/>\n<p><a href=\"https:\/\/centreest.ca\/accueil\/wp-content\/uploads\/2023\/04\/Calendrier-Sommet-2023-2024.pdf\" target=\"_blank\" rel=\"noopener\">\u00c9cole du Sommet<\/a><\/p>\n<p><a href=\"https:\/\/centreest.ca\/accueil\/wp-content\/uploads\/2023\/04\/Calendrier-23-24-EBJEBLESCEVO-.pdf\" target=\"_blank\" rel=\"noopener\">\u00c9coles des Beaux-Lacs, Beaus\u00e9jour, Voyageur et Ste-Catherine<\/a><\/p>\n<p><a href=\"https:\/\/centreest.ca\/accueil\/wp-content\/uploads\/2023\/04\/CFED-2023-2024.pdf\" target=\"_blank\" rel=\"noopener\">CF\u00c9D<\/a>[\/vc_column_text][\/vc_column][\/vc_row][vc_row][vc_column width=&#8221;1\/4&#8243;][\/vc_column][vc_column width=&#8221;3\/4&#8243;][vc_separator color=&#8221;green&#8221;][vc_column_text]<\/p>\n<h2>Calendriers 2022-2023<\/h2>\n<hr \/>\n<p><a href=\"https:\/\/centreest.ca\/accueil\/wp-content\/uploads\/2022\/04\/EDS-2022-2023-APPROUVE.pdf\" target=\"_blank\" rel=\"noopener\">\u00c9cole du Sommet<\/a><\/p>\n<p><a href=\"https:\/\/centreest.ca\/accueil\/wp-content\/uploads\/2022\/04\/EBJ-EBL-ESC-EVO-2022-2023-APPROUVE.pdf\" target=\"_blank\" rel=\"noopener\">\u00c9coles des Beaux-Lacs, Beaus\u00e9jour, Voyageur et Ste-Catherine<\/a>[\/vc_column_text][\/vc_column][\/vc_row][vc_row][vc_column width=&#8221;1\/4&#8243;][\/vc_column][vc_column width=&#8221;3\/4&#8243;][vc_empty_space][vc_separator color=&#8221;green&#8221;][vc_empty_space][\/vc_column][\/vc_row]<\/p>\n<\/div>","protected":false},"excerpt":{"rendered":"<p>[vc_row][vc_column width=&#8221;1\/4&#8243;][vc_wp_custommenu nav_menu=&#8221;99&#8243;][\/vc_column][vc_column width=&#8221;3\/4&#8243;][vc_column_text] DE LA RENTR\u00c9E AUX VACANCES ESTIVALES! &nbsp; &nbsp; Le calendrier scolaire du Conseil est adopt\u00e9 au printemps chaque ann\u00e9e pour l\u2019ann\u00e9e scolaire suivante. &nbsp; [\/vc_column_text][\/vc_column][\/vc_row][vc_row][vc_column width=&#8221;1\/4&#8243;][\/vc_column][vc_column [&hellip;]<\/p>\n","protected":false},"author":1,"featured_media":0,"parent":0,"menu_order":0,"comment_status":"closed","ping_status":"closed","template":"","meta":{"footnotes":""},"class_list":["post-147","page","type-page","status-publish","hentry"],"_links":{"self":[{"href":"https:\/\/centreest.ca\/accueil\/wp-json\/wp\/v2\/pages\/147","targetHints":{"allow":["GET"]}}],"collection":[{"href":"https:\/\/centreest.ca\/accueil\/wp-json\/wp\/v2\/pages"}],"about":[{"href":"https:\/\/centreest.ca\/accueil\/wp-json\/wp\/v2\/types\/page"}],"author":[{"embeddable":true,"href":"https:\/\/centreest.ca\/accueil\/wp-json\/wp\/v2\/users\/1"}],"replies":[{"embeddable":true,"href":"https:\/\/centreest.ca\/accueil\/wp-json\/wp\/v2\/comments?post=147"}],"version-history":[{"count":5,"href":"https:\/\/centreest.ca\/accueil\/wp-json\/wp\/v2\/pages\/147\/revisions"}],"predecessor-version":[{"id":28543,"href":"https:\/\/centreest.ca\/accueil\/wp-json\/wp\/v2\/pages\/147\/revisions\/28543"}],"wp:attachment":[{"href":"https:\/\/centreest.ca\/accueil\/wp-json\/wp\/v2\/media?parent=147"}],"curies":[{"name":"wp","href":"https:\/\/api.w.org\/{rel}","templated":true}]}}