{"id":144,"date":"2016-09-21T16:55:18","date_gmt":"2016-09-21T16:55:18","guid":{"rendered":"http:\/\/onistaweb.com\/demo\/wp\/csce\/?page_id=144&#038;lang=fr"},"modified":"2026-03-17T09:55:07","modified_gmt":"2026-03-17T15:55:07","slug":"accueil","status":"publish","type":"page","link":"https:\/\/centreest.ca\/accueil\/","title":{"rendered":"Accueil"},"content":{"rendered":"<div class=\"wpb-content-wrapper\"><p>[vc_row][vc_column]\t<div class=\"about-section container-fluid\">\r\n\t\t<div class=\"container\">\r\n\t\t\t<div class=\"row\">\r\n\t\t\t\t<div class=\"col-md-5 col-sm-6 col-xs-12\">\r\n\t\t\t\t\t<img loading=\"lazy\" decoding=\"async\" width=\"102\" height=\"102\" src=\"https:\/\/centreest.ca\/accueil\/wp-content\/uploads\/2016\/09\/icon_logo-1.jpg\" class=\"attachment-enginerrs-102-102 size-enginerrs-102-102\" alt=\"\" \/><h2>Bienvenue au Conseil scolaire Centre-Est!<\/h2>\t\t\t\t<\/div>\r\n\t\t\t\t<div class=\"col-md-7 col-sn-6 col-xs-12\">\r\n\t\t\t\t\t<p>Ce qui nous distingue au Centre-Est, ce sont les ambitions que nous avons pour <strong>chacun de nos \u00e9l\u00e8ves<\/strong>. Dans nos \u00e9coles, l\u2019\u00e9l\u00e8ve sera fier de son h\u00e9ritage linguistique et culturel francophone, il pourra cheminer vers l\u2019atteinte de sa propre r\u00e9ussite, au d\u00e9veloppement de son plein potentiel, \u00e0 l\u2019acquisition et au maintien des comp\u00e9tences qui lui seront utiles dans un monde qui vit le changement \u00e0 une vitesse sans pr\u00e9c\u00e9dent.<\/p>\n<p>&nbsp;<\/p>\n<p>Nous sommes tr\u00e8s heureux de vous pr\u00e9senter notre tout nouveau site Web: une plateforme id\u00e9ale pour la diffusion de contenu et la valorisation de nos \u00e9coles, nos \u00e9l\u00e8ves, nos \u00e9quipes-\u00e9coles et nos communaut\u00e9s scolaires!<\/p>\n<p>&nbsp;<\/p>\n<p><strong>Bienvenue chez nous!\u00a0 \u00a0&#8211;\u00a0 \u00a0<a href=\"https:\/\/centreest.ca\/accueil\/travailler-chez-nous\/carrieres\/\">Travailler chez nous!<\/a><\/strong><\/p>\n\t\t\t\t<\/div>\r\n\t\t\t<\/div>\r\n\t\t<\/div>\r\n\t<\/div>\r\n\t[\/vc_column][\/vc_row][vc_row][vc_column]\t<div class=\"section-header-content container-fluid\">\r\n\t\t<div class=\"container\">\r\n\t\t\t\t\t\t\t\t<div class=\"section-title\">\r\n\t\t\t\t\t\t<div class=\"row\">\r\n\t\t\t\t\t\t\t\t\t\t\t\t\t\t<div class=\"col-md-8 col-sm-8 col-xs-7\">\r\n\t\t\t\t\t\t\t\t<h2>Nos \u00e9coles<\/h2><p>Le VRAI bilinguisme, c'est chez nous!<\/p>\n<p>Nous sommes fiers d\u2019offrir \u00e0 nos communaut\u00e9s :<\/p>\n<p>\u2022 une garderie (St-Paul)<br \/>\n\u2022 5 pr\u00e9maternelles (St-Paul, Bonnyville, Cold Lake, Lac La Biche et Plamondon)<br \/>\n\u2022 5 maternelles \u00e0 temps plein (St-Paul, Bonnyville, Cold Lake, Lac La Biche et Plamondon)<br \/>\n\u2022 4 \u00e9coles de la 1\u00e8re \u00e0 la 12e ann\u00e9e (St-Paul, Bonnyville, Cold Lake et Plamondon)<br \/>\n\u2022 une \u00e9cole de la 1\u00e8re \u00e0 la 6e ann\u00e9e (Lac La Biche)<\/p>\n\t\t\t\t\t\t\t\t<\/div>\r\n\t\t\t\t\t\t\t\t\t\t\t\t\t\t\t<div class=\"col-md-4 col-sm-4 col-xs-5 section-header-img\">\r\n\t\t\t\t\t\t\t\t\t<img loading=\"lazy\" decoding=\"async\" width=\"324\" height=\"313\" src=\"https:\/\/centreest.ca\/accueil\/wp-content\/uploads\/2016\/09\/home_image_ecoles.png\" class=\"attachment-enginerrs-324-313 size-enginerrs-324-313\" alt=\"\" srcset=\"https:\/\/centreest.ca\/accueil\/wp-content\/uploads\/2016\/09\/home_image_ecoles.png 324w, https:\/\/centreest.ca\/accueil\/wp-content\/uploads\/2016\/09\/home_image_ecoles-300x290.png 300w\" sizes=\"auto, (max-width: 324px) 100vw, 324px\" \/>\t\t\t\t\t\t\t\t<\/div>\r\n\t\t\t\t\t\t\t\t\t\r\n\t\t\t\t\t\t<\/div>\r\n\t\t\t\t\t<\/div>\r\n\t\t\t\t\t\t\t<\/div>\r\n\t<\/div>\r\n\t\t<div class=\"enginerr-section-one schoolbox container-fluid no-padding\" style='background-image: url(https:\/\/centreest.ca\/accueil\/wp-content\/uploads\/2016\/09\/patternCSCE2.png);'>\r\n\t\t<div class=\"container\">\r\n\t\t\t\t\t\t\t<div class=\"section-title\">\r\n\t\t\t\t\t<h2>D\u00e9couvrir nos \u00e9coles!<\/h2>\t\t\t\t\t\t\t\t\t<\/div>\r\n\t\t\t\t\t\t\t<div class=\"row\">\r\n\t\t\t\t\t\t\t\t\t<div class=\"col-md-3 col-sm-3 col-xs-4 enginerr-content\">\r\n\t\t\t\t\t\t<div class=\"boxinner\">\r\n\t\t\t\t\t\t\t\t\t\t\t\t\t\t\t<a target=\"blank\" href=\"http:\/\/centreest.ca\/sommet\/\">\r\n\t\t\t\t\t\t\t\t\t<img loading=\"lazy\" decoding=\"async\" width=\"264\" height=\"149\" src=\"https:\/\/centreest.ca\/accueil\/wp-content\/uploads\/2016\/09\/logo_ecoles_sommet-264x149.png\" class=\"attachment-enginerrs-264-149 size-enginerrs-264-149 wp-post-image\" alt=\"\" srcset=\"https:\/\/centreest.ca\/accueil\/wp-content\/uploads\/2016\/09\/logo_ecoles_sommet-264x149.png 264w, https:\/\/centreest.ca\/accueil\/wp-content\/uploads\/2016\/09\/logo_ecoles_sommet-300x169.png 300w, https:\/\/centreest.ca\/accueil\/wp-content\/uploads\/2016\/09\/logo_ecoles_sommet.png 530w\" sizes=\"auto, (max-width: 264px) 100vw, 264px\" \/>\t\t\t\t\t\t\t\t\t<div class=\"enginerr-item\">\r\n\t\t\t\t\t\t\t\t\t\t<div class=\"teambg\" style=\"background-color:#f37066\">\r\n\t\t\t\t\t\t\t\t\t\t\t<h2 style=\"color:#ffffff\">\u00c9cole du Sommet<\/h2>\r\n\t\t\t\t\t\t\t\t\t\t<\/div>\r\n\t\t\t\t\t\t\t\t\t<\/div>\r\n\t\t\t\t\t\t\t\t<\/a>\r\n\t\t\t\t\t\t\t\t\t\t\t\t\t\t<\/div>\r\n\t\t\t\t\t<\/div>\r\n\t\t\t\t\t\t\t\t\t\t<div class=\"col-md-3 col-sm-3 col-xs-4 enginerr-content\">\r\n\t\t\t\t\t\t<div class=\"boxinner\">\r\n\t\t\t\t\t\t\t\t\t\t\t\t\t\t\t<a target=\"blank\" href=\"http:\/\/centreest.ca\/beaux-lacs\/\">\r\n\t\t\t\t\t\t\t\t\t<img loading=\"lazy\" decoding=\"async\" width=\"264\" height=\"149\" src=\"https:\/\/centreest.ca\/accueil\/wp-content\/uploads\/2017\/08\/logo_ecoles_lacs-1-264x149.jpg\" class=\"attachment-enginerrs-264-149 size-enginerrs-264-149 wp-post-image\" alt=\"\" srcset=\"https:\/\/centreest.ca\/accueil\/wp-content\/uploads\/2017\/08\/logo_ecoles_lacs-1-264x149.jpg 264w, https:\/\/centreest.ca\/accueil\/wp-content\/uploads\/2017\/08\/logo_ecoles_lacs-1.jpg 265w\" sizes=\"auto, (max-width: 264px) 100vw, 264px\" \/>\t\t\t\t\t\t\t\t\t<div class=\"enginerr-item\">\r\n\t\t\t\t\t\t\t\t\t\t<div class=\"teambg\" style=\"background-color:#8158a4\">\r\n\t\t\t\t\t\t\t\t\t\t\t<h2 style=\"color:#ffffff\">\u00c9cole des beaux lacs<\/h2>\r\n\t\t\t\t\t\t\t\t\t\t<\/div>\r\n\t\t\t\t\t\t\t\t\t<\/div>\r\n\t\t\t\t\t\t\t\t<\/a>\r\n\t\t\t\t\t\t\t\t\t\t\t\t\t\t<\/div>\r\n\t\t\t\t\t<\/div>\r\n\t\t\t\t\t\t\t\t\t\t<div class=\"col-md-3 col-sm-3 col-xs-4 enginerr-content\">\r\n\t\t\t\t\t\t<div class=\"boxinner\">\r\n\t\t\t\t\t\t\t\t\t\t\t\t\t\t\t<a target=\"blank\" href=\"http:\/\/centreest.ca\/beausejour\/\">\r\n\t\t\t\t\t\t\t\t\t<img loading=\"lazy\" decoding=\"async\" width=\"264\" height=\"149\" src=\"https:\/\/centreest.ca\/accueil\/wp-content\/uploads\/2017\/08\/logo_ecoles_beausejour-1-264x149.jpg\" class=\"attachment-enginerrs-264-149 size-enginerrs-264-149 wp-post-image\" alt=\"\" srcset=\"https:\/\/centreest.ca\/accueil\/wp-content\/uploads\/2017\/08\/logo_ecoles_beausejour-1-264x149.jpg 264w, https:\/\/centreest.ca\/accueil\/wp-content\/uploads\/2017\/08\/logo_ecoles_beausejour-1.jpg 265w\" sizes=\"auto, (max-width: 264px) 100vw, 264px\" \/>\t\t\t\t\t\t\t\t\t<div class=\"enginerr-item\">\r\n\t\t\t\t\t\t\t\t\t\t<div class=\"teambg\" style=\"background-color:#ffc621\">\r\n\t\t\t\t\t\t\t\t\t\t\t<h2 style=\"color:#ffffff\">\u00c9cole Beaus\u00e9jour<\/h2>\r\n\t\t\t\t\t\t\t\t\t\t<\/div>\r\n\t\t\t\t\t\t\t\t\t<\/div>\r\n\t\t\t\t\t\t\t\t<\/a>\r\n\t\t\t\t\t\t\t\t\t\t\t\t\t\t<\/div>\r\n\t\t\t\t\t<\/div>\r\n\t\t\t\t\t\t\t\t\t\t<div class=\"col-md-3 col-sm-3 col-xs-4 enginerr-content\">\r\n\t\t\t\t\t\t<div class=\"boxinner\">\r\n\t\t\t\t\t\t\t\t\t\t\t\t\t\t\t<a target=\"blank\" href=\"http:\/\/centreest.ca\/voyageur\/\">\r\n\t\t\t\t\t\t\t\t\t<img loading=\"lazy\" decoding=\"async\" width=\"264\" height=\"149\" src=\"https:\/\/centreest.ca\/accueil\/wp-content\/uploads\/2017\/08\/logo_ecoles_voyageur-264x149.jpg\" class=\"attachment-enginerrs-264-149 size-enginerrs-264-149 wp-post-image\" alt=\"\" srcset=\"https:\/\/centreest.ca\/accueil\/wp-content\/uploads\/2017\/08\/logo_ecoles_voyageur-264x149.jpg 264w, https:\/\/centreest.ca\/accueil\/wp-content\/uploads\/2017\/08\/logo_ecoles_voyageur.jpg 265w\" sizes=\"auto, (max-width: 264px) 100vw, 264px\" \/>\t\t\t\t\t\t\t\t\t<div class=\"enginerr-item\">\r\n\t\t\t\t\t\t\t\t\t\t<div class=\"teambg\" style=\"background-color:#27aae1\">\r\n\t\t\t\t\t\t\t\t\t\t\t<h2 style=\"color:#ffffff\">\u00c9cole Voyageur<\/h2>\r\n\t\t\t\t\t\t\t\t\t\t<\/div>\r\n\t\t\t\t\t\t\t\t\t<\/div>\r\n\t\t\t\t\t\t\t\t<\/a>\r\n\t\t\t\t\t\t\t\t\t\t\t\t\t\t<\/div>\r\n\t\t\t\t\t<\/div>\r\n\t\t\t\t\t\t\t\t\t\t<div class=\"col-md-3 col-sm-3 col-xs-4 enginerr-content\">\r\n\t\t\t\t\t\t<div class=\"boxinner\">\r\n\t\t\t\t\t\t\t\t\t\t\t\t\t\t\t<a target=\"blank\" href=\"http:\/\/centreest.ca\/saintecatherine\/\">\r\n\t\t\t\t\t\t\t\t\t<img loading=\"lazy\" decoding=\"async\" width=\"264\" height=\"149\" src=\"https:\/\/centreest.ca\/accueil\/wp-content\/uploads\/2017\/08\/logo_ecoles_catherine-1-264x149.jpg\" class=\"attachment-enginerrs-264-149 size-enginerrs-264-149 wp-post-image\" alt=\"\" srcset=\"https:\/\/centreest.ca\/accueil\/wp-content\/uploads\/2017\/08\/logo_ecoles_catherine-1-264x149.jpg 264w, https:\/\/centreest.ca\/accueil\/wp-content\/uploads\/2017\/08\/logo_ecoles_catherine-1.jpg 265w\" sizes=\"auto, (max-width: 264px) 100vw, 264px\" \/>\t\t\t\t\t\t\t\t\t<div class=\"enginerr-item\">\r\n\t\t\t\t\t\t\t\t\t\t<div class=\"teambg\" style=\"background-color:#71b503\">\r\n\t\t\t\t\t\t\t\t\t\t\t<h2 style=\"color:#ffffff\">\u00c9cole Sainte-Catherine<\/h2>\r\n\t\t\t\t\t\t\t\t\t\t<\/div>\r\n\t\t\t\t\t\t\t\t\t<\/div>\r\n\t\t\t\t\t\t\t\t<\/a>\r\n\t\t\t\t\t\t\t\t\t\t\t\t\t\t<\/div>\r\n\t\t\t\t\t<\/div>\r\n\t\t\t\t\t\t\t\t\t\t<div class=\"col-md-3 col-sm-3 col-xs-4 enginerr-content\">\r\n\t\t\t\t\t\t<div class=\"boxinner\">\r\n\t\t\t\t\t\t\t\t\t\t\t\t\t\t\t<a target=\"blank\" href=\"http:\/\/garderielespetitsoursons.ca\/\" rel=\"noopener\">\r\n\t\t\t\t\t\t\t\t\t<img loading=\"lazy\" decoding=\"async\" width=\"264\" height=\"149\" src=\"https:\/\/centreest.ca\/accueil\/wp-content\/uploads\/2017\/08\/logo_ecoles_ours-264x149.jpg\" class=\"attachment-enginerrs-264-149 size-enginerrs-264-149 wp-post-image\" alt=\"\" srcset=\"https:\/\/centreest.ca\/accueil\/wp-content\/uploads\/2017\/08\/logo_ecoles_ours-264x149.jpg 264w, https:\/\/centreest.ca\/accueil\/wp-content\/uploads\/2017\/08\/logo_ecoles_ours.jpg 265w\" sizes=\"auto, (max-width: 264px) 100vw, 264px\" \/>\t\t\t\t\t\t\t\t\t<div class=\"enginerr-item\">\r\n\t\t\t\t\t\t\t\t\t\t<div class=\"teambg\" style=\"background-color:#d89000\">\r\n\t\t\t\t\t\t\t\t\t\t\t<h2 style=\"color:#ffffff\">Garderie les petits oursons<\/h2>\r\n\t\t\t\t\t\t\t\t\t\t<\/div>\r\n\t\t\t\t\t\t\t\t\t<\/div>\r\n\t\t\t\t\t\t\t\t<\/a>\r\n\t\t\t\t\t\t\t\t\t\t\t\t\t\t<\/div>\r\n\t\t\t\t\t<\/div>\r\n\t\t\t\t\t\t\t\r\n\t\t\t<\/div>\r\n\t\t\t\t\t<\/div>\r\n\t<\/div>\r\n\t\t<div class=\"content-section container-fluid\">\r\n\t\t<div class=\"container\">\r\n\t\t\t<div class=\"row\">\r\n\t\t\t\t<div class=\"col-md-9 col-sm-8 col-xs-12 content-block\">\r\n\t\t\t\t\t<div class=\"contenttitle\">\r\n\t\t\t\t\t\t<h2>L&#039;identit\u00e9 du Conseil<\/h2>\t\t\t\t\t<\/div>\r\n\t\t\t\t\t<div class=\"content-description\">\r\n\t\t\t\t\t\t<p><strong>Le tronc<\/strong> de l&#8217;arbre symbolise la croissance et l&#8217;ouverture que demande l&#8217;environnement dans lequel l&#8217;\u00e9l\u00e8ve \u00e9volue;<\/p>\n<p><strong>Les feuilles<\/strong> repr\u00e9sentent les trois secteurs de son entourage: la famille, l&#8217;\u00e9cole et la communaut\u00e9;<\/p>\n<p><strong>Les racines<\/strong>, c&#8217;est la stabilit\u00e9, l&#8217;ancrage d&#8217;une culture en pleine \u00e9volution; C&#8217;est le patrimoine francophone!<\/p>\n<p><em><strong>Un SLOGAN qui en dit long! Il t\u00e9moigne la richesse et la beaut\u00e9 de l&#8217;ancrage aux racines propres \u00e0 chacun et chacune permettant la r\u00e9alisation d&#8217;un avenir prometteur.<\/strong><\/em><\/p>\n\t\t\t\t\t<\/div>\r\n\t\t\t\t<\/div>\r\n\t\t\t\t<div class=\"col-md-3 col-sm-4 col-xs-12 content-buttons\">\r\n\t\t\t\t\t<a href=https:\/\/centreest.ca\/accueil\/inscriptions\/ title=\"Inscription\" class=\"button-one\">Inscription<\/a><a href=https:\/\/centreest.ca\/accueil\/a-lactualite\/ title=\"\u00c0 l&#039;actualit\u00e9\" class=\"button-two\">\u00c0 l&#039;actualit\u00e9<\/a>\t\t\t\t<\/div>\r\n\t\t\t<\/div>\r\n\t\t<\/div>\r\n\t<\/div>\r\n\t[\/vc_column][\/vc_row]<\/p>\n<\/div>","protected":false},"excerpt":{"rendered":"<p>[vc_row][vc_column][\/vc_column][\/vc_row][vc_row][vc_column][\/vc_column][\/vc_row]<\/p>\n","protected":false},"author":1,"featured_media":0,"parent":0,"menu_order":0,"comment_status":"closed","ping_status":"closed","template":"","meta":{"footnotes":""},"class_list":["post-144","page","type-page","status-publish","hentry","has-post-thumbnail"],"_links":{"self":[{"href":"https:\/\/centreest.ca\/accueil\/wp-json\/wp\/v2\/pages\/144","targetHints":{"allow":["GET"]}}],"collection":[{"href":"https:\/\/centreest.ca\/accueil\/wp-json\/wp\/v2\/pages"}],"about":[{"href":"https:\/\/centreest.ca\/accueil\/wp-json\/wp\/v2\/types\/page"}],"author":[{"embeddable":true,"href":"https:\/\/centreest.ca\/accueil\/wp-json\/wp\/v2\/users\/1"}],"replies":[{"embeddable":true,"href":"https:\/\/centreest.ca\/accueil\/wp-json\/wp\/v2\/comments?post=144"}],"version-history":[{"count":6,"href":"https:\/\/centreest.ca\/accueil\/wp-json\/wp\/v2\/pages\/144\/revisions"}],"predecessor-version":[{"id":26463,"href":"https:\/\/centreest.ca\/accueil\/wp-json\/wp\/v2\/pages\/144\/revisions\/26463"}],"wp:attachment":[{"href":"https:\/\/centreest.ca\/accueil\/wp-json\/wp\/v2\/media?parent=144"}],"curies":[{"name":"wp","href":"https:\/\/api.w.org\/{rel}","templated":true}]}}