{"id":1214,"date":"2017-09-04T21:55:55","date_gmt":"2017-09-04T21:55:55","guid":{"rendered":"https:\/\/centreest.ca\/accueil\/?page_id=1214"},"modified":"2024-05-31T13:10:17","modified_gmt":"2024-05-31T19:10:17","slug":"reports","status":"publish","type":"page","link":"https:\/\/centreest.ca\/accueil\/en\/about\/reports\/","title":{"rendered":"Plans and Reports"},"content":{"rendered":"<div class=\"wpb-content-wrapper\"><p>[vc_row][vc_column width=&#8221;1\/4&#8243;][vc_wp_custommenu nav_menu=&#8221;98&#8243;][\/vc_column][vc_column width=&#8221;3\/4&#8243;][vc_empty_space][vc_column_text]CSCE&#8217;s annual reports are available in this section. Select a document to see its full version.[\/vc_column_text][vc_column_text]<\/p>\n<h2><strong>School Year 2024-2025<\/strong><\/h2>\n<p>[\/vc_column_text][vc_tta_accordion][vc_tta_section title=&#8221;Annual reports&#8221; tab_id=&#8221;1680553139553-af033e31-bd48&#8243;][vc_column_text][\/vc_column_text][\/vc_tta_section][vc_tta_section title=&#8221;Summary Annual Education Results Report&#8221; tab_id=&#8221;1680553139582-bd70a06d-7e24&#8243;][vc_column_text][\/vc_column_text][\/vc_tta_section][vc_tta_section title=&#8221;Financial Statements&#8221; tab_id=&#8221;1680553139605-f5b755a9-6116&#8243;][vc_column_text]<a href=\"https:\/\/centreest.ca\/accueil\/wp-content\/uploads\/2024\/05\/Budget-Statement-of-Operations.pdf\" target=\"_blank\" rel=\"noopener\">Budget 2024-2025 &#8211; Summary<\/a>[\/vc_column_text][\/vc_tta_section][vc_tta_section title=&#8221;Infrastructure&#8221; tab_id=&#8221;1680553139626-e3d8ccc8-ae0f&#8221;][vc_column_text][\/vc_column_text][\/vc_tta_section][vc_tta_section title=&#8221;Education Plan&#8221; tab_id=&#8221;1680553139648-748e8593-b40f&#8221;][vc_column_text]<a href=\"https:\/\/centreest.ca\/accueil\/wp-content\/uploads\/2024\/05\/Plan-deducation-Vers-2025_2024-2025-v3-31-mai-2024.pdf\" target=\"_blank\" rel=\"noopener\">Education Plan 2024-2025<\/a>[\/vc_column_text][\/vc_tta_section][\/vc_tta_accordion][vc_column_text]<\/p>\n<h2><strong>School Year 2023-2024<\/strong><\/h2>\n<p>[\/vc_column_text][vc_tta_accordion][vc_tta_section title=&#8221;Annual reports&#8221; tab_id=&#8221;1717175250292-e26bd774-e25a&#8221;][vc_column_text][\/vc_column_text][\/vc_tta_section][vc_tta_section title=&#8221;Summary Annual Education Results Report&#8221; tab_id=&#8221;1717175250313-8ecea535-208a&#8221;][vc_column_text][\/vc_column_text][\/vc_tta_section][vc_tta_section title=&#8221;Financial Statements 2023-2024&#8243; tab_id=&#8221;1717175250330-e03ccd8c-e95f&#8221;][vc_column_text]<a href=\"https:\/\/centreest.ca\/accueil\/wp-content\/uploads\/2023\/06\/Sommaire-du-budget-23-24.pdf\" target=\"_blank\" rel=\"noopener\">Budget 2023-2024 &#8211; Summary<\/a>[\/vc_column_text][\/vc_tta_section][vc_tta_section title=&#8221;Infrastructure&#8221; tab_id=&#8221;1717175250350-c6ad9638-126f&#8221;][vc_column_text]<a href=\"https:\/\/centreest.ca\/accueil\/wp-content\/uploads\/2023\/09\/CSCE-3-Year-Capital-Plan-Sept.23.pdf\" target=\"_blank\" rel=\"noopener\">CSCE Three-Year Capital Plan &#8211; 2024-2027<\/a><\/p>\n<ul>\n<li><a href=\"https:\/\/centreest.ca\/accueil\/wp-content\/uploads\/2023\/04\/Annexes-Plan-capital-2024-2027.pdf\" target=\"_blank\" rel=\"noopener\">Capital Plan &#8211; Appendices 2024-2027<\/a><\/li>\n<li><a href=\"https:\/\/centreest.ca\/accueil\/wp-content\/uploads\/2023\/03\/Plan-Capital-BLIMS-23-24.pdf\" target=\"_blank\" rel=\"noopener\">Capital Plan-BLIMS-2023-2024<\/a><\/li>\n<\/ul>\n<p>[\/vc_column_text][\/vc_tta_section][vc_tta_section title=&#8221;Education Plan&#8221; tab_id=&#8221;1717175250370-23faf158-091a&#8221;][vc_column_text]<a href=\"https:\/\/centreest.ca\/accueil\/wp-content\/uploads\/2023\/08\/CSCE_Vers2023-2024-Version-Juin-23.pdf\" target=\"_blank\" rel=\"noopener\">Education Plan 2023-2024<\/a>[\/vc_column_text][\/vc_tta_section][\/vc_tta_accordion][vc_column_text]<\/p>\n<h2><strong>School Year 2022-2023<\/strong><\/h2>\n<p>[\/vc_column_text][vc_tta_accordion][vc_tta_section title=&#8221;Annual reports&#8221; tab_id=&#8221;1648857958726-af7624ca-5d01&#8243;][vc_column_text][\/vc_column_text][\/vc_tta_section][vc_tta_section title=&#8221;Summary Annual Education Results Report&#8221; tab_id=&#8221;1648857958830-6c7c5457-882d&#8221;][vc_column_text][\/vc_column_text][\/vc_tta_section][vc_tta_section title=&#8221;Financial Statements 2022-2023&#8243; tab_id=&#8221;1648857958930-9dc28b87-e432&#8243;][vc_column_text]<a href=\"https:\/\/centreest.ca\/accueil\/wp-content\/uploads\/2022\/05\/Budget-2022-2023.pdf\" target=\"_blank\" rel=\"noopener\">2022-2023 Budget<\/a>[\/vc_column_text][\/vc_tta_section][vc_tta_section title=&#8221;Infrastructure&#8221; tab_id=&#8221;1648857959028-354ce11c-8931&#8243;][vc_column_text]<a href=\"https:\/\/centreest.ca\/accueil\/wp-content\/uploads\/2022\/04\/CSCE-3-Year-Capital-Plan-2023-2026-1.pdf\" target=\"_blank\" rel=\"noopener\">CSCE Three-Year Capital Plan &#8211; 2023-2026<\/a><\/p>\n<ul>\n<li><a href=\"https:\/\/centreest.ca\/accueil\/wp-content\/uploads\/2023\/01\/Plan-Capital-BLIMS-22-23.pdf\" target=\"_blank\" rel=\"noopener\">Capital Plan-BLIMS-2022-2023<\/a><\/li>\n<\/ul>\n<p>[\/vc_column_text][\/vc_tta_section][vc_tta_section title=&#8221;Education Plan&#8221; tab_id=&#8221;1654027605483-b62acf40-fb66&#8243;][vc_column_text]<strong><a href=\"https:\/\/centreest.ca\/accueil\/wp-content\/uploads\/2022\/05\/CSCE_2022-2023_Final.pdf\" target=\"_blank\" rel=\"noopener\">Plan d&#8217;\u00e9ducation-<em>Vers 2025<\/em>-2022-2023 Priorities<\/a><\/strong>[\/vc_column_text][\/vc_tta_section][vc_tta_section title=&#8221;IMR&#8221; tab_id=&#8221;1654028036267-b30d2aea-5bb1&#8243;][vc_column_text]<a href=\"https:\/\/centreest.ca\/accueil\/wp-content\/uploads\/2022\/05\/Rapport-IMR-2019-2020-VFA.pdf\" target=\"_blank\" rel=\"noopener\">IMR Report 2019-2020<\/a>[\/vc_column_text][\/vc_tta_section][\/vc_tta_accordion][vc_column_text]<\/p>\n<h2><strong>School Year 2021-2022<\/strong><\/h2>\n<p>[\/vc_column_text][vc_tta_accordion][vc_tta_section title=&#8221;Annual reports&#8221; tab_id=&#8221;1582151063032-7d7ca666-3d85&#8243;][vc_column_text][\/vc_column_text][\/vc_tta_section][vc_tta_section title=&#8221;Annual Education Results Report&#8221; tab_id=&#8221;1675114654816-dc2796b1-6a75&#8243;][vc_column_text]<a href=\"https:\/\/centreest.ca\/accueil\/wp-content\/uploads\/2023\/02\/Rapport-RRAE-2021-2022.pdf\" target=\"_blank\" rel=\"noopener\">RRA\u00c9 2021-2022<\/a>[\/vc_column_text][\/vc_tta_section][vc_tta_section title=&#8221;Summary Annual Education Results Report&#8221; tab_id=&#8221;1494269818068-5ad1fef0-90cd&#8221;][vc_column_text]<a href=\"https:\/\/centreest.ca\/accueil\/wp-content\/uploads\/2023\/02\/Summary-RRAE-21-22.pdf\" target=\"_blank\" rel=\"noopener\">Summary &#8211; AERR 2021-2022<\/a>[\/vc_column_text][\/vc_tta_section][vc_tta_section title=&#8221;Financial Statements 2021-2022&#8243; tab_id=&#8221;1494269818044-e65c5b64-5114&#8243;][vc_column_text]<a href=\"https:\/\/centreest.ca\/accueil\/wp-content\/uploads\/2023\/01\/Etats-financiers-verifies-2021-2022.pdf\" target=\"_blank\" rel=\"noopener\">2021-2022 Financial Statement<\/a><\/p>\n<p><a href=\"https:\/\/centreest.ca\/accueil\/wp-content\/uploads\/2021\/06\/Budget-2022-Approuve.pdf\" target=\"_blank\" rel=\"noopener\">2021-2022 Budget<\/a>[\/vc_column_text][\/vc_tta_section][vc_tta_section title=&#8221;Infrastructure&#8221; tab_id=&#8221;1494278668697-2180a507-ba98&#8243;][vc_column_text]<a href=\"https:\/\/centreest.ca\/accueil\/wp-content\/uploads\/2021\/04\/2021-03-31-CSCCE-3-Year-Capital-Plan-2022-2025.pdf\" target=\"_blank\" rel=\"noopener\">Capital Plan 2022-2025<\/a><\/p>\n<p><a href=\"https:\/\/centreest.ca\/accueil\/wp-content\/uploads\/2021\/04\/2021-03-31-Pieces-jointes-au-Plan-Capital.pdf\" target=\"_blank\" rel=\"noopener\">Capital Plan 2022-2025 &#8211; Appendices<\/a><\/p>\n<p><a href=\"https:\/\/centreest.ca\/accueil\/wp-content\/uploads\/2021\/04\/Letter-2021-03-30-Year-Capital-Plan-2022-2025.pdf\" target=\"_blank\" rel=\"noopener\">Letter to Minister LaGrange<\/a><\/p>\n<p>[\/vc_column_text][\/vc_tta_section][\/vc_tta_accordion][vc_column_text]<\/p>\n<h2><strong>School Year 2020-2021<\/strong><\/h2>\n<p>[\/vc_column_text][vc_tta_accordion][vc_tta_section title=&#8221;Annual reports&#8221; tab_id=&#8221;1617723896312-710d54af-b3a8&#8243;][vc_column_text][\/vc_column_text][\/vc_tta_section][vc_tta_section title=&#8221;Summary Annual Education Results Report&#8221; tab_id=&#8221;1617723896388-c949685e-2fcc&#8221;][vc_column_text]<a href=\"https:\/\/centreest.ca\/accueil\/wp-content\/uploads\/2021\/11\/Rapport_mesures_assurance_qualite_CSCE_20_21.docx-2.pdf\" target=\"_blank\" rel=\"noopener\">RRA\u00c9 2020-2021<\/a><\/p>\n<p><a href=\"https:\/\/centreest.ca\/accueil\/wp-content\/uploads\/2020\/12\/Doc_Sommaire_EN.pdf\" target=\"_blank\" rel=\"noopener noreferrer\">Summary Annual Education Results Report 2019-2020<\/a><\/p>\n<p><a href=\"https:\/\/centreest.ca\/accueil\/wp-content\/uploads\/2020\/03\/CSCE_Somaire_EN_Final.pdf\" target=\"_blank\" rel=\"noopener noreferrer\">Summary Annual Education Results Report 2018-2019<\/a><\/p>\n<p><a href=\"https:\/\/centreest.ca\/accueil\/wp-content\/uploads\/2019\/03\/Summary_EN1.pdf\" target=\"_blank\" rel=\"noopener noreferrer\">AERR 2017-2018<\/a><\/p>\n<p><a href=\"https:\/\/centreest.ca\/accueil\/wp-content\/uploads\/2018\/01\/synthese_anglais_rrae.pdf\">RRA\u00c9 2016-2017<\/a><\/p>\n<p><a href=\"http:\/\/www.centreest.ca\/pdf\/rapports\/78\/sommaire_rrae_2015_2016_csce.pdf\" target=\"_blank\" rel=\"noopener noreferrer\">RRA\u00c9 2015-2016<\/a><\/p>\n<p><a href=\"https:\/\/indd.adobe.com\/view\/cb4f7041-99d5-4348-bd76-fdce130c0313\" target=\"_blank\" rel=\"noopener noreferrer\">RRA\u00c9 2014-2015<\/a><\/p>\n<p><a href=\"http:\/\/www.centreest.ca\/pdf\/rapports\/66\/documentFR.pdf\" target=\"_blank\" rel=\"noopener noreferrer\">RRA\u00c9 2013-2014<\/a><\/p>\n<p><a href=\"http:\/\/www.centreest.ca\/pdf\/rapports\/51\/synthese_rapport_2012_2013_low.pdf\" target=\"_blank\" rel=\"noopener noreferrer\">RRA\u00c9 2012-2013<\/a><\/p>\n<p><a href=\"http:\/\/www.centreest.ca\/pdf\/rapports\/50\/synthese_rapport181213_low.pdf\" target=\"_blank\" rel=\"noopener noreferrer\">RRA\u00c9 2011-2012<\/a>[\/vc_column_text][\/vc_tta_section][vc_tta_section title=&#8221;Financial Statements 2020-2021&#8243; tab_id=&#8221;1617723896461-3d02115f-4ad1&#8243;][vc_column_text]<a href=\"https:\/\/centreest.ca\/accueil\/wp-content\/uploads\/2021\/12\/AFS-20-21-approuve-et-signe.pdf\" target=\"_blank\" rel=\"noopener\">Financial Statements 2020-2021<\/a><\/p>\n<p><a href=\"https:\/\/centreest.ca\/accueil\/wp-content\/uploads\/2020\/11\/8060-BR-2021-Template.pdf\" target=\"_blank\" rel=\"noopener\">Budget 2020-2021<\/a>[\/vc_column_text][\/vc_tta_section][vc_tta_section title=&#8221;Infrastructure&#8221; tab_id=&#8221;1617723896546-e49e3235-a9a5&#8243;][vc_column_text]<a href=\"https:\/\/centreest.ca\/accueil\/wp-content\/uploads\/2020\/04\/Plan-capital-2020-2023.pdf\" target=\"_blank\" rel=\"noopener noreferrer\">Plan capital 2020-2023<\/a><\/p>\n<p>&nbsp;<\/p>\n<p>[\/vc_column_text][\/vc_tta_section][\/vc_tta_accordion][vc_column_text]<\/p>\n<h2><strong>School Year 2019-2020<\/strong><\/h2>\n<p>[\/vc_column_text][vc_tta_accordion][vc_tta_section title=&#8221;Annual reports&#8221; tab_id=&#8221;1617723728223-39c4422a-be63&#8243;][vc_column_text]<a href=\"https:\/\/centreest.ca\/accueil\/wp-content\/uploads\/2020\/12\/CSCE_rapport_2020.pdf\" target=\"_blank\" rel=\"noopener noreferrer\">Rapport annuel en \u00e9ducation (2019-2020)-Plan triennal (2020-2023)<\/a>[\/vc_column_text][\/vc_tta_section][vc_tta_section title=&#8221;Summary Annual Education Results Report&#8221; tab_id=&#8221;1617723728296-25bbc2ac-1fb0&#8243;][vc_column_text]<a href=\"https:\/\/centreest.ca\/accueil\/wp-content\/uploads\/2020\/12\/Doc_Sommaire_EN.pdf\" target=\"_blank\" rel=\"noopener noreferrer\">Summary Annual Education Results Report 2019-2020<\/a><\/p>\n<p>[\/vc_column_text][\/vc_tta_section][vc_tta_section title=&#8221;Financial Statements 2019-2020&#8243; tab_id=&#8221;1617723728364-ed391e36-df65&#8243;][vc_column_text]<a href=\"https:\/\/centreest.ca\/accueil\/wp-content\/uploads\/2020\/02\/Budget-2019-2020.pdf\" target=\"_blank\" rel=\"noopener noreferrer\">Budget 2019-2020<\/a><\/p>\n<p><a href=\"https:\/\/centreest.ca\/accueil\/wp-content\/uploads\/2020\/11\/AFS-1920-avec-signatures.pdf\" target=\"_blank\" rel=\"noopener noreferrer\">Financial Statements 2019-2020<\/a>[\/vc_column_text][\/vc_tta_section][vc_tta_section title=&#8221;Infrastructure&#8221; tab_id=&#8221;1617723728867-77ee77ca-463e&#8221;][vc_column_text]<a href=\"https:\/\/centreest.ca\/accueil\/wp-content\/uploads\/2020\/04\/Plan-capital-2020-2023.pdf\" target=\"_blank\" rel=\"noopener noreferrer\">Plan capital 2020-2023<\/a><\/p>\n<p><a href=\"https:\/\/centreest.ca\/accueil\/wp-content\/uploads\/2020\/02\/Plan-capital-2019-2022.pdf\" target=\"_blank\" rel=\"noopener noreferrer\">Plan capital 2019-2022<\/a><\/p>\n<p><a href=\"https:\/\/centreest.ca\/accueil\/wp-content\/uploads\/2017\/12\/capital_plan_2017_2020.pdf\" target=\"_blank\" rel=\"noopener noreferrer\">Plan capital 2017-2020<\/a><\/p>\n<p>[\/vc_column_text][\/vc_tta_section][vc_tta_section title=&#8221;PARSA&#8221; tab_id=&#8221;1617723728949-aff60b41-0550&#8243;][vc_column_text]<a href=\"http:\/\/www.centreest.ca\/pdf\/rapports\/35\/img-2060915-0001.pdf\" target=\"_blank\" rel=\"noopener noreferrer\">Rapport du PARSA<\/a>[\/vc_column_text][\/vc_tta_section][vc_tta_section title=&#8221;Classement des pilers de responsabilisation des Conseils scolaires &#8211; 2010 \u00e0 2016&#8243; tab_id=&#8221;1617723729027-dabee2d0-7e34&#8243;][vc_column_text]<a href=\"https:\/\/centreest.ca\/accueil\/wp-content\/uploads\/2018\/01\/Accountability_Pillar_Overall_Summary-1.pdf\">Rapport de classement piliers de responsabilisation<\/a><\/p>\n<p><em>Accountability Pillar Overall Summary<\/em>[\/vc_column_text][\/vc_tta_section][\/vc_tta_accordion][vc_empty_space height=&#8221;62px&#8221;][vc_column_text]<\/p>\n<h2><strong>Archives<\/strong><\/h2>\n<p>[\/vc_column_text][vc_tta_accordion][vc_tta_section title=&#8221;Annual Reports&#8221; tab_id=&#8221;1586276583386-9487ec88-7967&#8243;][vc_column_text]<a href=\"https:\/\/centreest.ca\/accueil\/wp-content\/uploads\/2018\/02\/8060_centre_est_combined_3_year_education_plan_and_aerr_nov_17.pdf\" target=\"_blank\" rel=\"noopener noreferrer\">Rapport annuel en \u00e9ducation (2016-2017) &#8211; Plan triennal (2017-2020)<\/a><\/p>\n<p><a href=\"http:\/\/www.centreest.ca\/pdf\/rapports\/76\/csce_rrae_2015_2016_plan_triennal_2017_2020.pdf\" target=\"_blank\" rel=\"noopener noreferrer\">Rapport annuel en \u00e9ducation (2015-2016) &#8211; Plan triennal (2016-2019)<\/a><\/p>\n<p><a href=\"http:\/\/www.centreest.ca\/pdf\/rapports\/69\/csce_rrae_2015_2016_plan_triennal_16_19.pdf\" target=\"_blank\" rel=\"noopener noreferrer\">Rapport annuel en \u00e9ducation (2014-2015) &#8211; Plan triennal (2015-2018)<\/a><\/p>\n<p><a href=\"http:\/\/www.centreest.ca\/pdf\/rapports\/65\/plan_triennal_rrae_14-17.pdf\" target=\"_blank\" rel=\"noopener noreferrer\">Rapport annuel en \u00e9ducation (2013-2014) &#8211; Plan triennal (2014-2017)<\/a><\/p>\n<p><a href=\"http:\/\/www.centreest.ca\/pdf\/rapports\/48\/rrae_12_13_plan_13_14_janvier_2014.pdf\" target=\"_blank\" rel=\"noopener noreferrer\">Rapport annuel en \u00e9ducation (2012-2013) &#8211; Plan triennal (2013-2016)<\/a><\/p>\n<p><a href=\"http:\/\/www.centreest.ca\/pdf\/rapports\/36\/rrae_11_12_1.pdf\" target=\"_blank\" rel=\"noopener noreferrer\">Rapport annuel en \u00e9ducation (2011-2012) &#8211; Plan triennal (2012-2015)<\/a><\/p>\n<p><a href=\"http:\/\/www.centreest.ca\/pdf\/rapports\/1\/plan_triannelcsce10-14revise(3)1.pdf\" target=\"_blank\" rel=\"noopener noreferrer\">Rapport annuel en \u00e9ducation (2010-2011) &#8211; Plan triennal (2011-2014)<\/a><\/p>\n<p><a href=\"http:\/\/www.centreest.ca\/pdf\/rapports\/4\/plantrienal-2010-2013(2)4.pdf\" target=\"_blank\" rel=\"noopener noreferrer\">Rapport annuel en \u00e9ducation (2009-2010) &#8211; Plan triennal (2010-2013)<\/a>[\/vc_column_text][\/vc_tta_section][vc_tta_section title=&#8221;Financial Statements&#8221; tab_id=&#8221;1586276583361-61524b00-fce3&#8243;][vc_column_text]<strong>2018-2019<\/strong><\/p>\n<p><a href=\"https:\/\/centreest.ca\/accueil\/wp-content\/uploads\/2020\/02\/\u00c9tats-financiers-v\u00e9rifi\u00e9s-2018-2019.pdf\" target=\"_blank\" rel=\"noopener noreferrer\">Financial Statements 2018-2019<\/a><\/p>\n<p><strong>2017-2018<\/strong><\/p>\n<p><a href=\"https:\/\/centreest.ca\/accueil\/wp-content\/uploads\/2017\/12\/budget_2017_2018.pdf\" target=\"_blank\" rel=\"noopener noreferrer\">Budget 2017-2018<\/a><\/p>\n<p><strong>2016-2017<\/strong><\/p>\n<p><a href=\"http:\/\/www.centreest.ca\/pdf\/rapports\/75\/csce_east_central_francophone_education_regionno3_2016_2017.pdf\" target=\"_blank\" rel=\"noopener noreferrer\">Budget 2016-2017<\/a><\/p>\n<p><a href=\"https:\/\/centreest.ca\/accueil\/wp-content\/uploads\/2017\/12\/2017_afs_east_central.pdf\" target=\"_blank\" rel=\"noopener noreferrer\">\u00c9tats financiers v\u00e9rifi\u00e9s 2016-2017<\/a><\/p>\n<p><strong>2015-2016<\/strong><\/p>\n<p><a href=\"http:\/\/www.centreest.ca\/pdf\/rapports\/67\/budget_2015_2016.pdf\" target=\"_blank\" rel=\"noopener noreferrer\">Budget 2015-2016<\/a><\/p>\n<p><a href=\"http:\/\/www.centreest.ca\/pdf\/rapports\/73\/2016_afs_east_central.pdf\" target=\"_blank\" rel=\"noopener noreferrer\">\u00c9tats financiers v\u00e9rifi\u00e9s 2015-2016<\/a><\/p>\n<p><strong>2014-2015<\/strong><\/p>\n<p><a href=\"http:\/\/www.centreest.ca\/pdf\/rapports\/53\/budget_final_2014_2015.pdf\" target=\"_blank\" rel=\"noopener noreferrer\">Budget 2014-2015<\/a><\/p>\n<p><a href=\"http:\/\/www.centreest.ca\/pdf\/rapports\/68\/etats_financiers_verifies.pdf\" target=\"_blank\" rel=\"noopener noreferrer\">\u00c9tats financiers v\u00e9rifi\u00e9s 2014-2015<\/a><\/p>\n<p><strong>\u00a02013-2014<\/strong><\/p>\n<p><a href=\"http:\/\/www.centreest.ca\/pdf\/rapports\/44\/mise_a_jour_budget_2013_2014.pdf\" target=\"_blank\" rel=\"noopener noreferrer\">Budget 2013-2014 : Mise \u00e0 jour<\/a><\/p>\n<p><a href=\"http:\/\/www.centreest.ca\/pdf\/rapports\/52\/etats_financiers_verifies_2013_2014.pdf\" target=\"_blank\" rel=\"noopener noreferrer\">\u00c9tats financiers v\u00e9rifi\u00e9s 2013-2014<\/a><\/p>\n<p><strong>\u00a02012-2013<\/strong><\/p>\n<p><a href=\"http:\/\/www.centreest.ca\/pdf\/rapports\/22\/budget02.pdf\" target=\"_blank\" rel=\"noopener noreferrer\">Budget 2012-2013<\/a><\/p>\n<p><a href=\"http:\/\/www.centreest.ca\/pdf\/rapports\/45\/etats_financiers_verifies_2012-2013.pdf\" target=\"_blank\" rel=\"noopener noreferrer\">\u00c9tats financiers v\u00e9rifi\u00e9s 2012-2013<\/a><\/p>\n<p><strong>\u00a02011-2012<\/strong><\/p>\n<p><a href=\"http:\/\/www.centreest.ca\/pdf\/rapports\/2\/mise_a_jour_budget.pdf\" target=\"_blank\" rel=\"noopener noreferrer\">Budget 2011-2012<\/a><\/p>\n<p><a href=\"http:\/\/www.centreest.ca\/pdf\/rapports\/41\/annexes_connexes_non_verifiees_1.pdf\" target=\"_blank\" rel=\"noopener noreferrer\">Annexes connexes non v\u00e9rifi\u00e9es 2011-2012 &#8211; Schedule A<\/a><\/p>\n<p><a href=\"http:\/\/www.centreest.ca\/pdf\/rapports\/42\/annexes_connexes_non_verifiees_2.pdf\" target=\"_blank\" rel=\"noopener noreferrer\">Annexes connexes non v\u00e9rifi\u00e9es 2011-2012 &#8211; Schedule B<\/a><\/p>\n<p><a href=\"http:\/\/www.centreest.ca\/pdf\/rapports\/34\/afs_2012_conseil.pdf\" target=\"_blank\" rel=\"noopener noreferrer\">\u00c9tats financiers v\u00e9rifi\u00e9s 2011-2012<\/a><\/p>\n<p>&nbsp;<\/p>\n<p><strong>\u00c9tats financiers 2010-2011<\/strong><\/p>\n<p><a href=\"http:\/\/www.centreest.ca\/pdf\/rapports\/11\/budget-5.pdf\" target=\"_blank\" rel=\"noopener noreferrer\">Budget 2010-2011<\/a><\/p>\n<p><a href=\"http:\/\/www.centreest.ca\/pdf\/rapports\/29\/etat_financier2011n.pdf\" target=\"_blank\" rel=\"noopener noreferrer\">\u00c9tats financiers v\u00e9rifi\u00e9s 2010-2011<\/a><\/p>\n<p><a href=\"http:\/\/www.centreest.ca\/pdf\/rapports\/23\/cedules_non-verifies_2011.pdf\" target=\"_blank\" rel=\"noopener noreferrer\">C\u00e9dules non-v\u00e9rifi\u00e9es 2010-2011<\/a><\/p>\n<p>&nbsp;<\/p>\n<p><strong>\u00c9tats financiers 2009-2010<\/strong><\/p>\n<p><a href=\"http:\/\/www.centreest.ca\/pdf\/rapports\/8\/rapports_financiers_verifiers.pdf\" target=\"_blank\" rel=\"noopener noreferrer\">\u00c9tats financiers v\u00e9rifi\u00e9s 2009-2010<\/a><\/p>\n<p><a href=\"http:\/\/www.centreest.ca\/pdf\/rapports\/25\/cedules_non_verifiees.pdf\" target=\"_blank\" rel=\"noopener noreferrer\">C\u00e9dules non-v\u00e9rifi\u00e9es 2009-2010<\/a>[\/vc_column_text][\/vc_tta_section][vc_tta_section title=&#8221;Summary Annual Education Results Report&#8221; tab_id=&#8221;1617826544489-497ea0e1-89c2&#8243;][vc_column_text]<a href=\"https:\/\/centreest.ca\/accueil\/wp-content\/uploads\/2020\/03\/CSCE_Somaire_EN_Final.pdf\" target=\"_blank\" rel=\"noopener noreferrer\">Summary Annual Education Results Report 2018-2019<\/a><\/p>\n<p><a href=\"https:\/\/centreest.ca\/accueil\/wp-content\/uploads\/2019\/03\/Summary_EN1.pdf\" target=\"_blank\" rel=\"noopener noreferrer\">AERR 2017-2018<\/a><\/p>\n<p><a href=\"https:\/\/centreest.ca\/accueil\/wp-content\/uploads\/2018\/01\/synthese_anglais_rrae.pdf\">RRA\u00c9 2016-2017<\/a><\/p>\n<p><a href=\"http:\/\/www.centreest.ca\/pdf\/rapports\/78\/sommaire_rrae_2015_2016_csce.pdf\" target=\"_blank\" rel=\"noopener noreferrer\">RRA\u00c9 2015-2016<\/a><\/p>\n<p><a href=\"https:\/\/indd.adobe.com\/view\/cb4f7041-99d5-4348-bd76-fdce130c0313\" target=\"_blank\" rel=\"noopener noreferrer\">RRA\u00c9 2014-2015<\/a><\/p>\n<p><a href=\"http:\/\/www.centreest.ca\/pdf\/rapports\/66\/documentFR.pdf\" target=\"_blank\" rel=\"noopener noreferrer\">RRA\u00c9 2013-2014<\/a><\/p>\n<p><a href=\"http:\/\/www.centreest.ca\/pdf\/rapports\/51\/synthese_rapport_2012_2013_low.pdf\" target=\"_blank\" rel=\"noopener noreferrer\">RRA\u00c9 2012-2013<\/a><\/p>\n<p><a href=\"http:\/\/www.centreest.ca\/pdf\/rapports\/50\/synthese_rapport181213_low.pdf\" target=\"_blank\" rel=\"noopener noreferrer\">RRA\u00c9 2011-2012<\/a>[\/vc_column_text][\/vc_tta_section][vc_tta_section title=&#8221;Infrastructure&#8221; tab_id=&#8221;1617826607704-9288d99e-cbf8&#8243;][vc_column_text]<a href=\"http:\/\/www.centreest.ca\/pdf\/rapports\/54\/plan_capital_2015_2016.pdf\" target=\"_blank\" rel=\"noopener noreferrer\">Plan capital 2014-2015<\/a><\/p>\n<p><a href=\"http:\/\/www.centreest.ca\/pdf\/rapports\/46\/plan_capital_2013_2014.pdf\" target=\"_blank\" rel=\"noopener noreferrer\">Plan capital 2013-2014<\/a><\/p>\n<p><a href=\"http:\/\/www.centreest.ca\/pdf\/rapports\/47\/demande_modulaire_2013_2014.pdf\" target=\"_blank\" rel=\"noopener noreferrer\">Demande modulaire 2013-2014<\/a><\/p>\n<p><a href=\"http:\/\/www.centreest.ca\/pdf\/rapports\/27\/%20new_modular_request-1.pdf\" target=\"_blank\" rel=\"noopener noreferrer\">Demande modulaire 2012-2013<\/a><\/p>\n<p><a href=\"http:\/\/www.centreest.ca\/pdf\/rapports\/26\/plan_capital_2012_2013.pdf\" target=\"_blank\" rel=\"noopener noreferrer\">Plan capital 2012-2013<\/a>[\/vc_column_text][\/vc_tta_section][vc_tta_section title=&#8221;PARSA&#8221; tab_id=&#8221;1617826622789-859b2d14-103b&#8221;][\/vc_tta_section][\/vc_tta_accordion][\/vc_column][\/vc_row]<\/p>\n<\/div>","protected":false},"excerpt":{"rendered":"<p>[vc_row][vc_column width=&#8221;1\/4&#8243;][vc_wp_custommenu nav_menu=&#8221;98&#8243;][\/vc_column][vc_column width=&#8221;3\/4&#8243;][vc_empty_space][vc_column_text]CSCE&#8217;s annual reports are available in this section. Select a document to see its full version.[\/vc_column_text][vc_column_text] School Year 2024-2025 [\/vc_column_text][vc_tta_accordion][vc_tta_section title=&#8221;Annual reports&#8221; tab_id=&#8221;1680553139553-af033e31-bd48&#8243;][vc_column_text][\/vc_column_text][\/vc_tta_section][vc_tta_section title=&#8221;Summary Annual Education Results [&hellip;]<\/p>\n","protected":false},"author":1,"featured_media":0,"parent":9,"menu_order":0,"comment_status":"closed","ping_status":"closed","template":"","meta":{"footnotes":""},"class_list":["post-1214","page","type-page","status-publish","hentry"],"_links":{"self":[{"href":"https:\/\/centreest.ca\/accueil\/en\/wp-json\/wp\/v2\/pages\/1214","targetHints":{"allow":["GET"]}}],"collection":[{"href":"https:\/\/centreest.ca\/accueil\/en\/wp-json\/wp\/v2\/pages"}],"about":[{"href":"https:\/\/centreest.ca\/accueil\/en\/wp-json\/wp\/v2\/types\/page"}],"author":[{"embeddable":true,"href":"https:\/\/centreest.ca\/accueil\/en\/wp-json\/wp\/v2\/users\/1"}],"replies":[{"embeddable":true,"href":"https:\/\/centreest.ca\/accueil\/en\/wp-json\/wp\/v2\/comments?post=1214"}],"version-history":[{"count":7,"href":"https:\/\/centreest.ca\/accueil\/en\/wp-json\/wp\/v2\/pages\/1214\/revisions"}],"predecessor-version":[{"id":24528,"href":"https:\/\/centreest.ca\/accueil\/en\/wp-json\/wp\/v2\/pages\/1214\/revisions\/24528"}],"up":[{"embeddable":true,"href":"https:\/\/centreest.ca\/accueil\/en\/wp-json\/wp\/v2\/pages\/9"}],"wp:attachment":[{"href":"https:\/\/centreest.ca\/accueil\/en\/wp-json\/wp\/v2\/media?parent=1214"}],"curies":[{"name":"wp","href":"https:\/\/api.w.org\/{rel}","templated":true}]}}